{"id":4366,"date":"2025-11-10T14:31:43","date_gmt":"2025-11-10T14:31:43","guid":{"rendered":"https:\/\/hwb.thetechvillehub.com\/?page_id=4366"},"modified":"2026-04-02T16:51:20","modified_gmt":"2026-04-02T16:51:20","slug":"chor-gesang","status":"publish","type":"page","link":"https:\/\/hwb.thetechvillehub.com\/en\/chor-gesang\/","title":{"rendered":"Choir &amp; Singing"},"content":{"rendered":"<div data-elementor-type=\"wp-page\" data-elementor-id=\"4366\" class=\"elementor elementor-4366\" data-elementor-post-type=\"page\">\n\t\t\t\t\t\t<section class=\"elementor-section elementor-top-section elementor-element elementor-element-435d7c0 elementor-section-height-min-height elementor-section-boxed elementor-section-height-default elementor-section-items-middle qodef-elementor-content-no\" data-id=\"435d7c0\" data-element_type=\"section\" data-e-type=\"section\" data-settings=\"{&quot;background_background&quot;:&quot;classic&quot;}\">\n\t\t\t\t\t\t<div class=\"elementor-container elementor-column-gap-default\">\n\t\t\t\t\t<div class=\"elementor-column elementor-col-100 elementor-top-column elementor-element elementor-element-8fdb9b0\" data-id=\"8fdb9b0\" data-element_type=\"column\" data-e-type=\"column\">\n\t\t\t<div class=\"elementor-widget-wrap elementor-element-populated\">\n\t\t\t\t\t\t<div class=\"elementor-element elementor-element-3a6b45d elementor-hidden-desktop elementor-hidden-tablet elementor-hidden-mobile elementor-widget elementor-widget-eael-breadcrumbs\" data-id=\"3a6b45d\" data-element_type=\"widget\" data-e-type=\"widget\" data-widget_type=\"eael-breadcrumbs.default\">\n\t\t\t\t<div class=\"elementor-widget-container\">\n\t\t\t\t\t\t\t<div class=\"eael-breadcrumbs\">\n\t\t\t<div class=\"eael-breadcrumbs__content\"><a href=\"https:\/\/hwb.thetechvillehub.com\/en\">Home<\/a> <span class=\"eael-breadcrumb-separator\">\/ Bildungsbereiche \/<\/span> <span class = \"eael-current\">Page<\/span><\/div>\t\t<\/div>\n\t\t\t\t\t\t<\/div>\n\t\t\t\t<\/div>\n\t\t\t\t<div class=\"elementor-element elementor-element-1a5e8c7 elementor-icon-list--layout-inline elementor-align-center elementor-list-item-link-full_width elementor-widget elementor-widget-icon-list\" data-id=\"1a5e8c7\" data-element_type=\"widget\" data-e-type=\"widget\" data-widget_type=\"icon-list.default\">\n\t\t\t\t\t\t\t<ul class=\"elementor-icon-list-items elementor-inline-items\">\n\t\t\t\t\t\t\t<li class=\"elementor-icon-list-item elementor-inline-item\">\n\t\t\t\t\t\t\t\t\t\t\t<a href=\"https:\/\/hwb.thetechvillehub.com\/en\/\">\n\n\t\t\t\t\t\t\t\t\t\t\t<span class=\"elementor-icon-list-text\">Home<\/span>\n\t\t\t\t\t\t\t\t\t\t\t<\/a>\n\t\t\t\t\t\t\t\t\t<\/li>\n\t\t\t\t\t\t\t\t<li class=\"elementor-icon-list-item elementor-inline-item\">\n\t\t\t\t\t\t\t\t\t\t<span class=\"elementor-icon-list-text\">Lessons &amp; Training <\/span>\n\t\t\t\t\t\t\t\t\t<\/li>\n\t\t\t\t\t\t<\/ul>\n\t\t\t\t\t\t<\/div>\n\t\t\t\t<div class=\"elementor-element elementor-element-49af703 elementor-widget elementor-widget-heading\" data-id=\"49af703\" data-element_type=\"widget\" data-e-type=\"widget\" data-widget_type=\"heading.default\">\n\t\t\t\t\t<h2 class=\"elementor-heading-title elementor-size-default\">CHOIR &amp; VOCAL TRAINING<\/h2>\t\t\t\t<\/div>\n\t\t\t\t\t<\/div>\n\t\t<\/div>\n\t\t\t\t\t<\/div>\n\t\t<\/section>\n\t\t\t\t<section class=\"elementor-section elementor-top-section elementor-element elementor-element-e38d2ef qodef-elementor-content-grid elementor-section-boxed elementor-section-height-default elementor-section-height-default\" data-id=\"e38d2ef\" data-element_type=\"section\" data-e-type=\"section\">\n\t\t\t\t\t\t<div class=\"elementor-container elementor-column-gap-default\">\n\t\t\t\t\t<div class=\"elementor-column elementor-col-50 elementor-top-column elementor-element elementor-element-ffb9c07\" data-id=\"ffb9c07\" data-element_type=\"column\" data-e-type=\"column\" data-settings=\"{&quot;background_background&quot;:&quot;classic&quot;}\">\n\t\t\t<div class=\"elementor-widget-wrap elementor-element-populated\">\n\t\t\t\t\t\t<div class=\"elementor-element elementor-element-0cb00f8 elementor-widget elementor-widget-image\" data-id=\"0cb00f8\" data-element_type=\"widget\" data-e-type=\"widget\" data-widget_type=\"image.default\">\n\t\t\t\t\t\t\t\t\t\t\t\t\t\t\t<img fetchpriority=\"high\" decoding=\"async\" width=\"623\" height=\"415\" src=\"https:\/\/hwb.thetechvillehub.com\/wp-content\/uploads\/2025\/12\/Choir-Konzert-OTTO-BRAUN-SAAL-2019.jpg\" class=\"attachment-medium_large size-medium_large wp-image-5921\" alt=\"\" srcset=\"https:\/\/hwb.thetechvillehub.com\/wp-content\/uploads\/2025\/12\/Choir-Konzert-OTTO-BRAUN-SAAL-2019.jpg 623w, https:\/\/hwb.thetechvillehub.com\/wp-content\/uploads\/2025\/12\/Choir-Konzert-OTTO-BRAUN-SAAL-2019-300x200.jpg 300w\" sizes=\"(max-width: 623px) 100vw, 623px\" \/>\t\t\t\t\t\t\t\t\t\t\t\t\t\t\t<\/div>\n\t\t\t\t\t<\/div>\n\t\t<\/div>\n\t\t\t\t<div class=\"elementor-column elementor-col-50 elementor-top-column elementor-element elementor-element-5b3d7fc\" data-id=\"5b3d7fc\" data-element_type=\"column\" data-e-type=\"column\" data-settings=\"{&quot;background_background&quot;:&quot;classic&quot;}\">\n\t\t\t<div class=\"elementor-widget-wrap elementor-element-populated\">\n\t\t\t\t\t\t<div class=\"elementor-element elementor-element-67c57a7 elementor-widget elementor-widget-text-editor\" data-id=\"67c57a7\" data-element_type=\"widget\" data-e-type=\"widget\" data-widget_type=\"text-editor.default\">\n\t\t\t\t\t\t\t\t\t<h4>DEUTSCH-T\u00dcRKISCHE MUSIKAKADEMIE CHOIR<\/h4>\t\t\t\t\t\t\t\t<\/div>\n\t\t\t\t<div class=\"elementor-element elementor-element-204ad79 elementor-widget elementor-widget-text-editor\" data-id=\"204ad79\" data-element_type=\"widget\" data-e-type=\"widget\" data-widget_type=\"text-editor.default\">\n\t\t\t\t\t\t\t\t\t<p>The Choir of the Deutsch-T\u00fcrkische Music Academy is composed of adult female and male voices. Its repertoire includes both Anatolian folk music and classical Turkish music. Through vocal training, the choir works to perform the pieces authentically and at the highest level, and regularly gives concerts for this purpose.<\/p>\t\t\t\t\t\t\t\t<\/div>\n\t\t\t\t\t<\/div>\n\t\t<\/div>\n\t\t\t\t\t<\/div>\n\t\t<\/section>\n\t\t\t\t<section class=\"elementor-section elementor-top-section elementor-element elementor-element-0ba8104 qodef-elementor-content-grid elementor-section-boxed elementor-section-height-default elementor-section-height-default\" data-id=\"0ba8104\" data-element_type=\"section\" data-e-type=\"section\">\n\t\t\t\t\t\t<div class=\"elementor-container elementor-column-gap-default\">\n\t\t\t\t\t<div class=\"elementor-column elementor-col-50 elementor-top-column elementor-element elementor-element-acc0eed\" data-id=\"acc0eed\" data-element_type=\"column\" data-e-type=\"column\" data-settings=\"{&quot;background_background&quot;:&quot;classic&quot;}\">\n\t\t\t<div class=\"elementor-widget-wrap elementor-element-populated\">\n\t\t\t\t\t\t<div class=\"elementor-element elementor-element-ae0738c elementor-widget elementor-widget-text-editor\" data-id=\"ae0738c\" data-element_type=\"widget\" data-e-type=\"widget\" data-widget_type=\"text-editor.default\">\n\t\t\t\t\t\t\t\t\t<h4>Vocal Training<\/h4>\t\t\t\t\t\t\t\t<\/div>\n\t\t\t\t<div class=\"elementor-element elementor-element-120b14c elementor-widget elementor-widget-text-editor\" data-id=\"120b14c\" data-element_type=\"widget\" data-e-type=\"widget\" data-widget_type=\"text-editor.default\">\n\t\t\t\t\t\t\t\t\t<p class=\"p1\"><strong>Classical Singing<\/strong><\/p><p class=\"p1\">Learn the art of classical singing with personalized exercises and repertoire.<\/p><p class=\"p1\"><strong>Vocal Training for Adults<\/strong><\/p><p class=\"p1\">Improve your vocal health and technique \u2014 breathing, articulation, high and low range, etc<\/p><p class=\"p1\"><strong>\u201cWomen Sing\u201d \u2013 Vocal Training from Age 50<\/strong><\/p><p class=\"p1\">Keep your voice healthy and strong into old age. \u201cWomen Sing\u201d takes place in groups of 4 to 6\nparticipants and is offered for beginners and advanced learners. Reading music is not required.<\/p><p class=\"p1\"><strong>Vocal Training for Children<\/strong><\/p><p class=\"p1\">Individual and group lessons for up to 6 children aged 7 and older. Children learn to use their voice as an instrument in a playful way.<\/p>\t\t\t\t\t\t\t\t<\/div>\n\t\t\t\t\t<\/div>\n\t\t<\/div>\n\t\t\t\t<div class=\"elementor-column elementor-col-50 elementor-top-column elementor-element elementor-element-2e56e52\" data-id=\"2e56e52\" data-element_type=\"column\" data-e-type=\"column\" data-settings=\"{&quot;background_background&quot;:&quot;classic&quot;}\">\n\t\t\t<div class=\"elementor-widget-wrap elementor-element-populated\">\n\t\t\t\t\t\t<div class=\"elementor-element elementor-element-c566711 elementor-widget elementor-widget-image\" data-id=\"c566711\" data-element_type=\"widget\" data-e-type=\"widget\" data-widget_type=\"image.default\">\n\t\t\t\t\t\t\t\t\t\t\t\t\t\t\t<img decoding=\"async\" width=\"768\" height=\"588\" src=\"https:\/\/hwb.thetechvillehub.com\/wp-content\/uploads\/2025\/11\/class-img-2-768x588.webp\" class=\"attachment-medium_large size-medium_large wp-image-4368\" alt=\"\" srcset=\"https:\/\/hwb.thetechvillehub.com\/wp-content\/uploads\/2025\/11\/class-img-2-768x588.webp 768w, https:\/\/hwb.thetechvillehub.com\/wp-content\/uploads\/2025\/11\/class-img-2-300x230.webp 300w, https:\/\/hwb.thetechvillehub.com\/wp-content\/uploads\/2025\/11\/class-img-2.webp 800w\" sizes=\"(max-width: 768px) 100vw, 768px\" \/>\t\t\t\t\t\t\t\t\t\t\t\t\t\t\t<\/div>\n\t\t\t\t\t<\/div>\n\t\t<\/div>\n\t\t\t\t\t<\/div>\n\t\t<\/section>\n\t\t\t\t<\/div>","protected":false},"excerpt":{"rendered":"<p>Home \/ Bildungsbereiche \/ Page Startseite Bildungsbereiche CHOR &amp; GESANGSAUSBILDUNG CHOR DER DEUTSCH-T\u00dcRKISCHEN MUSIKAKADEMIE Der Chor der Deutsch-T\u00fcrkischen Musikakademie besteht aus erwachsenen Frauen- und M\u00e4nnerstimmen. Sein Repertoire umfasst sowohl anatolische Volksmusik als auch klassische t\u00fcrkische Musik. Durch die angebotene Gesangsausbildung arbeitet der Chor daran, die Werke originalgetreu und auf h\u00f6chstem Niveau aufzuf\u00fchren; zu diesem Zweck [&hellip;]<\/p>\n","protected":false},"author":1,"featured_media":0,"parent":0,"menu_order":0,"comment_status":"closed","ping_status":"closed","template":"page-full-width.php","meta":{"footnotes":""},"class_list":["post-4366","page","type-page","status-publish","hentry"],"_links":{"self":[{"href":"https:\/\/hwb.thetechvillehub.com\/en\/wp-json\/wp\/v2\/pages\/4366","targetHints":{"allow":["GET"]}}],"collection":[{"href":"https:\/\/hwb.thetechvillehub.com\/en\/wp-json\/wp\/v2\/pages"}],"about":[{"href":"https:\/\/hwb.thetechvillehub.com\/en\/wp-json\/wp\/v2\/types\/page"}],"author":[{"embeddable":true,"href":"https:\/\/hwb.thetechvillehub.com\/en\/wp-json\/wp\/v2\/users\/1"}],"replies":[{"embeddable":true,"href":"https:\/\/hwb.thetechvillehub.com\/en\/wp-json\/wp\/v2\/comments?post=4366"}],"version-history":[{"count":51,"href":"https:\/\/hwb.thetechvillehub.com\/en\/wp-json\/wp\/v2\/pages\/4366\/revisions"}],"predecessor-version":[{"id":7630,"href":"https:\/\/hwb.thetechvillehub.com\/en\/wp-json\/wp\/v2\/pages\/4366\/revisions\/7630"}],"wp:attachment":[{"href":"https:\/\/hwb.thetechvillehub.com\/en\/wp-json\/wp\/v2\/media?parent=4366"}],"curies":[{"name":"wp","href":"https:\/\/api.w.org\/{rel}","templated":true}]}}