{"id":4441,"date":"2025-11-17T10:42:12","date_gmt":"2025-11-17T10:42:12","guid":{"rendered":"https:\/\/hwb.thetechvillehub.com\/?page_id=4441"},"modified":"2025-12-22T20:14:03","modified_gmt":"2025-12-22T20:14:03","slug":"dozenten-aranxta-armentia","status":"publish","type":"page","link":"https:\/\/hwb.thetechvillehub.com\/en\/dozenten-aranxta-armentia\/","title":{"rendered":"dozenten-Aranxta Armentia"},"content":{"rendered":"<div data-elementor-type=\"wp-page\" data-elementor-id=\"4441\" class=\"elementor elementor-4441\" data-elementor-post-type=\"page\">\n\t\t\t\t\t\t<section class=\"elementor-section elementor-top-section elementor-element elementor-element-d62c380 elementor-section-full_width elementor-section-height-default elementor-section-height-default qodef-elementor-content-no\" data-id=\"d62c380\" data-element_type=\"section\" data-e-type=\"section\">\n\t\t\t\t\t\t<div class=\"elementor-container elementor-column-gap-default\">\n\t\t\t\t\t<div class=\"elementor-column elementor-col-33 elementor-top-column elementor-element elementor-element-f88c9a4 elementor-hidden-tablet elementor-hidden-mobile\" data-id=\"f88c9a4\" data-element_type=\"column\" data-e-type=\"column\" data-settings=\"{&quot;background_background&quot;:&quot;classic&quot;}\">\n\t\t\t<div class=\"elementor-widget-wrap elementor-element-populated\">\n\t\t\t\t\t<div class=\"elementor-background-overlay\"><\/div>\n\t\t\t\t\t\t<div class=\"elementor-element elementor-element-34d7b5e elementor-widget elementor-widget-spacer\" data-id=\"34d7b5e\" data-element_type=\"widget\" data-e-type=\"widget\" data-widget_type=\"spacer.default\">\n\t\t\t\t\t\t\t<div class=\"elementor-spacer\">\n\t\t\t<div class=\"elementor-spacer-inner\"><\/div>\n\t\t<\/div>\n\t\t\t\t\t\t<\/div>\n\t\t\t\t\t<\/div>\n\t\t<\/div>\n\t\t\t\t<div class=\"elementor-column elementor-col-33 elementor-top-column elementor-element elementor-element-8b496a6\" data-id=\"8b496a6\" data-element_type=\"column\" data-e-type=\"column\">\n\t\t\t<div class=\"elementor-widget-wrap elementor-element-populated\">\n\t\t\t\t\t\t<div class=\"elementor-element elementor-element-77ec771 elementor-widget elementor-widget-songbook_core_section_title\" data-id=\"77ec771\" data-element_type=\"widget\" data-e-type=\"widget\" data-widget_type=\"songbook_core_section_title.default\">\n\t\t\t\t<div class=\"elementor-widget-container\">\n\t\t\t\t\t<div class=\"qodef-shortcode qodef-m  qodef-section-title qodef-alignment--left\">\n\t\t\t<h1 class=\"qodef-m-title\" style=\"margin-top: 11px\">\n\t\t\t\t\tArantxa Armentia<br \/>\t\t\t<\/h1>\n\t\t<\/div>\t\t\t\t<\/div>\n\t\t\t\t<\/div>\n\t\t\t\t<div class=\"elementor-element elementor-element-f9f9f8a elementor-widget elementor-widget-text-editor\" data-id=\"f9f9f8a\" data-element_type=\"widget\" data-e-type=\"widget\" data-widget_type=\"text-editor.default\">\n\t\t\t\t\t\t\t\t\t<p class=\"translation-block\">Arantxa Armentia studied piano at the Real Conservatorio Superior de M\u00fasica in her hometown Madrid with Juli\u00e1n L\u00f3pez Gimeno and Marisa Villalba, and voice with Pedro Lavirgen. She continued her studies with Maria Venuti at the University of Music in Karlsruhe, Germany. From 1999 to 2006, she was a permanent member of the ensemble at the Landestheater Linz, where she appeared in roles such as Antonia, Mim\u00ec, Fiordiligi, Nedda, Rusalka, Marie (in The Bartered Bride), and Marguerite. From 2006 to 2012, she was a member of the ensemble at the Staatsoper Hannover, where she again performed roles such as Antonia, Fiordiligi, and Mim\u00ec, as well as Li\u00f9, Mica\u00ebla, Agaue in Henze\u2019s The Bassarids, Elettra in Idomeneo, the Countess in Mozart\u2019s Le nozze di Figaro, Freia, Helmwige, Fata Morgana (The Love for Three Oranges), Desdemona, and Alice in Verdi\u2019s Falstaff.<\/p><p>She has been a guest at major opera houses and festivals, including the Vienna State Opera, the Graz Opera, Teatro Real in Madrid, Teatro de la Maestranza in Seville, Gran Teatro de C\u00f3rdoba, Oper Frankfurt, Hamburg State Opera, the Ludwigsburg Castle Festival, the Slovenian National Theatre in Maribor, and the Odeon of Herodes Atticus at the Athens Festival. She has worked with numerous renowned conductors such as F. Garc\u00eda Navarro, Walter Weller, Michel Plasson, Dennis Russell Davies, Enoch zu Guttenberg, Leif Segerstam, Adam Fischer, Martin Haselb\u00f6ck, and Jes\u00fas L\u00f3pez Cobos, and with directors including Francisco Nieva, Gerd Heinz, Herbert Wernicke, Frank Hilbrich, Karoline Gruber, Tilmann Knabe, Philipp Himmelmann, and Barrie Kosky.<\/p><p>Arantxa Armentia gained her first teaching experience at the music school San Juan Bautista in Madrid, which she co-founded. There, she taught piano and early childhood music education. During her studies in Karlsruhe, she also worked as an assistant to Prof. Maria Venuti. In 2010 and 2012, she led interpretation courses for students from Yonsei University in Seoul, South Korea, who visited Staatsoper Hannover for three weeks each year. In October 2013, she taught at Yonsei University in Seoul. In April 2014, she completed her pedagogical training with the Vocal Pedagogy Certificate from the German Association of Voice Teachers (BDG). She is also engaged in vocal pedagogy through courses and workshops addressing vocal technique and related issues.<span class=\"Apple-converted-space\">\u00a0<\/span><\/p><p>As an active member of both the BDG and the Spanish Association of Voice Teachers (AEPC), she regularly participates in symposia and professional development programs. She holds the Master Certificate in Voice Therapy from the Schlaffhorst-Andersen Institute, as well as the certificate in \u201cIntegrative Voice Therapy using the Vocal Function Circle\u201d developed by Evemarie Haupt.<\/p><p>From 2014 to 2020, Arantxa Armentia was a voice teacher at the \u201cAlfred Wagner\u201d Music School in Suhl, Thuringia, where she taught amateur singers of all ages, launched new course formats such as Women Sing (designed for voices over 50), and organized an intergenerational musical theater production that brought together various departments of the school. She also supports the amateur choir Lied-Gut in Berlin-Wei\u00dfensee as a vocal\ncoach. At her vocal studio \u201cLALA\u201d <span style=\"font-family: inherit; font-size: inherit; font-style: inherit; letter-spacing: inherit; text-transform: inherit;\">in Berlin, she teaches both beginners and students preparing for entrance exams. Since autumn 2020, she has regularly given masterclasses for the WDR Children\u2019s Choir in Dortmund. In October 2020, she was appointed vocal instructor for music education students at the UdK Berlin.<\/span><\/p>\t\t\t\t\t\t\t\t<\/div>\n\t\t\t\t\t<\/div>\n\t\t<\/div>\n\t\t\t\t<div class=\"elementor-column elementor-col-33 elementor-top-column elementor-element elementor-element-60d3430\" data-id=\"60d3430\" data-element_type=\"column\" data-e-type=\"column\" data-settings=\"{&quot;background_background&quot;:&quot;classic&quot;}\">\n\t\t\t<div class=\"elementor-widget-wrap elementor-element-populated\">\n\t\t\t\t\t\t<div class=\"elementor-element elementor-element-1d24f0a elementor-widget elementor-widget-spacer\" data-id=\"1d24f0a\" data-element_type=\"widget\" data-e-type=\"widget\" data-widget_type=\"spacer.default\">\n\t\t\t\t\t\t\t<div class=\"elementor-spacer\">\n\t\t\t<div class=\"elementor-spacer-inner\"><\/div>\n\t\t<\/div>\n\t\t\t\t\t\t<\/div>\n\t\t\t\t\t<\/div>\n\t\t<\/div>\n\t\t\t\t\t<\/div>\n\t\t<\/section>\n\t\t\t\t<\/div>","protected":false},"excerpt":{"rendered":"<p>Arantxa Armentia Arantxa Armentia studierte in ihrer Heimatstadt Madrid am Real Conservatorio Superior de M\u00fasica bei Juli\u00e1n L\u00f3pez Gimeno und Marisa Villalba Klavier, bei Pedro Lavirgen Gesang. Sie setzte ihre Studien bei Maria Venuti an der Musikhochschule in Karlsruhe fort. Von 1999 bis 2006 war sie festes Mitglied im Ensemble des Landestheaters Linz, wo sie [&hellip;]<\/p>\n","protected":false},"author":1,"featured_media":0,"parent":0,"menu_order":0,"comment_status":"closed","ping_status":"closed","template":"page-full-width.php","meta":{"footnotes":""},"class_list":["post-4441","page","type-page","status-publish","hentry"],"_links":{"self":[{"href":"https:\/\/hwb.thetechvillehub.com\/en\/wp-json\/wp\/v2\/pages\/4441","targetHints":{"allow":["GET"]}}],"collection":[{"href":"https:\/\/hwb.thetechvillehub.com\/en\/wp-json\/wp\/v2\/pages"}],"about":[{"href":"https:\/\/hwb.thetechvillehub.com\/en\/wp-json\/wp\/v2\/types\/page"}],"author":[{"embeddable":true,"href":"https:\/\/hwb.thetechvillehub.com\/en\/wp-json\/wp\/v2\/users\/1"}],"replies":[{"embeddable":true,"href":"https:\/\/hwb.thetechvillehub.com\/en\/wp-json\/wp\/v2\/comments?post=4441"}],"version-history":[{"count":42,"href":"https:\/\/hwb.thetechvillehub.com\/en\/wp-json\/wp\/v2\/pages\/4441\/revisions"}],"predecessor-version":[{"id":6438,"href":"https:\/\/hwb.thetechvillehub.com\/en\/wp-json\/wp\/v2\/pages\/4441\/revisions\/6438"}],"wp:attachment":[{"href":"https:\/\/hwb.thetechvillehub.com\/en\/wp-json\/wp\/v2\/media?parent=4441"}],"curies":[{"name":"wp","href":"https:\/\/api.w.org\/{rel}","templated":true}]}}