{"id":4467,"date":"2025-11-17T13:11:20","date_gmt":"2025-11-17T13:11:20","guid":{"rendered":"https:\/\/hwb.thetechvillehub.com\/?page_id=4467"},"modified":"2025-12-08T14:00:22","modified_gmt":"2025-12-08T14:00:22","slug":"dozenten-kemal-zulal","status":"publish","type":"page","link":"https:\/\/hwb.thetechvillehub.com\/en\/dozenten-kemal-zulal\/","title":{"rendered":"dozenten-Kemal Zulal"},"content":{"rendered":"<div data-elementor-type=\"wp-page\" data-elementor-id=\"4467\" class=\"elementor elementor-4467\" data-elementor-post-type=\"page\">\n\t\t\t\t\t\t<section class=\"elementor-section elementor-top-section elementor-element elementor-element-d62c380 elementor-section-full_width elementor-section-height-default elementor-section-height-default qodef-elementor-content-no\" data-id=\"d62c380\" data-element_type=\"section\" data-e-type=\"section\">\n\t\t\t\t\t\t<div class=\"elementor-container elementor-column-gap-default\">\n\t\t\t\t\t<div class=\"elementor-column elementor-col-33 elementor-top-column elementor-element elementor-element-7ad80d2 elementor-hidden-tablet elementor-hidden-mobile\" data-id=\"7ad80d2\" data-element_type=\"column\" data-e-type=\"column\" data-settings=\"{&quot;background_background&quot;:&quot;classic&quot;}\">\n\t\t\t<div class=\"elementor-widget-wrap elementor-element-populated\">\n\t\t\t\t\t<div class=\"elementor-background-overlay\"><\/div>\n\t\t\t\t\t\t<div class=\"elementor-element elementor-element-4ae7b48 elementor-widget elementor-widget-spacer\" data-id=\"4ae7b48\" data-element_type=\"widget\" data-e-type=\"widget\" data-widget_type=\"spacer.default\">\n\t\t\t\t\t\t\t<div class=\"elementor-spacer\">\n\t\t\t<div class=\"elementor-spacer-inner\"><\/div>\n\t\t<\/div>\n\t\t\t\t\t\t<\/div>\n\t\t\t\t\t<\/div>\n\t\t<\/div>\n\t\t\t\t<div class=\"elementor-column elementor-col-33 elementor-top-column elementor-element elementor-element-8b496a6\" data-id=\"8b496a6\" data-element_type=\"column\" data-e-type=\"column\">\n\t\t\t<div class=\"elementor-widget-wrap elementor-element-populated\">\n\t\t\t\t\t\t<div class=\"elementor-element elementor-element-77ec771 elementor-widget elementor-widget-songbook_core_section_title\" data-id=\"77ec771\" data-element_type=\"widget\" data-e-type=\"widget\" data-widget_type=\"songbook_core_section_title.default\">\n\t\t\t\t<div class=\"elementor-widget-container\">\n\t\t\t\t\t<div class=\"qodef-shortcode qodef-m  qodef-section-title qodef-alignment--left\">\n\t\t\t<h1 class=\"qodef-m-title\" style=\"margin-top: 11px\">\n\t\t\t\t\tKEMAL Z\u00dcLAL<br \/>\t\t\t<\/h1>\n\t\t<\/div>\t\t\t\t<\/div>\n\t\t\t\t<\/div>\n\t\t\t\t<div class=\"elementor-element elementor-element-f9f9f8a elementor-widget elementor-widget-text-editor\" data-id=\"f9f9f8a\" data-element_type=\"widget\" data-e-type=\"widget\" data-widget_type=\"text-editor.default\">\n\t\t\t\t\t\t\t\t\t<p>Kemal Z\u00fclal was born in 1962 in Izmir. He completed his primary, middle, and high school education in Izmir. In the 1988\u20131989 academic year, he graduated from the Ege University State Turkish Music Conservatory. That same year, he began working as an artistic lecturer at the Gaziantep University State Turkish Music Conservatory. During his tenure there, he held various administrative roles such as Deputy Director of the Conservatory, Head of Department, and Head of Main Art Branch.<\/p><p>In the 1999\u20132000 academic year, he returned to his alma mater in Izmir as a lecturer, where he also served as Deputy Director, Assistant Department Head, and Head of Main Art Branch. He retired in 2020.<\/p><p>His musical journey began at the age of seven, when he met the renowned folk musician A\u015f\u0131k Mahsuni \u015eerif. Throughout his career, Yusuf Kemal Z\u00fclal has participated in and led various research projects, field studies, and musical initiatives. His work on Turkish folk music and traditions from the Gaziantep region contributed significantly to the preservation of regional crafts, music, and culture. He has taken part in numerous radio and TV programs, collaborated with the Turkish World Music Ensemble under the Ministry of Culture, and performed many concerts with them. Over the course of his career, he gave concerts both solo and with ensembles in Turkey and abroad, and participated in educational seminars and symposia. In the Izmir area, he has served as a cultural and arts advisor for many local governments and has pioneered efforts to promote music education through municipal institutions. He continues his musical and cultural work to this day.<\/p>\t\t\t\t\t\t\t\t<\/div>\n\t\t\t\t\t<\/div>\n\t\t<\/div>\n\t\t\t\t<div class=\"elementor-column elementor-col-33 elementor-top-column elementor-element elementor-element-60d3430\" data-id=\"60d3430\" data-element_type=\"column\" data-e-type=\"column\" data-settings=\"{&quot;background_background&quot;:&quot;classic&quot;}\">\n\t\t\t<div class=\"elementor-widget-wrap elementor-element-populated\">\n\t\t\t\t\t\t<div class=\"elementor-element elementor-element-1d24f0a elementor-widget elementor-widget-spacer\" data-id=\"1d24f0a\" data-element_type=\"widget\" data-e-type=\"widget\" data-widget_type=\"spacer.default\">\n\t\t\t\t\t\t\t<div class=\"elementor-spacer\">\n\t\t\t<div class=\"elementor-spacer-inner\"><\/div>\n\t\t<\/div>\n\t\t\t\t\t\t<\/div>\n\t\t\t\t\t<\/div>\n\t\t<\/div>\n\t\t\t\t\t<\/div>\n\t\t<\/section>\n\t\t\t\t<\/div>","protected":false},"excerpt":{"rendered":"<p>KEMAL Z\u00dcLAL Kemal Z\u00fclal wurde 1962 in Izmir geboren. Seine Grund-, Mittel- und Oberschulbildung absolvierte er in Izmir. Im Studienjahr 1988\u20131989 schloss er sein Studium am Staatlichen Konservatorium f\u00fcr T\u00fcrkische Musik der Universit\u00e4t Ege ab. Im selben Jahr begann er als k\u00fcnstlerischer Lehrbeauftragter am Staatlichen Konservatorium f\u00fcr T\u00fcrkische Musik der Universit\u00e4t Gaziantep zu arbeiten. W\u00e4hrend [&hellip;]<\/p>\n","protected":false},"author":1,"featured_media":0,"parent":0,"menu_order":0,"comment_status":"closed","ping_status":"closed","template":"page-full-width.php","meta":{"footnotes":""},"class_list":["post-4467","page","type-page","status-publish","hentry"],"_links":{"self":[{"href":"https:\/\/hwb.thetechvillehub.com\/en\/wp-json\/wp\/v2\/pages\/4467","targetHints":{"allow":["GET"]}}],"collection":[{"href":"https:\/\/hwb.thetechvillehub.com\/en\/wp-json\/wp\/v2\/pages"}],"about":[{"href":"https:\/\/hwb.thetechvillehub.com\/en\/wp-json\/wp\/v2\/types\/page"}],"author":[{"embeddable":true,"href":"https:\/\/hwb.thetechvillehub.com\/en\/wp-json\/wp\/v2\/users\/1"}],"replies":[{"embeddable":true,"href":"https:\/\/hwb.thetechvillehub.com\/en\/wp-json\/wp\/v2\/comments?post=4467"}],"version-history":[{"count":21,"href":"https:\/\/hwb.thetechvillehub.com\/en\/wp-json\/wp\/v2\/pages\/4467\/revisions"}],"predecessor-version":[{"id":6228,"href":"https:\/\/hwb.thetechvillehub.com\/en\/wp-json\/wp\/v2\/pages\/4467\/revisions\/6228"}],"wp:attachment":[{"href":"https:\/\/hwb.thetechvillehub.com\/en\/wp-json\/wp\/v2\/media?parent=4467"}],"curies":[{"name":"wp","href":"https:\/\/api.w.org\/{rel}","templated":true}]}}