{"id":4490,"date":"2025-11-17T13:25:18","date_gmt":"2025-11-17T13:25:18","guid":{"rendered":"https:\/\/hwb.thetechvillehub.com\/?page_id=4490"},"modified":"2025-11-26T00:04:01","modified_gmt":"2025-11-26T00:04:01","slug":"dozenten-prof-dr-hakan-cevher","status":"publish","type":"page","link":"https:\/\/hwb.thetechvillehub.com\/en\/dozenten-prof-dr-hakan-cevher\/","title":{"rendered":"dozenten-Prof. Dr. Hakan Cevher"},"content":{"rendered":"<div data-elementor-type=\"wp-page\" data-elementor-id=\"4490\" class=\"elementor elementor-4490\" data-elementor-post-type=\"page\">\n\t\t\t\t\t\t<section class=\"elementor-section elementor-top-section elementor-element elementor-element-d62c380 elementor-section-full_width elementor-section-height-default elementor-section-height-default qodef-elementor-content-no\" data-id=\"d62c380\" data-element_type=\"section\" data-e-type=\"section\">\n\t\t\t\t\t\t<div class=\"elementor-container elementor-column-gap-default\">\n\t\t\t\t\t<div class=\"elementor-column elementor-col-33 elementor-top-column elementor-element elementor-element-b1210be elementor-hidden-tablet elementor-hidden-mobile\" data-id=\"b1210be\" data-element_type=\"column\" data-e-type=\"column\" data-settings=\"{&quot;background_background&quot;:&quot;classic&quot;}\">\n\t\t\t<div class=\"elementor-widget-wrap elementor-element-populated\">\n\t\t\t\t\t<div class=\"elementor-background-overlay\"><\/div>\n\t\t\t\t\t\t<div class=\"elementor-element elementor-element-251ebf0 elementor-widget elementor-widget-spacer\" data-id=\"251ebf0\" data-element_type=\"widget\" data-e-type=\"widget\" data-widget_type=\"spacer.default\">\n\t\t\t\t\t\t\t<div class=\"elementor-spacer\">\n\t\t\t<div class=\"elementor-spacer-inner\"><\/div>\n\t\t<\/div>\n\t\t\t\t\t\t<\/div>\n\t\t\t\t\t<\/div>\n\t\t<\/div>\n\t\t\t\t<div class=\"elementor-column elementor-col-33 elementor-top-column elementor-element elementor-element-8b496a6\" data-id=\"8b496a6\" data-element_type=\"column\" data-e-type=\"column\">\n\t\t\t<div class=\"elementor-widget-wrap elementor-element-populated\">\n\t\t\t\t\t\t<div class=\"elementor-element elementor-element-77ec771 elementor-widget elementor-widget-songbook_core_section_title\" data-id=\"77ec771\" data-element_type=\"widget\" data-e-type=\"widget\" data-widget_type=\"songbook_core_section_title.default\">\n\t\t\t\t<div class=\"elementor-widget-container\">\n\t\t\t\t\t<div class=\"qodef-shortcode qodef-m  qodef-section-title qodef-alignment--left\">\n\t\t\t<h1 class=\"qodef-m-title\" style=\"margin-top: 11px\">\n\t\t\t\t\tProf. Dr.<br \/> Hakan Cevher\t\t\t<\/h1>\n\t\t<\/div>\t\t\t\t<\/div>\n\t\t\t\t<\/div>\n\t\t\t\t<div class=\"elementor-element elementor-element-f9f9f8a elementor-widget elementor-widget-text-editor\" data-id=\"f9f9f8a\" data-element_type=\"widget\" data-e-type=\"widget\" data-widget_type=\"text-editor.default\">\n\t\t\t\t\t\t\t\t\t<p>Prof. Dr. M. Hakan Cevher was accepted to the Ege University State Turkish Music Conservatory, Department of Basic Sciences in 1984 and graduated in 1989. In the same year, he was appointed as a Research Assistant at the school. In 1992, he completed his Master's degree with his thesis titled \"Tanburi Cemil Bey and Rehber-i Musiki\" and in 1995, he completed his PhD with his thesis titled \"Ali Ufki Bey and Haza Mecmua-i Saz \u00fc S\u00f6z (Transcription and Review)\".<\/p><p>He became Assistant Professor in 1997, Associate Professor in 1998 and Professor in 2005. He served as Conservatory Director, Head of Department and Head of the Main Art Branch. He studied Musical content at home and abroad and worked on Arabic, Persian and Turkish manuscripts. He gave talks at various international meetings on these subjects. He has 6 published books and many articles. He speaks English and French.<\/p>\t\t\t\t\t\t\t\t<\/div>\n\t\t\t\t\t<\/div>\n\t\t<\/div>\n\t\t\t\t<div class=\"elementor-column elementor-col-33 elementor-top-column elementor-element elementor-element-60d3430\" data-id=\"60d3430\" data-element_type=\"column\" data-e-type=\"column\" data-settings=\"{&quot;background_background&quot;:&quot;classic&quot;}\">\n\t\t\t<div class=\"elementor-widget-wrap elementor-element-populated\">\n\t\t\t\t\t\t<div class=\"elementor-element elementor-element-1d24f0a elementor-widget elementor-widget-spacer\" data-id=\"1d24f0a\" data-element_type=\"widget\" data-e-type=\"widget\" data-widget_type=\"spacer.default\">\n\t\t\t\t\t\t\t<div class=\"elementor-spacer\">\n\t\t\t<div class=\"elementor-spacer-inner\"><\/div>\n\t\t<\/div>\n\t\t\t\t\t\t<\/div>\n\t\t\t\t\t<\/div>\n\t\t<\/div>\n\t\t\t\t\t<\/div>\n\t\t<\/section>\n\t\t\t\t<\/div>","protected":false},"excerpt":{"rendered":"<p>Prof. Dr. Hakan Cevher Prof. Dr. M. Hakan Cevher wurde 1984 an das Staatliche T\u00fcrkische Musikkonservatorium der Universit\u00e4t Ege in die Abteilung f\u00fcr Grundlagenwissenschaften aufgenommen und schloss sein Studium 1989 ab. Im selben Jahr wurde er als wissenschaftlicher Mitarbeiter an der Hochschule angestellt. 1992 beendete er sein Masterstudium mit einer Arbeit \u00fcber \u201eTanburi Cemil Bey [&hellip;]<\/p>\n","protected":false},"author":1,"featured_media":0,"parent":0,"menu_order":0,"comment_status":"closed","ping_status":"closed","template":"page-full-width.php","meta":{"footnotes":""},"class_list":["post-4490","page","type-page","status-publish","hentry"],"_links":{"self":[{"href":"https:\/\/hwb.thetechvillehub.com\/en\/wp-json\/wp\/v2\/pages\/4490","targetHints":{"allow":["GET"]}}],"collection":[{"href":"https:\/\/hwb.thetechvillehub.com\/en\/wp-json\/wp\/v2\/pages"}],"about":[{"href":"https:\/\/hwb.thetechvillehub.com\/en\/wp-json\/wp\/v2\/types\/page"}],"author":[{"embeddable":true,"href":"https:\/\/hwb.thetechvillehub.com\/en\/wp-json\/wp\/v2\/users\/1"}],"replies":[{"embeddable":true,"href":"https:\/\/hwb.thetechvillehub.com\/en\/wp-json\/wp\/v2\/comments?post=4490"}],"version-history":[{"count":12,"href":"https:\/\/hwb.thetechvillehub.com\/en\/wp-json\/wp\/v2\/pages\/4490\/revisions"}],"predecessor-version":[{"id":5387,"href":"https:\/\/hwb.thetechvillehub.com\/en\/wp-json\/wp\/v2\/pages\/4490\/revisions\/5387"}],"wp:attachment":[{"href":"https:\/\/hwb.thetechvillehub.com\/en\/wp-json\/wp\/v2\/media?parent=4490"}],"curies":[{"name":"wp","href":"https:\/\/api.w.org\/{rel}","templated":true}]}}