{"id":4506,"date":"2025-11-17T14:00:51","date_gmt":"2025-11-17T14:00:51","guid":{"rendered":"https:\/\/hwb.thetechvillehub.com\/?page_id=4506"},"modified":"2026-04-05T20:33:21","modified_gmt":"2026-04-05T20:33:21","slug":"uber-uns","status":"publish","type":"page","link":"https:\/\/hwb.thetechvillehub.com\/en\/uber-uns\/","title":{"rendered":"Profile"},"content":{"rendered":"<div data-elementor-type=\"wp-page\" data-elementor-id=\"4506\" class=\"elementor elementor-4506\" data-elementor-post-type=\"page\">\n\t\t\t\t\t\t<section class=\"elementor-section elementor-top-section elementor-element elementor-element-aa4470e elementor-section-height-min-height elementor-section-boxed elementor-section-height-default elementor-section-items-middle qodef-elementor-content-no\" data-id=\"aa4470e\" data-element_type=\"section\" data-e-type=\"section\" data-settings=\"{&quot;background_background&quot;:&quot;classic&quot;}\">\n\t\t\t\t\t\t<div class=\"elementor-container elementor-column-gap-default\">\n\t\t\t\t\t<div class=\"elementor-column elementor-col-100 elementor-top-column elementor-element elementor-element-114fd96\" data-id=\"114fd96\" data-element_type=\"column\" data-e-type=\"column\">\n\t\t\t<div class=\"elementor-widget-wrap elementor-element-populated\">\n\t\t\t\t\t\t<div class=\"elementor-element elementor-element-d254ea2 elementor-hidden-desktop elementor-hidden-tablet elementor-hidden-mobile elementor-widget elementor-widget-eael-breadcrumbs\" data-id=\"d254ea2\" data-element_type=\"widget\" data-e-type=\"widget\" data-widget_type=\"eael-breadcrumbs.default\">\n\t\t\t\t<div class=\"elementor-widget-container\">\n\t\t\t\t\t\t\t<div class=\"eael-breadcrumbs\">\n\t\t\t<div class=\"eael-breadcrumbs__content\"><a href=\"https:\/\/hwb.thetechvillehub.com\/en\">Home<\/a> <span class=\"eael-breadcrumb-separator\">\/<\/span> <span class = \"eael-current\">Page<\/span><\/div>\t\t<\/div>\n\t\t\t\t\t\t<\/div>\n\t\t\t\t<\/div>\n\t\t\t\t<div class=\"elementor-element elementor-element-58b4832 elementor-icon-list--layout-inline elementor-align-center elementor-list-item-link-full_width elementor-widget elementor-widget-icon-list\" data-id=\"58b4832\" data-element_type=\"widget\" data-e-type=\"widget\" data-widget_type=\"icon-list.default\">\n\t\t\t\t\t\t\t<ul class=\"elementor-icon-list-items elementor-inline-items\">\n\t\t\t\t\t\t\t<li class=\"elementor-icon-list-item elementor-inline-item\">\n\t\t\t\t\t\t\t\t\t\t\t<a href=\"https:\/\/hwb.thetechvillehub.com\/en\/\">\n\n\t\t\t\t\t\t\t\t\t\t\t<span class=\"elementor-icon-list-text\">Home<\/span>\n\t\t\t\t\t\t\t\t\t\t\t<\/a>\n\t\t\t\t\t\t\t\t\t<\/li>\n\t\t\t\t\t\t\t\t<li class=\"elementor-icon-list-item elementor-inline-item\">\n\t\t\t\t\t\t\t\t\t\t<span class=\"elementor-icon-list-text\">About Us  <\/span>\n\t\t\t\t\t\t\t\t\t<\/li>\n\t\t\t\t\t\t<\/ul>\n\t\t\t\t\t\t<\/div>\n\t\t\t\t<div class=\"elementor-element elementor-element-eeea6c0 elementor-widget elementor-widget-heading\" data-id=\"eeea6c0\" data-element_type=\"widget\" data-e-type=\"widget\" data-widget_type=\"heading.default\">\n\t\t\t\t\t<h2 class=\"elementor-heading-title elementor-size-default\">Profile<\/h2>\t\t\t\t<\/div>\n\t\t\t\t\t<\/div>\n\t\t<\/div>\n\t\t\t\t\t<\/div>\n\t\t<\/section>\n\t\t\t\t<section class=\"elementor-section elementor-top-section elementor-element elementor-element-d5669b3 qodef-elementor-content-grid elementor-section-boxed elementor-section-height-default elementor-section-height-default\" data-id=\"d5669b3\" data-element_type=\"section\" data-e-type=\"section\">\n\t\t\t\t\t\t<div class=\"elementor-container elementor-column-gap-default\">\n\t\t\t\t\t<div class=\"elementor-column elementor-col-50 elementor-top-column elementor-element elementor-element-933bca1\" data-id=\"933bca1\" data-element_type=\"column\" data-e-type=\"column\" data-settings=\"{&quot;background_background&quot;:&quot;classic&quot;}\">\n\t\t\t<div class=\"elementor-widget-wrap elementor-element-populated\">\n\t\t\t\t\t\t<div class=\"elementor-element elementor-element-0e1c130 elementor-widget elementor-widget-songbook_core_section_title\" data-id=\"0e1c130\" data-element_type=\"widget\" data-e-type=\"widget\" data-widget_type=\"songbook_core_section_title.default\">\n\t\t\t\t<div class=\"elementor-widget-container\">\n\t\t\t\t\t<div class=\"qodef-shortcode qodef-m  qodef-section-title qodef-alignment--left\">\n\t\t\t<h3 class=\"qodef-m-title\" style=\"margin-top: 11px\">\n\t\t\t\t\tDEUTSCH-T\u00dcRKISCHE MUSIKAKADEMIE\t\t\t<\/h3>\n\t\t<\/div>\t\t\t\t<\/div>\n\t\t\t\t<\/div>\n\t\t\t\t<div class=\"elementor-element elementor-element-4eb0319 elementor-widget elementor-widget-text-editor\" data-id=\"4eb0319\" data-element_type=\"widget\" data-e-type=\"widget\" data-widget_type=\"text-editor.default\">\n\t\t\t\t\t\t\t\t\t<p class=\"translation-block\">Deutsch-T\u00fcrkische Musikakademie (DTM) is a non-profit educational institution dedicated to diverse cultural activities. Founded in 1998, it has developed into a platform for research, teaching, and publications aimed at promoting intercultural understanding in the field of music.<\/p><p>Since 2003, the DTM has been working in the spirit of mutual influence between European classical music and Turkish musical cultures. The foundations of this approach were already laid in 1828 with the appointment of Giuseppe Donizetti as General Music Director at the court of Constantinople. It was later further institutionalized through the contributions of Paul Hindemith and Carl Ebert in establishing the State Conservatory in Turkey in the 1930s.<\/p><p>The aim is to encourage a deeper engagement with different musical systems in order to promote mutual openness and understanding. The DTM addresses this goal through events, seminars, workshops, and particularly through concerts organized by its music school.<\/p><p>Collaboration with numerous European orchestras, choirs, and institutions has firmly strengthened the academy\u2019s reputation as a reliable cooperation partner. Qualified instructors, experienced musicians, and graduates of music universities ensure an effective educational program and facilitate students\u2019 introduction to both Anatolian and Western instruments. In addition to Turkish musical instruments, instruments from the Western musical tradition are also taught at the academy.<\/p>\t\t\t\t\t\t\t\t<\/div>\n\t\t\t\t\t<\/div>\n\t\t<\/div>\n\t\t\t\t<div class=\"elementor-column elementor-col-50 elementor-top-column elementor-element elementor-element-b5a208e\" data-id=\"b5a208e\" data-element_type=\"column\" data-e-type=\"column\" data-settings=\"{&quot;background_background&quot;:&quot;classic&quot;}\">\n\t\t\t<div class=\"elementor-widget-wrap elementor-element-populated\">\n\t\t\t\t\t\t<div class=\"elementor-element elementor-element-1521dce elementor-widget elementor-widget-image\" data-id=\"1521dce\" data-element_type=\"widget\" data-e-type=\"widget\" data-widget_type=\"image.default\">\n\t\t\t\t\t\t\t\t\t\t\t\t\t\t\t<img fetchpriority=\"high\" decoding=\"async\" width=\"2060\" height=\"2560\" src=\"https:\/\/hwb.thetechvillehub.com\/wp-content\/uploads\/2026\/03\/1-copy-scaled.jpg\" class=\"attachment-full size-full wp-image-6783\" alt=\"\" srcset=\"https:\/\/hwb.thetechvillehub.com\/wp-content\/uploads\/2026\/03\/1-copy-scaled.jpg 2060w, https:\/\/hwb.thetechvillehub.com\/wp-content\/uploads\/2026\/03\/1-copy-241x300.jpg 241w, https:\/\/hwb.thetechvillehub.com\/wp-content\/uploads\/2026\/03\/1-copy-824x1024.jpg 824w, https:\/\/hwb.thetechvillehub.com\/wp-content\/uploads\/2026\/03\/1-copy-768x954.jpg 768w, https:\/\/hwb.thetechvillehub.com\/wp-content\/uploads\/2026\/03\/1-copy-1236x1536.jpg 1236w, https:\/\/hwb.thetechvillehub.com\/wp-content\/uploads\/2026\/03\/1-copy-1648x2048.jpg 1648w, https:\/\/hwb.thetechvillehub.com\/wp-content\/uploads\/2026\/03\/1-copy-10x12.jpg 10w\" sizes=\"(max-width: 2060px) 100vw, 2060px\" \/>\t\t\t\t\t\t\t\t\t\t\t\t\t\t\t<\/div>\n\t\t\t\t\t<\/div>\n\t\t<\/div>\n\t\t\t\t\t<\/div>\n\t\t<\/section>\n\t\t\t\t<section class=\"elementor-section elementor-top-section elementor-element elementor-element-c4b2bce qodef-elementor-content-grid elementor-section-boxed elementor-section-height-default elementor-section-height-default\" data-id=\"c4b2bce\" data-element_type=\"section\" data-e-type=\"section\">\n\t\t\t\t\t\t<div class=\"elementor-container elementor-column-gap-default\">\n\t\t\t\t\t<div class=\"elementor-column elementor-col-50 elementor-top-column elementor-element elementor-element-6ee2193\" data-id=\"6ee2193\" data-element_type=\"column\" data-e-type=\"column\" data-settings=\"{&quot;background_background&quot;:&quot;classic&quot;}\">\n\t\t\t<div class=\"elementor-widget-wrap elementor-element-populated\">\n\t\t\t\t\t\t<div class=\"elementor-element elementor-element-0a51c36 elementor-widget elementor-widget-image\" data-id=\"0a51c36\" data-element_type=\"widget\" data-e-type=\"widget\" data-widget_type=\"image.default\">\n\t\t\t\t\t\t\t\t\t\t\t\t\t\t\t<img decoding=\"async\" src=\"https:\/\/hwb.thetechvillehub.com\/wp-content\/uploads\/elementor\/thumbs\/2-scaled-re97abzeno243u87tnp2p1cpkjidve1n4y80qw99p4.jpeg\" title=\"2\" alt=\"2\" loading=\"lazy\" \/>\t\t\t\t\t\t\t\t\t\t\t\t\t\t\t<\/div>\n\t\t\t\t\t<\/div>\n\t\t<\/div>\n\t\t\t\t<div class=\"elementor-column elementor-col-50 elementor-top-column elementor-element elementor-element-3b293de\" data-id=\"3b293de\" data-element_type=\"column\" data-e-type=\"column\" data-settings=\"{&quot;background_background&quot;:&quot;classic&quot;}\">\n\t\t\t<div class=\"elementor-widget-wrap elementor-element-populated\">\n\t\t\t\t\t\t<div class=\"elementor-element elementor-element-5e3c24e elementor-widget elementor-widget-songbook_core_section_title\" data-id=\"5e3c24e\" data-element_type=\"widget\" data-e-type=\"widget\" data-widget_type=\"songbook_core_section_title.default\">\n\t\t\t\t<div class=\"elementor-widget-container\">\n\t\t\t\t\t<div class=\"qodef-shortcode qodef-m  qodef-section-title qodef-alignment--left\">\n\t\t\t<h3 class=\"qodef-m-title\" style=\"margin-top: 11px\">\n\t\t\t\t\tIdentity and cultural diversity\t\t\t<\/h3>\n\t\t<\/div>\t\t\t\t<\/div>\n\t\t\t\t<\/div>\n\t\t\t\t<div class=\"elementor-element elementor-element-1c17d8b elementor-widget elementor-widget-text-editor\" data-id=\"1c17d8b\" data-element_type=\"widget\" data-e-type=\"widget\" data-widget_type=\"text-editor.default\">\n\t\t\t\t\t\t\t\t\t<p class=\"translation-block\">Musical education opens pathways for people of all backgrounds to meet and connect.\nThe Deutsch-T\u00fcrkische Musikakademie is not only an artistic project, but also an integrative and intercultural initiative.\nMany people of Turkish descent \u2013 especially those with a strong educational background \u2013 have a desire to learn the music of their homeland.<\/p><p>The DTM is a place for everyone who loves music and culture, regardless of age.\nMusic provides a foundation for understanding between nations and for appreciating diverse cultural identities.\nAt the heart of our work is instruction on classical instruments of European and Oriental art and folk music, including piano, ba\u011flama, violin, guitar, and kanun, as well as choir, singing and dance.<\/p>\t\t\t\t\t\t\t\t<\/div>\n\t\t\t\t\t<\/div>\n\t\t<\/div>\n\t\t\t\t\t<\/div>\n\t\t<\/section>\n\t\t\t\t<section class=\"elementor-section elementor-top-section elementor-element elementor-element-60fc326 qodef-elementor-content-grid elementor-section-boxed elementor-section-height-default elementor-section-height-default\" data-id=\"60fc326\" data-element_type=\"section\" data-e-type=\"section\">\n\t\t\t\t\t\t<div class=\"elementor-container elementor-column-gap-default\">\n\t\t\t\t\t<div class=\"elementor-column elementor-col-50 elementor-top-column elementor-element elementor-element-790d7b8\" data-id=\"790d7b8\" data-element_type=\"column\" data-e-type=\"column\" data-settings=\"{&quot;background_background&quot;:&quot;classic&quot;}\">\n\t\t\t<div class=\"elementor-widget-wrap elementor-element-populated\">\n\t\t\t\t\t\t<div class=\"elementor-element elementor-element-821add9 elementor-widget elementor-widget-songbook_core_section_title\" data-id=\"821add9\" data-element_type=\"widget\" data-e-type=\"widget\" data-widget_type=\"songbook_core_section_title.default\">\n\t\t\t\t<div class=\"elementor-widget-container\">\n\t\t\t\t\t<div class=\"qodef-shortcode qodef-m  qodef-section-title qodef-alignment--left\">\n\t\t\t<h3 class=\"qodef-m-title\" style=\"margin-top: 11px\">\n\t\t\t\t\tSchool for life\t\t\t<\/h3>\n\t\t<\/div>\t\t\t\t<\/div>\n\t\t\t\t<\/div>\n\t\t\t\t<div class=\"elementor-element elementor-element-0f3434e elementor-widget elementor-widget-text-editor\" data-id=\"0f3434e\" data-element_type=\"widget\" data-e-type=\"widget\" data-widget_type=\"text-editor.default\">\n\t\t\t\t\t\t\t\t\t<p class=\"p1\">Making music oneself is an experience that develops special competencies. The sense of the value of\nindividual performance within the community and the joy of working towards a common goal are\nstrengthened. At our music academy, students of all ages not only learn an instrument but also value\nrespectful interaction with one another. Our students showcase their skills in concerts and public\nperformances.<\/p>\t\t\t\t\t\t\t\t<\/div>\n\t\t\t\t\t<\/div>\n\t\t<\/div>\n\t\t\t\t<div class=\"elementor-column elementor-col-50 elementor-top-column elementor-element elementor-element-8318e25\" data-id=\"8318e25\" data-element_type=\"column\" data-e-type=\"column\" data-settings=\"{&quot;background_background&quot;:&quot;classic&quot;}\">\n\t\t\t<div class=\"elementor-widget-wrap elementor-element-populated\">\n\t\t\t\t\t\t<div class=\"elementor-element elementor-element-f9a6290 elementor-widget elementor-widget-image\" data-id=\"f9a6290\" data-element_type=\"widget\" data-e-type=\"widget\" data-widget_type=\"image.default\">\n\t\t\t\t\t\t\t\t\t\t\t\t\t\t\t<img decoding=\"async\" width=\"2000\" height=\"1333\" src=\"https:\/\/hwb.thetechvillehub.com\/wp-content\/uploads\/2026\/03\/IMG_4843-copy.jpeg\" class=\"attachment-full size-full wp-image-6779\" alt=\"\" srcset=\"https:\/\/hwb.thetechvillehub.com\/wp-content\/uploads\/2026\/03\/IMG_4843-copy.jpeg 2000w, https:\/\/hwb.thetechvillehub.com\/wp-content\/uploads\/2026\/03\/IMG_4843-copy-300x200.jpeg 300w, https:\/\/hwb.thetechvillehub.com\/wp-content\/uploads\/2026\/03\/IMG_4843-copy-1024x682.jpeg 1024w, https:\/\/hwb.thetechvillehub.com\/wp-content\/uploads\/2026\/03\/IMG_4843-copy-768x512.jpeg 768w, https:\/\/hwb.thetechvillehub.com\/wp-content\/uploads\/2026\/03\/IMG_4843-copy-1536x1024.jpeg 1536w, https:\/\/hwb.thetechvillehub.com\/wp-content\/uploads\/2026\/03\/IMG_4843-copy-18x12.jpeg 18w\" sizes=\"(max-width: 2000px) 100vw, 2000px\" \/>\t\t\t\t\t\t\t\t\t\t\t\t\t\t\t<\/div>\n\t\t\t\t\t<\/div>\n\t\t<\/div>\n\t\t\t\t\t<\/div>\n\t\t<\/section>\n\t\t\t\t<section class=\"elementor-section elementor-top-section elementor-element elementor-element-d17a7cc qodef-elementor-content-grid elementor-section-boxed elementor-section-height-default elementor-section-height-default\" data-id=\"d17a7cc\" data-element_type=\"section\" data-e-type=\"section\">\n\t\t\t\t\t\t<div class=\"elementor-container elementor-column-gap-default\">\n\t\t\t\t\t<div class=\"elementor-column elementor-col-50 elementor-top-column elementor-element elementor-element-0d367b2\" data-id=\"0d367b2\" data-element_type=\"column\" data-e-type=\"column\" data-settings=\"{&quot;background_background&quot;:&quot;classic&quot;}\">\n\t\t\t<div class=\"elementor-widget-wrap elementor-element-populated\">\n\t\t\t\t\t\t<div class=\"elementor-element elementor-element-eccd7fb elementor-widget elementor-widget-image\" data-id=\"eccd7fb\" data-element_type=\"widget\" data-e-type=\"widget\" data-widget_type=\"image.default\">\n\t\t\t\t\t\t\t\t\t\t\t\t\t\t\t<img decoding=\"async\" width=\"1616\" height=\"1112\" src=\"https:\/\/hwb.thetechvillehub.com\/wp-content\/uploads\/2026\/04\/Screenshot-2025-04-30-at-2.43.16-PM.png\" class=\"attachment-full size-full wp-image-7676\" alt=\"\" srcset=\"https:\/\/hwb.thetechvillehub.com\/wp-content\/uploads\/2026\/04\/Screenshot-2025-04-30-at-2.43.16-PM.png 1616w, https:\/\/hwb.thetechvillehub.com\/wp-content\/uploads\/2026\/04\/Screenshot-2025-04-30-at-2.43.16-PM-300x206.png 300w, https:\/\/hwb.thetechvillehub.com\/wp-content\/uploads\/2026\/04\/Screenshot-2025-04-30-at-2.43.16-PM-1024x705.png 1024w, https:\/\/hwb.thetechvillehub.com\/wp-content\/uploads\/2026\/04\/Screenshot-2025-04-30-at-2.43.16-PM-768x528.png 768w, https:\/\/hwb.thetechvillehub.com\/wp-content\/uploads\/2026\/04\/Screenshot-2025-04-30-at-2.43.16-PM-1536x1057.png 1536w, https:\/\/hwb.thetechvillehub.com\/wp-content\/uploads\/2026\/04\/Screenshot-2025-04-30-at-2.43.16-PM-18x12.png 18w\" sizes=\"(max-width: 1616px) 100vw, 1616px\" \/>\t\t\t\t\t\t\t\t\t\t\t\t\t\t\t<\/div>\n\t\t\t\t\t<\/div>\n\t\t<\/div>\n\t\t\t\t<div class=\"elementor-column elementor-col-50 elementor-top-column elementor-element elementor-element-244e6a9\" data-id=\"244e6a9\" data-element_type=\"column\" data-e-type=\"column\" data-settings=\"{&quot;background_background&quot;:&quot;classic&quot;}\">\n\t\t\t<div class=\"elementor-widget-wrap elementor-element-populated\">\n\t\t\t\t\t\t<div class=\"elementor-element elementor-element-54e0fa3 elementor-widget elementor-widget-songbook_core_section_title\" data-id=\"54e0fa3\" data-element_type=\"widget\" data-e-type=\"widget\" data-widget_type=\"songbook_core_section_title.default\">\n\t\t\t\t<div class=\"elementor-widget-container\">\n\t\t\t\t\t<div class=\"qodef-shortcode qodef-m  qodef-section-title qodef-alignment--left\">\n\t\t\t<h3 class=\"qodef-m-title\" style=\"margin-top: 11px\">\n\t\t\t\t\tINSPIRATION THROUGH BOUNDLESS MUSIC\t\t\t<\/h3>\n\t\t<\/div>\t\t\t\t<\/div>\n\t\t\t\t<\/div>\n\t\t\t\t<div class=\"elementor-element elementor-element-58b358f elementor-widget elementor-widget-text-editor\" data-id=\"58b358f\" data-element_type=\"widget\" data-e-type=\"widget\" data-widget_type=\"text-editor.default\">\n\t\t\t\t\t\t\t\t\t<p class=\"p1\">Music is an immediately tangible culture and transcends language and educational barriers. The\nexperience of the fusion of Oriental and European music is an inspiration for coexistence in our\nsociety. Our music instruction addresses the mutual influence of European and Turkish musical\nculture, which has been consciously promoted in institutions in Turkey since the 19th century. In\nDTM\u2019s performances, the audience encounters the art music of the Orient and its fusion with\nEuropean classical music.<\/p>\t\t\t\t\t\t\t\t<\/div>\n\t\t\t\t\t<\/div>\n\t\t<\/div>\n\t\t\t\t\t<\/div>\n\t\t<\/section>\n\t\t\t\t<\/div>","protected":false},"excerpt":{"rendered":"<p>Home \/ Page Startseite \u00dcber Uns profil deutsch-t\u00fcrkische Musikakademie Die Deutsch-T\u00fcrkische Musikakademie (DTM) ist eine gemeinn\u00fctzige Bildungseinrichtung, die sich vielf\u00e4ltiger Kulturarbeit widmet. Sie wurde 1998 gegr\u00fcndet und hat sich zu einer Plattform f\u00fcr Forschung, Lehre und Publikationen entwickelt, die das Ziel hat, interkulturelles Verst\u00e4ndnis im Bereich der Musik zu f\u00f6rdern. Seit 2003 arbeitet die DTM [&hellip;]<\/p>\n","protected":false},"author":1,"featured_media":4749,"parent":0,"menu_order":0,"comment_status":"closed","ping_status":"closed","template":"page-full-width.php","meta":{"footnotes":""},"class_list":["post-4506","page","type-page","status-publish","has-post-thumbnail","hentry"],"_links":{"self":[{"href":"https:\/\/hwb.thetechvillehub.com\/en\/wp-json\/wp\/v2\/pages\/4506","targetHints":{"allow":["GET"]}}],"collection":[{"href":"https:\/\/hwb.thetechvillehub.com\/en\/wp-json\/wp\/v2\/pages"}],"about":[{"href":"https:\/\/hwb.thetechvillehub.com\/en\/wp-json\/wp\/v2\/types\/page"}],"author":[{"embeddable":true,"href":"https:\/\/hwb.thetechvillehub.com\/en\/wp-json\/wp\/v2\/users\/1"}],"replies":[{"embeddable":true,"href":"https:\/\/hwb.thetechvillehub.com\/en\/wp-json\/wp\/v2\/comments?post=4506"}],"version-history":[{"count":73,"href":"https:\/\/hwb.thetechvillehub.com\/en\/wp-json\/wp\/v2\/pages\/4506\/revisions"}],"predecessor-version":[{"id":7679,"href":"https:\/\/hwb.thetechvillehub.com\/en\/wp-json\/wp\/v2\/pages\/4506\/revisions\/7679"}],"wp:featuredmedia":[{"embeddable":true,"href":"https:\/\/hwb.thetechvillehub.com\/en\/wp-json\/wp\/v2\/media\/4749"}],"wp:attachment":[{"href":"https:\/\/hwb.thetechvillehub.com\/en\/wp-json\/wp\/v2\/media?parent=4506"}],"curies":[{"name":"wp","href":"https:\/\/api.w.org\/{rel}","templated":true}]}}