{"id":4532,"date":"2025-11-17T15:39:27","date_gmt":"2025-11-17T15:39:27","guid":{"rendered":"https:\/\/hwb.thetechvillehub.com\/?page_id=4532"},"modified":"2026-04-07T15:12:56","modified_gmt":"2026-04-07T15:12:56","slug":"impressum","status":"publish","type":"page","link":"https:\/\/hwb.thetechvillehub.com\/en\/impressum\/","title":{"rendered":"Legal Notice"},"content":{"rendered":"<div data-elementor-type=\"wp-page\" data-elementor-id=\"4532\" class=\"elementor elementor-4532\" data-elementor-post-type=\"page\">\n\t\t\t\t\t\t<section class=\"elementor-section elementor-top-section elementor-element elementor-element-3979563 elementor-section-height-min-height elementor-section-boxed elementor-section-height-default elementor-section-items-middle qodef-elementor-content-no\" data-id=\"3979563\" data-element_type=\"section\" data-e-type=\"section\" data-settings=\"{&quot;background_background&quot;:&quot;classic&quot;}\">\n\t\t\t\t\t\t<div class=\"elementor-container elementor-column-gap-default\">\n\t\t\t\t\t<div class=\"elementor-column elementor-col-100 elementor-top-column elementor-element elementor-element-708b482\" data-id=\"708b482\" data-element_type=\"column\" data-e-type=\"column\">\n\t\t\t<div class=\"elementor-widget-wrap elementor-element-populated\">\n\t\t\t\t\t\t<div class=\"elementor-element elementor-element-176055c elementor-hidden-desktop elementor-hidden-tablet elementor-hidden-mobile elementor-widget elementor-widget-eael-breadcrumbs\" data-id=\"176055c\" data-element_type=\"widget\" data-e-type=\"widget\" data-widget_type=\"eael-breadcrumbs.default\">\n\t\t\t\t<div class=\"elementor-widget-container\">\n\t\t\t\t\t\t\t<div class=\"eael-breadcrumbs\">\n\t\t\t<div class=\"eael-breadcrumbs__content\"><a href=\"https:\/\/hwb.thetechvillehub.com\/en\">Home<\/a> <span class=\"eael-breadcrumb-separator\">\/ Kontakt \/<\/span> <span class = \"eael-current\">Page<\/span><\/div>\t\t<\/div>\n\t\t\t\t\t\t<\/div>\n\t\t\t\t<\/div>\n\t\t\t\t<div class=\"elementor-element elementor-element-b953d08 elementor-widget elementor-widget-heading\" data-id=\"b953d08\" data-element_type=\"widget\" data-e-type=\"widget\" data-widget_type=\"heading.default\">\n\t\t\t\t\t<h2 class=\"elementor-heading-title elementor-size-default\">Legal Notice<\/h2>\t\t\t\t<\/div>\n\t\t\t\t\t<\/div>\n\t\t<\/div>\n\t\t\t\t\t<\/div>\n\t\t<\/section>\n\t\t\t\t<section class=\"elementor-section elementor-top-section elementor-element elementor-element-d5669b3 qodef-elementor-content-grid elementor-section-boxed elementor-section-height-default elementor-section-height-default\" data-id=\"d5669b3\" data-element_type=\"section\" data-e-type=\"section\">\n\t\t\t\t\t\t<div class=\"elementor-container elementor-column-gap-default\">\n\t\t\t\t\t<div class=\"elementor-column elementor-col-100 elementor-top-column elementor-element elementor-element-933bca1\" data-id=\"933bca1\" data-element_type=\"column\" data-e-type=\"column\" data-settings=\"{&quot;background_background&quot;:&quot;classic&quot;}\">\n\t\t\t<div class=\"elementor-widget-wrap elementor-element-populated\">\n\t\t\t\t\t\t<div class=\"elementor-element elementor-element-4eb0319 elementor-widget elementor-widget-text-editor\" data-id=\"4eb0319\" data-element_type=\"widget\" data-e-type=\"widget\" data-widget_type=\"text-editor.default\">\n\t\t\t\t\t\t\t\t\t<p><strong>Non-profit limited liability company (gGmbH)<\/strong><\/p>\n<p><strong><b>Board of Directors:<\/b> Veysel Saydan (Managing Director), H\u00fcseyin Y\u0131ld\u0131z, \u00d6zcan Arslan<br><\/strong><\/p>\n<p><strong>&nbsp;<\/strong><\/p>\n<p><\/p>\n<p><strong>Address<\/strong><\/p>\n<p>Deutsch-T\u00fcrkische Musikakademie gGmbH<br>Kyffh\u00e4userstra\u00dfe 23, D\u201310781 Berlin<\/p>\n<p>Telephone: +49-30-217 55 364<\/p>\n<p>Fax: +49-30-217 55 366<\/p>\n<p>E-Mail: <a class=\"mail\" href=\"mailto:info@d-t-musikakademie.de\">info@d-t-musikakademie.de<\/a><\/p>\n<p><\/p>\n<p><br><\/p><p>Die Deutsch-T\u00fcrkische Musikakademie gGmbH ist wegen der F\u00f6rderung k\u00fcnstlerischer und kultureller Aktivit\u00e4ten vom Finanzamt f\u00fcr K\u00f6rperschaften I als besonders f\u00f6rderungsw\u00fcrdig und gemeinn\u00fctzig anerkannt.<\/p><p><br><\/p>\n<p><strong>Registering court:<\/strong> Local Court of Berlin\u2011Charlottenburg<br><strong>Commercial Register Number:<\/strong> HRB 88848 B<br>Tax Office: Berlin Tax Office for Corporations I<br><strong>Tax Number:<\/strong> 27\/611\/01955<\/p>\n<p><strong>Responsible for content:<\/strong> Veysel Saydan<\/p>\n<p><strong>Web design:<\/strong> <span style=\"text-decoration: underline;\"><a href=\"http:\/\/oduford.framer.ai\">Kit Ayodeji Odufodunrin<\/a><\/span><\/p>\n<hr>\n<p><strong>&nbsp;<\/strong><\/p>\n<p><strong>Copyright<\/strong><\/p>\n<p>\u00a9 Deutsch-T\u00fcrkische Musikakademie gGmbH \u2013 All rights reserved.\nUnless otherwise stated, all pages on this information server of the Deutsch-T\u00fcrkische Musikakademie gGmbH are subject to copyright. This applies in particular to texts, images, graphics, audio, video, or animation files, including their arrangement on the website.<br>Any reproduction or use of such pages or parts thereof in other electronic or printed publications and their publication (including on the Internet) is permitted only with prior authorization.<br>Reprints and the use of articles and lectures are permitted provided the source is acknowledged.<br>The use of images provided for download is permitted exclusively for current press coverage. Permission to publish website content may be granted by the editorial office (Imprint\/ Legal disclosure).<\/p>\n<p>Images, graphics, texts, or other files may be wholly or partially subject to the copyright of third parties. All trademarks and brand names mentioned within this website that may be protected by third parties are subject without restriction to the provisions of the applicable trademark law and the ownership rights of the respective registered owners. Mere mention does not imply that trademarks are not protected by third-party rights.<\/p>\n<p><\/p>\n<p><strong>&nbsp;<\/strong><\/p>\n<p><strong>Disclaimer<\/strong><\/p>\n<p>The Deutsch-T\u00fcrkische Musikakademie gGmbH has compiled and reviewed all information provided on this website to the best of its knowledge and belief. However, no guarantee is given regarding the accuracy, completeness, quality, timeliness, or constant availability of the information provided.\nWithout prejudice to \u00a7 675 (2) of the German Civil Code (BGB), the following limitation of liability applies: The Deutsch-T\u00fcrkische Musikakademie gGmbH shall not be liable for damages arising from the use or non-use of the information provided on its website. This limitation does not apply where liability arises under \u00a7 839 BGB (liability for breach of official duty).\nNo liability is assumed for damages caused by computer viruses or through downloading data or installing or using software.\nContent expressly marked by name reflects the opinions of the respective authors. The Deutsch-T\u00fcrkische Musikakademie gGmbH expressly reserves the right to change, supplement, delete, or temporarily or permanently discontinue individual web pages or the entire website without prior notice.<\/p>\n<p><strong>&nbsp;<\/strong><\/p>\n<p><strong>Links and References (Disclaimer)<\/strong><\/p>\n<p>The Deutsch-T\u00fcrkische Musikakademie gGmbH is responsible for its own content in accordance with applicable laws. References and links to external websites of other providers must be distinguished from this content. By providing such links, the Deutsch-T\u00fcrkische Musikakademie gGmbH merely enables access to third-party content.\nThe Deutsch-T\u00fcrkische Musikakademie gGmbH is not responsible for this third-party content, as it does not initiate transmission, select recipients, or select or modify the information transmitted. Temporary storage of this information does not occur due to the chosen linking method.\nAt the time of initial linking, the editorial team reviewed the external content for possible civil or criminal liability. If the Deutsch-T\u00fcrkische Musikakademie gGmbH becomes aware that a linked page gives rise to legal liability, the link will be removed immediately where technically possible and reasonable. Liability for illegal, incorrect, or incomplete content and for damages arising from the use or non-use of third-party information lies solely with the respective provider of the linked website.<\/p>\t\t\t\t\t\t\t\t<\/div>\n\t\t\t\t\t<\/div>\n\t\t<\/div>\n\t\t\t\t\t<\/div>\n\t\t<\/section>\n\t\t\t\t<\/div>","protected":false},"excerpt":{"rendered":"<p>Home \/ Kontakt \/ Page Impressum Gemeinn\u00fctzige Gesellschaft mit beschr\u00e4nkter Haftung\u2028 Vorstand: Veysel Saydan (Gesch\u00e4ftsf\u00fchrer), H\u00fcseyin Y\u0131ld\u0131z und \u00d6zcan Arslan &nbsp; Adresse Deutsch-T\u00fcrkische Musikakademie gGmbHKyffh\u00e4userstra\u00dfe 23, D\u201310781 Berlin Telefon: +49-30-217 55 364 Fax: +49-30-217 55 366 E-Mail: info@d-t-musikakademie.de Die Deutsch-T\u00fcrkische Musikakademie gGmbH ist wegen der F\u00f6rderung k\u00fcnstlerischer und kultureller Aktivit\u00e4ten vom Finanzamt f\u00fcr K\u00f6rperschaften I [&hellip;]<\/p>\n","protected":false},"author":1,"featured_media":0,"parent":0,"menu_order":0,"comment_status":"closed","ping_status":"closed","template":"page-full-width.php","meta":{"footnotes":""},"class_list":["post-4532","page","type-page","status-publish","hentry"],"_links":{"self":[{"href":"https:\/\/hwb.thetechvillehub.com\/en\/wp-json\/wp\/v2\/pages\/4532","targetHints":{"allow":["GET"]}}],"collection":[{"href":"https:\/\/hwb.thetechvillehub.com\/en\/wp-json\/wp\/v2\/pages"}],"about":[{"href":"https:\/\/hwb.thetechvillehub.com\/en\/wp-json\/wp\/v2\/types\/page"}],"author":[{"embeddable":true,"href":"https:\/\/hwb.thetechvillehub.com\/en\/wp-json\/wp\/v2\/users\/1"}],"replies":[{"embeddable":true,"href":"https:\/\/hwb.thetechvillehub.com\/en\/wp-json\/wp\/v2\/comments?post=4532"}],"version-history":[{"count":58,"href":"https:\/\/hwb.thetechvillehub.com\/en\/wp-json\/wp\/v2\/pages\/4532\/revisions"}],"predecessor-version":[{"id":7736,"href":"https:\/\/hwb.thetechvillehub.com\/en\/wp-json\/wp\/v2\/pages\/4532\/revisions\/7736"}],"wp:attachment":[{"href":"https:\/\/hwb.thetechvillehub.com\/en\/wp-json\/wp\/v2\/media?parent=4532"}],"curies":[{"name":"wp","href":"https:\/\/api.w.org\/{rel}","templated":true}]}}