{"id":6606,"date":"2026-02-16T14:41:58","date_gmt":"2026-02-16T14:41:58","guid":{"rendered":"https:\/\/hwb.thetechvillehub.com\/?page_id=6606"},"modified":"2026-02-16T16:23:44","modified_gmt":"2026-02-16T16:23:44","slug":"dozenten-tilman-ritter","status":"publish","type":"page","link":"https:\/\/hwb.thetechvillehub.com\/en\/dozenten-tilman-ritter\/","title":{"rendered":"dozenten-Tilman Ritter"},"content":{"rendered":"<div data-elementor-type=\"wp-page\" data-elementor-id=\"6606\" class=\"elementor elementor-6606\" data-elementor-post-type=\"page\">\n\t\t\t\t\t\t<section class=\"elementor-section elementor-top-section elementor-element elementor-element-d62c380 elementor-section-full_width elementor-section-height-default elementor-section-height-default qodef-elementor-content-no\" data-id=\"d62c380\" data-element_type=\"section\" data-e-type=\"section\">\n\t\t\t\t\t\t<div class=\"elementor-container elementor-column-gap-default\">\n\t\t\t\t\t<div class=\"elementor-column elementor-col-33 elementor-top-column elementor-element elementor-element-22dda0d elementor-hidden-tablet elementor-hidden-mobile\" data-id=\"22dda0d\" data-element_type=\"column\" data-e-type=\"column\" data-settings=\"{&quot;background_background&quot;:&quot;classic&quot;}\">\n\t\t\t<div class=\"elementor-widget-wrap elementor-element-populated\">\n\t\t\t\t\t<div class=\"elementor-background-overlay\"><\/div>\n\t\t\t\t\t\t<div class=\"elementor-element elementor-element-46c5219 elementor-widget elementor-widget-spacer\" data-id=\"46c5219\" data-element_type=\"widget\" data-e-type=\"widget\" data-widget_type=\"spacer.default\">\n\t\t\t\t\t\t\t<div class=\"elementor-spacer\">\n\t\t\t<div class=\"elementor-spacer-inner\"><\/div>\n\t\t<\/div>\n\t\t\t\t\t\t<\/div>\n\t\t\t\t\t<\/div>\n\t\t<\/div>\n\t\t\t\t<div class=\"elementor-column elementor-col-33 elementor-top-column elementor-element elementor-element-8b496a6\" data-id=\"8b496a6\" data-element_type=\"column\" data-e-type=\"column\">\n\t\t\t<div class=\"elementor-widget-wrap elementor-element-populated\">\n\t\t\t\t\t\t<div class=\"elementor-element elementor-element-77ec771 elementor-widget elementor-widget-songbook_core_section_title\" data-id=\"77ec771\" data-element_type=\"widget\" data-e-type=\"widget\" data-widget_type=\"songbook_core_section_title.default\">\n\t\t\t\t<div class=\"elementor-widget-container\">\n\t\t\t\t\t<div class=\"qodef-shortcode qodef-m  qodef-section-title qodef-alignment--left\">\n\t\t\t<h1 class=\"qodef-m-title\" style=\"margin-top: 11px\">\n\t\t\t\t\tTilman Ritter<br \/>\t\t\t<\/h1>\n\t\t<\/div>\t\t\t\t<\/div>\n\t\t\t\t<\/div>\n\t\t\t\t<div class=\"elementor-element elementor-element-f9f9f8a elementor-widget elementor-widget-text-editor\" data-id=\"f9f9f8a\" data-element_type=\"widget\" data-e-type=\"widget\" data-widget_type=\"text-editor.default\">\n\t\t\t\t\t\t\t\t\t<p class=\"p1 translation-block\">Tilman Ritter was born in Berlin in 1976. Since studying at the Musicians Institute in Los Angeles (Keyboard Jazz\/Pop\/Rock) and at the Hanns Eisler School of Music Berlin (Composition for Media), he has been composing, arranging and producing music for the stage as well as for film and television productions and audiovisual art installations, such as those by the Canadian artist duo Janet Cardiff and George Bures Miller. He also performs live on stage as a musical director, pianist, and keyboardist. He has composed numerous theatre scores and has worked, among others, at the Deutsches Theater Berlin, Maxim Gorki Theater, GRIPS Theater, Hebbel am Ufer (HAU), Hans Otto Theater Potsdam, Anhaltisches Theater Dessau, Theater Bonn, Staatstheater Stuttgart, Konzert Theater Bern, Neues Globe Theater Potsdam, Deutsches Theater G\u00f6ttingen, Vorarlberger Landestheater Bregenz, Staatstheater Mainz and Staatstheater Wiesbaden. Since 2010, he has continuously been responsible for compositions and musical direction for various productions at the Kabarett Theater Distel in Berlin.<\/p><p class=\"p1\"><span class=\"s1\"><b>Education:<\/b><\/span><\/p><ul><li class=\"p2\">1993: Summer Session at the Musicians Institute, Hollywood, Los Angeles<\/li><li class=\"p2\">1996: Abitur (German high school diploma)<\/li><li class=\"p2\">1996\u20131997: Studies at the Musicians Institute, Hollywood, Los Angeles<\/li><li class=\"p2\">1999\u20132005: Studies in Composition (Media Music) at the School of Music Hanns Eisler Berlin with Prof. Bernd Wefelmeyer<\/li><li class=\"p2\">Since then: freelance composer, arranger, orchestrator, musical director, pianist, and keyboardist<\/li><\/ul><p class=\"p1\"><span class=\"s1\"><b>Awards<\/b><\/span><\/p><ul><li class=\"p2\">Award for Best Short Film Score by the European Film Institute Karlsruhe for Sing, Sing, Sing (2002)<\/li><li class=\"p2\">Franz Grothe Award for Young Film Composers (2004)<\/li><li class=\"p2\">Golden Bobby for the recording In the Woods for strings and woodwind quartet (2006)<\/li><li class=\"p2\">Invitation to the ASCAP Film Composers Workshop with Richard Bellis, Los Angeles (2008); recording of a composition with the Hollywood Studio Symphony at the Newman Scoring Stage<\/li><\/ul><p class=\"p1\"><span class=\"s1\"><b>Teaching<\/b><\/span><\/p><ul><li class=\"p2\">Lecturer in Piano and Harmony &amp; Theory\/Ear training in the Sound Studies program at the Konrad Wolf Film University of Babelsberg<\/li><li class=\"p2\">Accompanist (r\u00e9p\u00e9titeur) in the acting program<\/li><li class=\"p2\">Orchestration coach for participants of the Score Competition at the Berlinale Talent Campus<\/li><li class=\"p1\">Private instruction in composition, theory, and piano, including preparatory studies<\/li><\/ul>\t\t\t\t\t\t\t\t<\/div>\n\t\t\t\t\t<\/div>\n\t\t<\/div>\n\t\t\t\t<div class=\"elementor-column elementor-col-33 elementor-top-column elementor-element elementor-element-60d3430\" data-id=\"60d3430\" data-element_type=\"column\" data-e-type=\"column\" data-settings=\"{&quot;background_background&quot;:&quot;classic&quot;}\">\n\t\t\t<div class=\"elementor-widget-wrap elementor-element-populated\">\n\t\t\t\t\t\t<div class=\"elementor-element elementor-element-1d24f0a elementor-widget elementor-widget-spacer\" data-id=\"1d24f0a\" data-element_type=\"widget\" data-e-type=\"widget\" data-widget_type=\"spacer.default\">\n\t\t\t\t\t\t\t<div class=\"elementor-spacer\">\n\t\t\t<div class=\"elementor-spacer-inner\"><\/div>\n\t\t<\/div>\n\t\t\t\t\t\t<\/div>\n\t\t\t\t\t<\/div>\n\t\t<\/div>\n\t\t\t\t\t<\/div>\n\t\t<\/section>\n\t\t\t\t<\/div>","protected":false},"excerpt":{"rendered":"<p>Tilman Ritter Tilman Ritter wurde 1976 in Berlin geboren. Seit seinem Studium am Musicians Institute in Los Angeles (Keyboard\u00a0Jazz\/Pop\/Rock) und der Hochschule f\u00fcr Musik \u201eHanns Eisler\u201c Berlin (Komposition Medienmusik), komponiert, arrangiert\u00a0und produziert er sowohl f\u00fcr die B\u00fchne, als auch f\u00fcr Film- und Fernsehproduktionen und audiovisuelle Kunstinstallationen, wie z. B. des kanadischen K\u00fcnstlerpaares Janet Cardiff und [&hellip;]<\/p>\n","protected":false},"author":1,"featured_media":0,"parent":0,"menu_order":0,"comment_status":"closed","ping_status":"closed","template":"page-full-width.php","meta":{"footnotes":""},"class_list":["post-6606","page","type-page","status-publish","hentry"],"_links":{"self":[{"href":"https:\/\/hwb.thetechvillehub.com\/en\/wp-json\/wp\/v2\/pages\/6606","targetHints":{"allow":["GET"]}}],"collection":[{"href":"https:\/\/hwb.thetechvillehub.com\/en\/wp-json\/wp\/v2\/pages"}],"about":[{"href":"https:\/\/hwb.thetechvillehub.com\/en\/wp-json\/wp\/v2\/types\/page"}],"author":[{"embeddable":true,"href":"https:\/\/hwb.thetechvillehub.com\/en\/wp-json\/wp\/v2\/users\/1"}],"replies":[{"embeddable":true,"href":"https:\/\/hwb.thetechvillehub.com\/en\/wp-json\/wp\/v2\/comments?post=6606"}],"version-history":[{"count":12,"href":"https:\/\/hwb.thetechvillehub.com\/en\/wp-json\/wp\/v2\/pages\/6606\/revisions"}],"predecessor-version":[{"id":6647,"href":"https:\/\/hwb.thetechvillehub.com\/en\/wp-json\/wp\/v2\/pages\/6606\/revisions\/6647"}],"wp:attachment":[{"href":"https:\/\/hwb.thetechvillehub.com\/en\/wp-json\/wp\/v2\/media?parent=6606"}],"curies":[{"name":"wp","href":"https:\/\/api.w.org\/{rel}","templated":true}]}}