{"id":4200,"date":"2025-11-05T06:30:40","date_gmt":"2025-11-05T06:30:40","guid":{"rendered":"https:\/\/hwb.thetechvillehub.com\/?page_id=4200"},"modified":"2025-11-05T06:30:40","modified_gmt":"2025-11-05T06:30:40","slug":"datenschultz","status":"publish","type":"page","link":"https:\/\/hwb.thetechvillehub.com\/tr\/datenschultz\/","title":{"rendered":"DATENSCHULTZ"},"content":{"rendered":"<div data-elementor-type=\"wp-page\" data-elementor-id=\"4200\" class=\"elementor elementor-4200\" data-elementor-post-type=\"page\">\n\t\t\t\t\t\t<section class=\"elementor-section elementor-top-section elementor-element elementor-element-2560e43 qodef-elementor-content-grid elementor-section-boxed elementor-section-height-default elementor-section-height-default\" data-id=\"2560e43\" data-element_type=\"section\" data-e-type=\"section\">\n\t\t\t\t\t\t<div class=\"elementor-container elementor-column-gap-default\">\n\t\t\t\t\t<div class=\"elementor-column elementor-col-50 elementor-top-column elementor-element elementor-element-49cb564\" data-id=\"49cb564\" data-element_type=\"column\" data-e-type=\"column\">\n\t\t\t<div class=\"elementor-widget-wrap elementor-element-populated\">\n\t\t\t\t\t\t<div class=\"elementor-element elementor-element-2906617 elementor-widget elementor-widget-image\" data-id=\"2906617\" data-element_type=\"widget\" data-e-type=\"widget\" data-widget_type=\"image.default\">\n\t\t\t\t\t\t\t\t\t\t\t\t\t\t\t<img decoding=\"async\" src=\"https:\/\/songbook.qodeinteractive.com\/wp-content\/uploads\/2020\/05\/contact-us-img.jpg\" title=\"\" alt=\"\" loading=\"lazy\" \/>\t\t\t\t\t\t\t\t\t\t\t\t\t\t\t<\/div>\n\t\t\t\t\t<\/div>\n\t\t<\/div>\n\t\t\t\t<div class=\"elementor-column elementor-col-50 elementor-top-column elementor-element elementor-element-87101d9\" data-id=\"87101d9\" data-element_type=\"column\" data-e-type=\"column\">\n\t\t\t<div class=\"elementor-widget-wrap elementor-element-populated\">\n\t\t\t\t\t\t<div class=\"elementor-element elementor-element-8167a83 elementor-widget elementor-widget-songbook_core_section_title\" data-id=\"8167a83\" data-element_type=\"widget\" data-e-type=\"widget\" data-widget_type=\"songbook_core_section_title.default\">\n\t\t\t\t<div class=\"elementor-widget-container\">\n\t\t\t\t\t<div class=\"qodef-shortcode qodef-m  qodef-section-title qodef-alignment--left\">\n\t\t<h6 class=\"qodef-m-subtitle\" >\n\t\t<span>\n\t\t\tUnique Approach\t\t<\/span>\n\t<\/h6>\n\t\t<h1 class=\"qodef-m-title\" style=\"margin-top: 11px\">\n\t\t\t\t\tArt of music\t\t\t<\/h1>\n\t\t\t<p class=\"qodef-m-text\" style=\"margin-top: -9px\">Lorem ipsum dolor sit amet, consectetur adipiscing elit. Vestibulum rhoncus tristique metus, id mattis ante aliquam ut, Pellentesque.<\/p>\n<\/div>\t\t\t\t<\/div>\n\t\t\t\t<\/div>\n\t\t\t\t<div class=\"elementor-element elementor-element-0a69897 elementor-widget elementor-widget-wp-widget-songbook_core_contact_form_7\" data-id=\"0a69897\" data-element_type=\"widget\" data-e-type=\"widget\" data-widget_type=\"wp-widget-songbook_core_contact_form_7.default\">\n\t\t\t\t<div class=\"elementor-widget-container\">\n\t\t\t\t\t\t\t\t<div class=\"qodef-contact-form-7\" >\n\t\t\t\t\t\t\t\t\t\t\t\t\n<div class=\"wpcf7 no-js\" id=\"wpcf7-f14-o1\" lang=\"en-US\" dir=\"ltr\" data-wpcf7-id=\"14\">\n<div class=\"screen-reader-response\"><p role=\"status\" aria-live=\"polite\" aria-atomic=\"true\"><\/p> <ul><\/ul><\/div>\n<form action=\"\/tr\/wp-json\/wp\/v2\/pages\/4200#wpcf7-f14-o1\" method=\"post\" class=\"wpcf7-form init demo\" aria-label=\"Contact form\" novalidate=\"novalidate\" data-status=\"init\" data-trp-original-action=\"\/tr\/wp-json\/wp\/v2\/pages\/4200#wpcf7-f14-o1\">\n<fieldset class=\"hidden-fields-container\"><input type=\"hidden\" name=\"_wpcf7\" value=\"14\" \/><input type=\"hidden\" name=\"_wpcf7_version\" value=\"6.1.5\" \/><input type=\"hidden\" name=\"_wpcf7_locale\" value=\"en_US\" \/><input type=\"hidden\" name=\"_wpcf7_unit_tag\" value=\"wpcf7-f14-o1\" \/><input type=\"hidden\" name=\"_wpcf7_container_post\" value=\"0\" \/><input type=\"hidden\" name=\"_wpcf7_posted_data_hash\" value=\"\" \/>\n<\/fieldset>\n<div class=\"qodef-standard-form\">\n<div class=\"qodef-inline-holder\"><div class=\"qodef-inline-left\"><span class=\"wpcf7-form-control-wrap\" data-name=\"full-name\"><input size=\"40\" maxlength=\"400\" class=\"wpcf7-form-control wpcf7-text wpcf7-validates-as-required\" aria-required=\"true\" aria-invalid=\"false\" placeholder=\"Tam \u0130sim\" value=\"\" type=\"text\" name=\"full-name\" \/><\/span><\/div><div class=\"qodef-inline-right\"><span class=\"wpcf7-form-control-wrap\" data-name=\"your-email\"><input size=\"40\" maxlength=\"400\" class=\"wpcf7-form-control wpcf7-email wpcf7-validates-as-required wpcf7-text wpcf7-validates-as-email\" aria-required=\"true\" aria-invalid=\"false\" placeholder=\"E-posta\" value=\"\" type=\"email\" name=\"your-email\" \/><\/span><\/div><\/div>\n<span class=\"wpcf7-form-control-wrap\" data-name=\"message\"><textarea cols=\"40\" rows=\"6\" maxlength=\"2000\" class=\"wpcf7-form-control wpcf7-textarea wpcf7-validates-as-required\" aria-required=\"true\" aria-invalid=\"false\" placeholder=\"Mesaj\" name=\"message\"><\/textarea><\/span>\n<button class=\"wpcf7-form-control wpcf7-submit qodef-button qodef-size--normal qodef-type--filled qodef-m\" type=\"submit\"><span class=\"qodef-m-text\">G\u00f6nder<\/span><span class=\"qodef-m-border-vertical\"><\/span><span class=\"qodef-m-border-horizontal\"><\/span><\/button>\n<\/div><div class=\"wpcf7-response-output\" aria-hidden=\"true\"><\/div>\n<input type=\"hidden\" name=\"trp-form-language\" value=\"tr\"\/><\/form>\n<\/div>\n\t\t\t<\/div>\n\t\t\t<div class=\"qodef-cf7-absolute-image-holder\">\n\t\t\t\t\t\t\t<\/div>\n\t\t\t\t\t\t\t<\/div>\n\t\t\t\t<\/div>\n\t\t\t\t\t<\/div>\n\t\t<\/div>\n\t\t\t\t\t<\/div>\n\t\t<\/section>\n\t\t\t\t<section class=\"elementor-section elementor-top-section elementor-element elementor-element-7146f0e elementor-section-full_width elementor-section-height-default elementor-section-height-default qodef-elementor-content-no\" data-id=\"7146f0e\" data-element_type=\"section\" data-e-type=\"section\" data-settings=\"{&quot;background_background&quot;:&quot;classic&quot;}\">\n\t\t\t\t\t\t<div class=\"elementor-container elementor-column-gap-default\">\n\t\t\t\t\t<div class=\"elementor-column elementor-col-100 elementor-top-column elementor-element elementor-element-e64e720\" data-id=\"e64e720\" data-element_type=\"column\" data-e-type=\"column\">\n\t\t\t<div class=\"elementor-widget-wrap elementor-element-populated\">\n\t\t\t\t\t\t<section class=\"elementor-section elementor-inner-section elementor-element elementor-element-f74a160 qodef-elementor-content-grid elementor-section-boxed elementor-section-height-default elementor-section-height-default\" data-id=\"f74a160\" data-element_type=\"section\" data-e-type=\"section\">\n\t\t\t\t\t\t<div class=\"elementor-container elementor-column-gap-default\">\n\t\t\t\t\t<div class=\"elementor-column elementor-col-50 elementor-inner-column elementor-element elementor-element-1a1ca89\" data-id=\"1a1ca89\" data-element_type=\"column\" data-e-type=\"column\">\n\t\t\t<div class=\"elementor-widget-wrap elementor-element-populated\">\n\t\t\t\t\t\t<div class=\"elementor-element elementor-element-1cf83b6 elementor-widget elementor-widget-songbook_core_custom_font\" data-id=\"1cf83b6\" data-element_type=\"widget\" data-e-type=\"widget\" data-widget_type=\"songbook_core_custom_font.default\">\n\t\t\t\t<div class=\"elementor-widget-container\">\n\t\t\t\t\t<p class=\"qodef-shortcode qodef-m  qodef-custom-font qodef-custom-font-1 qodef-layout--simple\" style=\"color: #2F2F2F;font-family: Libre Baskerville;font-size: 26px;line-height: 22px;font-weight: 400;font-style: italic\">Subscribe To Our Weekly Newsletter<\/p>\t\t\t\t<\/div>\n\t\t\t\t<\/div>\n\t\t\t\t\t<\/div>\n\t\t<\/div>\n\t\t\t\t<div class=\"elementor-column elementor-col-50 elementor-inner-column elementor-element elementor-element-ad92c53\" data-id=\"ad92c53\" data-element_type=\"column\" data-e-type=\"column\">\n\t\t\t<div class=\"elementor-widget-wrap elementor-element-populated\">\n\t\t\t\t\t\t<div class=\"elementor-element elementor-element-7518f18 elementor-widget elementor-widget-wp-widget-songbook_core_contact_form_7\" data-id=\"7518f18\" data-element_type=\"widget\" data-e-type=\"widget\" data-widget_type=\"wp-widget-songbook_core_contact_form_7.default\">\n\t\t\t\t<div class=\"elementor-widget-container\">\n\t\t\t\t\t\t\t\t<div class=\"qodef-contact-form-7\" >\n\t\t\t\t\t\t\t\t\t\t\t\t\n<div class=\"wpcf7 no-js\" id=\"wpcf7-f10-o2\" lang=\"en-US\" dir=\"ltr\" data-wpcf7-id=\"10\">\n<div class=\"screen-reader-response\"><p role=\"status\" aria-live=\"polite\" aria-atomic=\"true\"><\/p> <ul><\/ul><\/div>\n<form action=\"\/tr\/wp-json\/wp\/v2\/pages\/4200#wpcf7-f10-o2\" method=\"post\" class=\"wpcf7-form init demo\" aria-label=\"Contact form\" novalidate=\"novalidate\" data-status=\"init\" data-trp-original-action=\"\/tr\/wp-json\/wp\/v2\/pages\/4200#wpcf7-f10-o2\">\n<fieldset class=\"hidden-fields-container\"><input type=\"hidden\" name=\"_wpcf7\" value=\"10\" \/><input type=\"hidden\" name=\"_wpcf7_version\" value=\"6.1.5\" \/><input type=\"hidden\" name=\"_wpcf7_locale\" value=\"en_US\" \/><input type=\"hidden\" name=\"_wpcf7_unit_tag\" value=\"wpcf7-f10-o2\" \/><input type=\"hidden\" name=\"_wpcf7_container_post\" value=\"0\" \/><input type=\"hidden\" name=\"_wpcf7_posted_data_hash\" value=\"\" \/>\n<\/fieldset>\n<div class=\"qodef-horizontal-form\"><span class=\"wpcf7-form-control-wrap\" data-name=\"your-email\"><input size=\"40\" maxlength=\"400\" class=\"wpcf7-form-control wpcf7-email wpcf7-validates-as-required wpcf7-text wpcf7-validates-as-email\" aria-required=\"true\" aria-invalid=\"false\" placeholder=\"Enter E-Mail Address\" value=\"\" type=\"email\" name=\"your-email\" \/><\/span><button class=\"wpcf7-form-control wpcf7-submit qodef-button qodef-size--normal qodef-type--filled qodef-m\" type=\"submit\"><span class=\"qodef-m-text\">Send<\/span><span class=\"qodef-m-border-vertical\"><\/span><span class=\"qodef-m-border-horizontal\"><\/span><\/button><\/div><div class=\"wpcf7-response-output\" aria-hidden=\"true\"><\/div>\n<input type=\"hidden\" name=\"trp-form-language\" value=\"tr\"\/><\/form>\n<\/div>\n\t\t\t<\/div>\n\t\t\t<div class=\"qodef-cf7-absolute-image-holder\">\n\t\t\t\t\t\t\t<\/div>\n\t\t\t\t\t\t\t<\/div>\n\t\t\t\t<\/div>\n\t\t\t\t\t<\/div>\n\t\t<\/div>\n\t\t\t\t\t<\/div>\n\t\t<\/section>\n\t\t\t\t\t<\/div>\n\t\t<\/div>\n\t\t\t\t\t<\/div>\n\t\t<\/section>\n\t\t\t\t<\/div>","protected":false},"excerpt":{"rendered":"<p>Unique Approach Art of music Lorem ipsum dolor sit amet, consectetur adipiscing elit. Vestibulum rhoncus tristique metus, id mattis ante aliquam ut, Pellentesque. Subscribe To Our Weekly Newsletter Il n&#8217;a pas \u00e9t\u00e9 mis en \u00e9vidence d&#8217;efficacit\u00e9 du tadalafil en termes de r\u00e9duction du d\u00e9clin de la capacit\u00e9 \u00e0 l&#8217;exercice mesur\u00e9e par la distance de marche [&hellip;]<\/p>\n","protected":false},"author":1,"featured_media":0,"parent":0,"menu_order":0,"comment_status":"closed","ping_status":"closed","template":"page-full-width.php","meta":{"footnotes":""},"class_list":["post-4200","page","type-page","status-publish","hentry"],"_links":{"self":[{"href":"https:\/\/hwb.thetechvillehub.com\/tr\/wp-json\/wp\/v2\/pages\/4200","targetHints":{"allow":["GET"]}}],"collection":[{"href":"https:\/\/hwb.thetechvillehub.com\/tr\/wp-json\/wp\/v2\/pages"}],"about":[{"href":"https:\/\/hwb.thetechvillehub.com\/tr\/wp-json\/wp\/v2\/types\/page"}],"author":[{"embeddable":true,"href":"https:\/\/hwb.thetechvillehub.com\/tr\/wp-json\/wp\/v2\/users\/1"}],"replies":[{"embeddable":true,"href":"https:\/\/hwb.thetechvillehub.com\/tr\/wp-json\/wp\/v2\/comments?post=4200"}],"version-history":[{"count":1,"href":"https:\/\/hwb.thetechvillehub.com\/tr\/wp-json\/wp\/v2\/pages\/4200\/revisions"}],"predecessor-version":[{"id":4201,"href":"https:\/\/hwb.thetechvillehub.com\/tr\/wp-json\/wp\/v2\/pages\/4200\/revisions\/4201"}],"wp:attachment":[{"href":"https:\/\/hwb.thetechvillehub.com\/tr\/wp-json\/wp\/v2\/media?parent=4200"}],"curies":[{"name":"wp","href":"https:\/\/api.w.org\/{rel}","templated":true}]}}