{"id":4346,"date":"2025-11-10T13:19:44","date_gmt":"2025-11-10T13:19:44","guid":{"rendered":"https:\/\/hwb.thetechvillehub.com\/?page_id=4346"},"modified":"2026-04-01T21:48:28","modified_gmt":"2026-04-01T21:48:28","slug":"percussion","status":"publish","type":"page","link":"https:\/\/hwb.thetechvillehub.com\/tr\/percussion\/","title":{"rendered":"Vurmal\u0131 \u00e7alg\u0131lar"},"content":{"rendered":"<div data-elementor-type=\"wp-page\" data-elementor-id=\"4346\" class=\"elementor elementor-4346\" data-elementor-post-type=\"page\">\n\t\t\t\t\t\t<section class=\"elementor-section elementor-top-section elementor-element elementor-element-96cce4a elementor-section-height-min-height elementor-section-boxed elementor-section-height-default elementor-section-items-middle qodef-elementor-content-no\" data-id=\"96cce4a\" data-element_type=\"section\" data-e-type=\"section\" data-settings=\"{&quot;background_background&quot;:&quot;classic&quot;}\">\n\t\t\t\t\t\t<div class=\"elementor-container elementor-column-gap-default\">\n\t\t\t\t\t<div class=\"elementor-column elementor-col-100 elementor-top-column elementor-element elementor-element-3d915e0\" data-id=\"3d915e0\" data-element_type=\"column\" data-e-type=\"column\">\n\t\t\t<div class=\"elementor-widget-wrap elementor-element-populated\">\n\t\t\t\t\t\t<div class=\"elementor-element elementor-element-d7c0215 elementor-icon-list--layout-inline elementor-align-center elementor-list-item-link-full_width elementor-widget elementor-widget-icon-list\" data-id=\"d7c0215\" data-element_type=\"widget\" data-e-type=\"widget\" data-widget_type=\"icon-list.default\">\n\t\t\t\t\t\t\t<ul class=\"elementor-icon-list-items elementor-inline-items\">\n\t\t\t\t\t\t\t<li class=\"elementor-icon-list-item elementor-inline-item\">\n\t\t\t\t\t\t\t\t\t\t\t<a href=\"https:\/\/hwb.thetechvillehub.com\/tr\/\">\n\n\t\t\t\t\t\t\t\t\t\t\t<span class=\"elementor-icon-list-text\">Ana Sayfa<\/span>\n\t\t\t\t\t\t\t\t\t\t\t<\/a>\n\t\t\t\t\t\t\t\t\t<\/li>\n\t\t\t\t\t\t\t\t<li class=\"elementor-icon-list-item elementor-inline-item\">\n\t\t\t\t\t\t\t\t\t\t<span class=\"elementor-icon-list-text\">E\u011fitim Alanlar\u0131 <\/span>\n\t\t\t\t\t\t\t\t\t<\/li>\n\t\t\t\t\t\t\t\t<li class=\"elementor-icon-list-item elementor-inline-item\">\n\t\t\t\t\t\t\t\t\t\t\t<a href=\"https:\/\/hwb.thetechvillehub.com\/tr\/instrumentalausbildung\/\">\n\n\t\t\t\t\t\t\t\t\t\t\t<span class=\"elementor-icon-list-text\">Enstr\u00fcman E\u011fitimi <\/span>\n\t\t\t\t\t\t\t\t\t\t\t<\/a>\n\t\t\t\t\t\t\t\t\t<\/li>\n\t\t\t\t\t\t<\/ul>\n\t\t\t\t\t\t<\/div>\n\t\t\t\t<div class=\"elementor-element elementor-element-947756f elementor-hidden-desktop elementor-hidden-tablet elementor-hidden-mobile elementor-widget elementor-widget-eael-breadcrumbs\" data-id=\"947756f\" data-element_type=\"widget\" data-e-type=\"widget\" data-widget_type=\"eael-breadcrumbs.default\">\n\t\t\t\t<div class=\"elementor-widget-container\">\n\t\t\t\t\t\t\t<div class=\"eael-breadcrumbs\">\n\t\t\t<div class=\"eael-breadcrumbs__content\"><a href=\"https:\/\/hwb.thetechvillehub.com\/tr\">Home<\/a> <span class=\"eael-breadcrumb-separator\">\/ Bildungsbereiche \/<\/span> <span class = \"eael-current\">Sayfa<\/span><\/div>\t\t<\/div>\n\t\t\t\t\t\t<\/div>\n\t\t\t\t<\/div>\n\t\t\t\t<div class=\"elementor-element elementor-element-2a23823 elementor-widget elementor-widget-heading\" data-id=\"2a23823\" data-element_type=\"widget\" data-e-type=\"widget\" data-widget_type=\"heading.default\">\n\t\t\t\t\t<h2 class=\"elementor-heading-title elementor-size-default\">Vurmal\u0131 \u00e7alg\u0131lar<\/h2>\t\t\t\t<\/div>\n\t\t\t\t\t<\/div>\n\t\t<\/div>\n\t\t\t\t\t<\/div>\n\t\t<\/section>\n\t\t\t\t<section class=\"elementor-section elementor-top-section elementor-element elementor-element-e38d2ef qodef-elementor-content-grid elementor-section-boxed elementor-section-height-default elementor-section-height-default\" data-id=\"e38d2ef\" data-element_type=\"section\" data-e-type=\"section\">\n\t\t\t\t\t\t<div class=\"elementor-container elementor-column-gap-default\">\n\t\t\t\t\t<div class=\"elementor-column elementor-col-50 elementor-top-column elementor-element elementor-element-ffb9c07\" data-id=\"ffb9c07\" data-element_type=\"column\" data-e-type=\"column\" data-settings=\"{&quot;background_background&quot;:&quot;classic&quot;}\">\n\t\t\t<div class=\"elementor-widget-wrap elementor-element-populated\">\n\t\t\t\t\t\t<div class=\"elementor-element elementor-element-0cb00f8 elementor-widget elementor-widget-image\" data-id=\"0cb00f8\" data-element_type=\"widget\" data-e-type=\"widget\" data-widget_type=\"image.default\">\n\t\t\t\t\t\t\t\t\t\t\t\t\t\t\t<img fetchpriority=\"high\" decoding=\"async\" width=\"768\" height=\"512\" src=\"https:\/\/hwb.thetechvillehub.com\/wp-content\/uploads\/2025\/12\/Perussion-768x512.jpg\" class=\"attachment-medium_large size-medium_large wp-image-6179\" alt=\"\" srcset=\"https:\/\/hwb.thetechvillehub.com\/wp-content\/uploads\/2025\/12\/Perussion-768x512.jpg 768w, https:\/\/hwb.thetechvillehub.com\/wp-content\/uploads\/2025\/12\/Perussion-300x200.jpg 300w, https:\/\/hwb.thetechvillehub.com\/wp-content\/uploads\/2025\/12\/Perussion-1024x683.jpg 1024w, https:\/\/hwb.thetechvillehub.com\/wp-content\/uploads\/2025\/12\/Perussion-1536x1024.jpg 1536w, https:\/\/hwb.thetechvillehub.com\/wp-content\/uploads\/2025\/12\/Perussion-2048x1365.jpg 2048w\" sizes=\"(max-width: 768px) 100vw, 768px\" \/>\t\t\t\t\t\t\t\t\t\t\t\t\t\t\t<\/div>\n\t\t\t\t\t<\/div>\n\t\t<\/div>\n\t\t\t\t<div class=\"elementor-column elementor-col-50 elementor-top-column elementor-element elementor-element-5b3d7fc\" data-id=\"5b3d7fc\" data-element_type=\"column\" data-e-type=\"column\" data-settings=\"{&quot;background_background&quot;:&quot;classic&quot;}\">\n\t\t\t<div class=\"elementor-widget-wrap elementor-element-populated\">\n\t\t\t\t\t\t<div class=\"elementor-element elementor-element-9b74567 elementor-widget elementor-widget-songbook_core_section_title\" data-id=\"9b74567\" data-element_type=\"widget\" data-e-type=\"widget\" data-widget_type=\"songbook_core_section_title.default\">\n\t\t\t\t<div class=\"elementor-widget-container\">\n\t\t\t\t\t<div class=\"qodef-shortcode qodef-m  qodef-section-title qodef-alignment--left\">\n\t\t<h6 class=\"qodef-m-subtitle\" >\n\t\t<span>\n\t\t\tVurmal\u0131 \u00e7alg\u0131lar\t\t<\/span>\n\t<\/h6>\n\t\t<h1 class=\"qodef-m-title\" style=\"margin-top: 11px\">\n\t\t\t\t\tDavul, Bendir, Darbuka\t\t\t<\/h1>\n\t\t<\/div>\t\t\t\t<\/div>\n\t\t\t\t<\/div>\n\t\t\t\t<div class=\"elementor-element elementor-element-67c57a7 elementor-widget elementor-widget-text-editor\" data-id=\"67c57a7\" data-element_type=\"widget\" data-e-type=\"widget\" data-widget_type=\"text-editor.default\">\n\t\t\t\t\t\t\t\t\t<p>Deutsch-T\u00fcrkische Musikakademie\u2019nin Vurmal\u0131 \u00c7alg\u0131lar B\u00f6l\u00fcm\u00fc, ritmin temel g\u00fcc\u00fcn\u00fc ve m\u00fczi\u011fin enerjik yap\u0131s\u0131n\u0131 merkeze alarak kapsaml\u0131 bir e\u011fitim sunar. E\u011fitim hem Bat\u0131 m\u00fczi\u011finin ritmik yap\u0131s\u0131n\u0131 hem de T\u00fcrk m\u00fczi\u011finin (d\u00fcz ve aksak usuller) geleneksel ritim anlay\u0131\u015f\u0131n\u0131 kapsar. Derslerde <em>Davul, Bendir, Darbuka<\/em> ve benzeri vurmal\u0131 \u00e7alg\u0131lar uygulamal\u0131 olarak \u00f6\u011fretilir.<br \/>\u00d6\u011frenciler, Bat\u0131 m\u00fczi\u011fine \u00f6zg\u00fc metronomik ritim yap\u0131lar\u0131n\u0131 ve T\u00fcrk m\u00fczi\u011finin karakteristik usullerini \u00f6\u011frenerek iki farkl\u0131 m\u00fczik k\u00fclt\u00fcr\u00fcn\u00fcn ritmik zenginli\u011fini deneyimleme f\u0131rsat\u0131 bulur. Ama\u00e7, ritim alg\u0131s\u0131 geli\u015fmi\u015f, \u00e7ok y\u00f6nl\u00fc ve hem modern hemde geleneksel repertuvara h\u00e2kim vurmal\u0131 \u00e7alg\u0131 sanat\u00e7\u0131lar\u0131 yeti\u015ftirmektir.<\/p>\t\t\t\t\t\t\t\t<\/div>\n\t\t\t\t\t<\/div>\n\t\t<\/div>\n\t\t\t\t\t<\/div>\n\t\t<\/section>\n\t\t\t\t<section class=\"elementor-section elementor-top-section elementor-element elementor-element-46b9c67 elementor-section-boxed elementor-section-height-default elementor-section-height-default qodef-elementor-content-no\" data-id=\"46b9c67\" data-element_type=\"section\" data-e-type=\"section\">\n\t\t\t\t\t\t<div class=\"elementor-container elementor-column-gap-default\">\n\t\t\t\t\t<div class=\"elementor-column elementor-col-100 elementor-top-column elementor-element elementor-element-032a4f2\" data-id=\"032a4f2\" data-element_type=\"column\" data-e-type=\"column\">\n\t\t\t<div class=\"elementor-widget-wrap\">\n\t\t\t\t\t\t\t<\/div>\n\t\t<\/div>\n\t\t\t\t\t<\/div>\n\t\t<\/section>\n\t\t\t\t<\/div>","protected":false},"excerpt":{"rendered":"<p>Startseite Bildungsbereiche Instrumentalausbildung Home \/ Bildungsbereiche \/ Page Percussion Percussion Davul, Bendir und Darbuka Der Percussion-Fachbereich der Deutsch-T\u00fcrkischen Musikakademie bietet eine umfassende Ausbildung, die die grundlegende Kraft des Rhythmus und die energetische Struktur der Musik in den Mittelpunkt stellt. Er umfasst sowohl die rhythmischen Strukturen der westlichen Musik als auch das traditionelle rhythmische Verst\u00e4ndnis der [&hellip;]<\/p>\n","protected":false},"author":1,"featured_media":0,"parent":0,"menu_order":0,"comment_status":"closed","ping_status":"closed","template":"page-full-width.php","meta":{"footnotes":""},"class_list":["post-4346","page","type-page","status-publish","hentry"],"_links":{"self":[{"href":"https:\/\/hwb.thetechvillehub.com\/tr\/wp-json\/wp\/v2\/pages\/4346","targetHints":{"allow":["GET"]}}],"collection":[{"href":"https:\/\/hwb.thetechvillehub.com\/tr\/wp-json\/wp\/v2\/pages"}],"about":[{"href":"https:\/\/hwb.thetechvillehub.com\/tr\/wp-json\/wp\/v2\/types\/page"}],"author":[{"embeddable":true,"href":"https:\/\/hwb.thetechvillehub.com\/tr\/wp-json\/wp\/v2\/users\/1"}],"replies":[{"embeddable":true,"href":"https:\/\/hwb.thetechvillehub.com\/tr\/wp-json\/wp\/v2\/comments?post=4346"}],"version-history":[{"count":33,"href":"https:\/\/hwb.thetechvillehub.com\/tr\/wp-json\/wp\/v2\/pages\/4346\/revisions"}],"predecessor-version":[{"id":7475,"href":"https:\/\/hwb.thetechvillehub.com\/tr\/wp-json\/wp\/v2\/pages\/4346\/revisions\/7475"}],"wp:attachment":[{"href":"https:\/\/hwb.thetechvillehub.com\/tr\/wp-json\/wp\/v2\/media?parent=4346"}],"curies":[{"name":"wp","href":"https:\/\/api.w.org\/{rel}","templated":true}]}}