{"id":4351,"date":"2025-11-10T13:44:12","date_gmt":"2025-11-10T13:44:12","guid":{"rendered":"https:\/\/hwb.thetechvillehub.com\/?page_id=4351"},"modified":"2026-04-01T21:53:13","modified_gmt":"2026-04-01T21:53:13","slug":"tanzausbildung","status":"publish","type":"page","link":"https:\/\/hwb.thetechvillehub.com\/tr\/tanzausbildung\/","title":{"rendered":"Dans E\u011fitimi"},"content":{"rendered":"<div data-elementor-type=\"wp-page\" data-elementor-id=\"4351\" class=\"elementor elementor-4351\" data-elementor-post-type=\"page\">\n\t\t\t\t\t\t<section class=\"elementor-section elementor-top-section elementor-element elementor-element-a9ee936 elementor-section-height-min-height elementor-section-boxed elementor-section-height-default elementor-section-items-middle qodef-elementor-content-no\" data-id=\"a9ee936\" data-element_type=\"section\" data-e-type=\"section\" data-settings=\"{&quot;background_background&quot;:&quot;classic&quot;}\">\n\t\t\t\t\t\t<div class=\"elementor-container elementor-column-gap-default\">\n\t\t\t\t\t<div class=\"elementor-column elementor-col-100 elementor-top-column elementor-element elementor-element-d64feb9\" data-id=\"d64feb9\" data-element_type=\"column\" data-e-type=\"column\">\n\t\t\t<div class=\"elementor-widget-wrap elementor-element-populated\">\n\t\t\t\t\t\t<div class=\"elementor-element elementor-element-9c27cda elementor-hidden-desktop elementor-hidden-tablet elementor-hidden-mobile elementor-widget elementor-widget-eael-breadcrumbs\" data-id=\"9c27cda\" data-element_type=\"widget\" data-e-type=\"widget\" data-widget_type=\"eael-breadcrumbs.default\">\n\t\t\t\t<div class=\"elementor-widget-container\">\n\t\t\t\t\t\t\t<div class=\"eael-breadcrumbs\">\n\t\t\t<div class=\"eael-breadcrumbs__content\"><a href=\"https:\/\/hwb.thetechvillehub.com\/tr\">Home<\/a> <span class=\"eael-breadcrumb-separator\">\/ Bildungsbereiche \/<\/span> <span class = \"eael-current\">Sayfa<\/span><\/div>\t\t<\/div>\n\t\t\t\t\t\t<\/div>\n\t\t\t\t<\/div>\n\t\t\t\t<div class=\"elementor-element elementor-element-a901cea elementor-icon-list--layout-inline elementor-align-center elementor-list-item-link-full_width elementor-widget elementor-widget-icon-list\" data-id=\"a901cea\" data-element_type=\"widget\" data-e-type=\"widget\" data-widget_type=\"icon-list.default\">\n\t\t\t\t\t\t\t<ul class=\"elementor-icon-list-items elementor-inline-items\">\n\t\t\t\t\t\t\t<li class=\"elementor-icon-list-item elementor-inline-item\">\n\t\t\t\t\t\t\t\t\t\t\t<a href=\"https:\/\/hwb.thetechvillehub.com\/tr\/\">\n\n\t\t\t\t\t\t\t\t\t\t\t<span class=\"elementor-icon-list-text\">Ana Sayfa<\/span>\n\t\t\t\t\t\t\t\t\t\t\t<\/a>\n\t\t\t\t\t\t\t\t\t<\/li>\n\t\t\t\t\t\t\t\t<li class=\"elementor-icon-list-item elementor-inline-item\">\n\t\t\t\t\t\t\t\t\t\t<span class=\"elementor-icon-list-text\">E\u011fitim Alanlar\u0131 <\/span>\n\t\t\t\t\t\t\t\t\t<\/li>\n\t\t\t\t\t\t<\/ul>\n\t\t\t\t\t\t<\/div>\n\t\t\t\t<div class=\"elementor-element elementor-element-c01d05d elementor-widget elementor-widget-heading\" data-id=\"c01d05d\" data-element_type=\"widget\" data-e-type=\"widget\" data-widget_type=\"heading.default\">\n\t\t\t\t\t<h2 class=\"elementor-heading-title elementor-size-default\">Dans E\u011fitimi<\/h2>\t\t\t\t<\/div>\n\t\t\t\t\t<\/div>\n\t\t<\/div>\n\t\t\t\t\t<\/div>\n\t\t<\/section>\n\t\t\t\t<section class=\"elementor-section elementor-top-section elementor-element elementor-element-e38d2ef qodef-elementor-content-grid elementor-section-boxed elementor-section-height-default elementor-section-height-default\" data-id=\"e38d2ef\" data-element_type=\"section\" data-e-type=\"section\">\n\t\t\t\t\t\t<div class=\"elementor-container elementor-column-gap-default\">\n\t\t\t\t\t<div class=\"elementor-column elementor-col-50 elementor-top-column elementor-element elementor-element-ffb9c07\" data-id=\"ffb9c07\" data-element_type=\"column\" data-e-type=\"column\" data-settings=\"{&quot;background_background&quot;:&quot;classic&quot;}\">\n\t\t\t<div class=\"elementor-widget-wrap elementor-element-populated\">\n\t\t\t\t\t\t<div class=\"elementor-element elementor-element-0cb00f8 elementor-widget elementor-widget-image\" data-id=\"0cb00f8\" data-element_type=\"widget\" data-e-type=\"widget\" data-widget_type=\"image.default\">\n\t\t\t\t\t\t\t\t\t\t\t\t\t\t\t<img fetchpriority=\"high\" decoding=\"async\" width=\"1300\" height=\"650\" src=\"https:\/\/hwb.thetechvillehub.com\/wp-content\/uploads\/2025\/11\/Screenshot-2025-04-30-at-2.44.15-PM-1300x650.png\" class=\"attachment-qi_blocks_image_size_landscape size-qi_blocks_image_size_landscape wp-image-5041\" alt=\"\" \/>\t\t\t\t\t\t\t\t\t\t\t\t\t\t\t<\/div>\n\t\t\t\t\t<\/div>\n\t\t<\/div>\n\t\t\t\t<div class=\"elementor-column elementor-col-50 elementor-top-column elementor-element elementor-element-5b3d7fc\" data-id=\"5b3d7fc\" data-element_type=\"column\" data-e-type=\"column\" data-settings=\"{&quot;background_background&quot;:&quot;classic&quot;}\">\n\t\t\t<div class=\"elementor-widget-wrap elementor-element-populated\">\n\t\t\t\t\t\t<div class=\"elementor-element elementor-element-67c57a7 elementor-widget elementor-widget-text-editor\" data-id=\"67c57a7\" data-element_type=\"widget\" data-e-type=\"widget\" data-widget_type=\"text-editor.default\">\n\t\t\t\t\t\t\t\t\t<p class=\"p1\">Her sanat dal\u0131nda oldu\u011fu gibi Anadolu\u2018ya ait Halk Danslar\u0131m\u0131z da varolu\u015f sebebini\nya\u015fanm\u0131\u015fl\u0131klar\u0131m\u0131zdan al\u0131r. Ya\u015fanan her\u015fey er yada ge\u00e7 g\u00f6r\u00fcnmek ister. Asl\u0131nda zaman\u0131n \u00f6nemi yoktur. Anadolumuzun her k\u00f6\u015fesinde icra edilen Halkoyunlar\u0131m\u0131z; Atalar\u0131m\u0131z\u0131n hayatlar\u0131 boyunca ya\u015fad\u0131klar\u0131 sevin\u00e7lerini \u00fcz\u00fcnt\u00fclerini, zafer veya yenilgilerini, g\u00f6\u00e7lerini sevdalar\u0131n\u0131, g\u00fcnl\u00fck ya\u015famlar\u0131n\u0131 ve buna benzer say\u0131s\u0131z deneyimlerini, bedenlerini kullanarak ifade etme ve y\u00fczy\u0131llar\u0131 a\u015farak g\u00fcn\u00fcm\u00fcze kadar getirme becerileridir.<\/p>\t\t\t\t\t\t\t\t<\/div>\n\t\t\t\t\t<\/div>\n\t\t<\/div>\n\t\t\t\t\t<\/div>\n\t\t<\/section>\n\t\t\t\t<section class=\"elementor-section elementor-top-section elementor-element elementor-element-0ba8104 qodef-elementor-content-grid elementor-section-boxed elementor-section-height-default elementor-section-height-default\" data-id=\"0ba8104\" data-element_type=\"section\" data-e-type=\"section\">\n\t\t\t\t\t\t<div class=\"elementor-container elementor-column-gap-default\">\n\t\t\t\t\t<div class=\"elementor-column elementor-col-50 elementor-top-column elementor-element elementor-element-acc0eed\" data-id=\"acc0eed\" data-element_type=\"column\" data-e-type=\"column\" data-settings=\"{&quot;background_background&quot;:&quot;classic&quot;}\">\n\t\t\t<div class=\"elementor-widget-wrap elementor-element-populated\">\n\t\t\t\t\t\t<div class=\"elementor-element elementor-element-ae0738c elementor-widget elementor-widget-text-editor\" data-id=\"ae0738c\" data-element_type=\"widget\" data-e-type=\"widget\" data-widget_type=\"text-editor.default\">\n\t\t\t\t\t\t\t\t\t<p class=\"p1\">Bizler de t\u0131p k\u0131 uzak do\u011fu da oldu\u011fu gibi i\u00e7sel g\u00fcc\u00fcm\u00fcz\u00fc ge\u00e7mi\u015f ya\u015fanm\u0131\u015fl\u0131klar\u0131m\u0131zdan al\u0131r\u0131z. \u00c7\u00fcnk\u00fc zihin unutsa da beden aktar\u0131lan genler vas\u0131tas\u0131yla asla unutmaz sadece saklar. Ta ki bir g\u00fcn sezgisel olarak yak\u0131n hissetti\u011fimiz bir ezgi ile dans edene kadar. Sebebini anlayamadan \u00e7o\u015fku ve heyecan duyar\u0131z. Epigenetik aktar\u0131mla gelen h\u00fccresel haf\u0131zam\u0131z harekete ge\u00e7er ve biz ya\u015f\u0131m\u0131z ka\u00e7 olursa olsun bir ak\u0131\u015fla kendimizi geleneksel dans\u0131m\u0131z\u0131n i\u00e7inde b\u00fct\u00fcnle\u015fmi\u015f bulabiliriz. Bu bak\u0131\u015f a\u00e7\u0131s\u0131ndan yola \u00e7\u0131k\u0131ld\u0131\u011f\u0131nda, ya\u015fad\u0131\u011f\u0131m\u0131z \u00e7a\u011f ile ge\u00e7mi\u015fimizi b\u00fct\u00fcnle\u015ftirebilir ve gelece\u011fimizin in\u015fas\u0131nda, yeni deneyimlerimizi de ekleyerek bedenlerimiz\nvas\u0131tas\u0131yla kendimizi ifade etme g\u00fcc\u00fc bulabiliriz. Sanatta ifade bulmak, \u00f6ncelikle kendimizin daha sonra toplum ve insanl\u0131\u011f\u0131n bir \u00fcst versiyonuna katk\u0131 sa\u011flad\u0131\u011f\u0131 bir ger\u00e7ektir.<\/p>\t\t\t\t\t\t\t\t<\/div>\n\t\t\t\t\t<\/div>\n\t\t<\/div>\n\t\t\t\t<div class=\"elementor-column elementor-col-50 elementor-top-column elementor-element elementor-element-2e56e52\" data-id=\"2e56e52\" data-element_type=\"column\" data-e-type=\"column\" data-settings=\"{&quot;background_background&quot;:&quot;classic&quot;}\">\n\t\t\t<div class=\"elementor-widget-wrap elementor-element-populated\">\n\t\t\t\t\t\t<div class=\"elementor-element elementor-element-c566711 elementor-widget elementor-widget-image\" data-id=\"c566711\" data-element_type=\"widget\" data-e-type=\"widget\" data-widget_type=\"image.default\">\n\t\t\t\t\t\t\t\t\t\t\t\t\t\t\t<img decoding=\"async\" width=\"660\" height=\"443\" src=\"https:\/\/hwb.thetechvillehub.com\/wp-content\/uploads\/2025\/11\/UNADJUSTEDNONRAW_thumb_2af-1.jpg\" class=\"attachment-medium_large size-medium_large wp-image-5036\" alt=\"\" srcset=\"https:\/\/hwb.thetechvillehub.com\/wp-content\/uploads\/2025\/11\/UNADJUSTEDNONRAW_thumb_2af-1.jpg 660w, https:\/\/hwb.thetechvillehub.com\/wp-content\/uploads\/2025\/11\/UNADJUSTEDNONRAW_thumb_2af-1-300x201.jpg 300w\" sizes=\"(max-width: 660px) 100vw, 660px\" \/>\t\t\t\t\t\t\t\t\t\t\t\t\t\t\t<\/div>\n\t\t\t\t\t<\/div>\n\t\t<\/div>\n\t\t\t\t\t<\/div>\n\t\t<\/section>\n\t\t\t\t<section class=\"elementor-section elementor-top-section elementor-element elementor-element-4ad5bca qodef-elementor-content-grid elementor-section-boxed elementor-section-height-default elementor-section-height-default\" data-id=\"4ad5bca\" data-element_type=\"section\" data-e-type=\"section\">\n\t\t\t\t\t\t<div class=\"elementor-container elementor-column-gap-default\">\n\t\t\t\t\t<div class=\"elementor-column elementor-col-50 elementor-top-column elementor-element elementor-element-f15e50f\" data-id=\"f15e50f\" data-element_type=\"column\" data-e-type=\"column\" data-settings=\"{&quot;background_background&quot;:&quot;classic&quot;}\">\n\t\t\t<div class=\"elementor-widget-wrap elementor-element-populated\">\n\t\t\t\t\t\t<div class=\"elementor-element elementor-element-1026e99 elementor-widget elementor-widget-image\" data-id=\"1026e99\" data-element_type=\"widget\" data-e-type=\"widget\" data-widget_type=\"image.default\">\n\t\t\t\t\t\t\t\t\t\t\t\t\t\t\t<img decoding=\"async\" width=\"768\" height=\"768\" src=\"https:\/\/hwb.thetechvillehub.com\/wp-content\/uploads\/2026\/03\/songul-bw-768x768.png\" class=\"attachment-medium_large size-medium_large wp-image-6763\" alt=\"\" srcset=\"https:\/\/hwb.thetechvillehub.com\/wp-content\/uploads\/2026\/03\/songul-bw-768x768.png 768w, https:\/\/hwb.thetechvillehub.com\/wp-content\/uploads\/2026\/03\/songul-bw-300x300.png 300w, https:\/\/hwb.thetechvillehub.com\/wp-content\/uploads\/2026\/03\/songul-bw-1024x1024.png 1024w, https:\/\/hwb.thetechvillehub.com\/wp-content\/uploads\/2026\/03\/songul-bw-150x150.png 150w, https:\/\/hwb.thetechvillehub.com\/wp-content\/uploads\/2026\/03\/songul-bw-12x12.png 12w, https:\/\/hwb.thetechvillehub.com\/wp-content\/uploads\/2026\/03\/songul-bw-650x650.png 650w, https:\/\/hwb.thetechvillehub.com\/wp-content\/uploads\/2026\/03\/songul-bw.png 1100w\" sizes=\"(max-width: 768px) 100vw, 768px\" \/>\t\t\t\t\t\t\t\t\t\t\t\t\t\t\t<\/div>\n\t\t\t\t\t<\/div>\n\t\t<\/div>\n\t\t\t\t<div class=\"elementor-column elementor-col-50 elementor-top-column elementor-element elementor-element-b337cb4\" data-id=\"b337cb4\" data-element_type=\"column\" data-e-type=\"column\" data-settings=\"{&quot;background_background&quot;:&quot;classic&quot;}\">\n\t\t\t<div class=\"elementor-widget-wrap elementor-element-populated\">\n\t\t\t\t\t\t<div class=\"elementor-element elementor-element-6715488 elementor-widget elementor-widget-text-editor\" data-id=\"6715488\" data-element_type=\"widget\" data-e-type=\"widget\" data-widget_type=\"text-editor.default\">\n\t\t\t\t\t\t\t\t\t<p class=\"p1\">Bu sebeple hangi ya\u015f gurubu olursa olsun 0-6 ya\u015fdan sonra her birey bedensel dilini kullanmay\u0131, duygular\u0131n\u0131, ya\u015fad\u0131klar\u0131n\u0131 ifade etmeyi \u00f6\u011frenmelidir. B\u00f6ylece do\u011fmu\u015f oldu\u011fu topluma ait duygularla, kendi ya\u015fad\u0131\u011f\u0131 \u00e7a\u011f\naras\u0131nda bir ba\u011flant\u0131 kurabilir ve kendini \u00f6z\u00fcnden kopmadan yeniden tan\u0131mlayabilir. Bunun en b\u00fcy\u00fck kazanc\u0131 kendini ifade edebilen i\u00e7sel huzur, umutlu ve mutlu bireyleri topluma kazand\u0131rmakt\u0131r. Bu sebeple 0-6 ya\u015f itibariyle \u00e7ocuklar hem kendi bedenlerini tan\u0131y\u0131p kullanabilmeyi hem de bu yolla\nduygular\u0131n\u0131 ifade edebilmeyi \u00f6\u011frenmeli.<\/p>\t\t\t\t\t\t\t\t<\/div>\n\t\t\t\t\t<\/div>\n\t\t<\/div>\n\t\t\t\t\t<\/div>\n\t\t<\/section>\n\t\t\t\t<section class=\"elementor-section elementor-top-section elementor-element elementor-element-025edcf qodef-elementor-content-grid elementor-section-boxed elementor-section-height-default elementor-section-height-default\" data-id=\"025edcf\" data-element_type=\"section\" data-e-type=\"section\">\n\t\t\t\t\t\t<div class=\"elementor-container elementor-column-gap-default\">\n\t\t\t\t\t<div class=\"elementor-column elementor-col-50 elementor-top-column elementor-element elementor-element-da749b2\" data-id=\"da749b2\" data-element_type=\"column\" data-e-type=\"column\" data-settings=\"{&quot;background_background&quot;:&quot;classic&quot;}\">\n\t\t\t<div class=\"elementor-widget-wrap elementor-element-populated\">\n\t\t\t\t\t\t<div class=\"elementor-element elementor-element-7a36bbf elementor-widget elementor-widget-text-editor\" data-id=\"7a36bbf\" data-element_type=\"widget\" data-e-type=\"widget\" data-widget_type=\"text-editor.default\">\n\t\t\t\t\t\t\t\t\t<p class=\"p1\">Oynad\u0131\u011f\u0131 her oyunun hikayesini, b\u00f6lgesini, y\u00f6re tav\u0131rlar\u0131n\u0131 \u00f6\u011frenmeli ve atalar\u0131yla duyguda\u015fl\u0131\u011f\u0131 tatmal\u0131 ki, yer y\u00fcz\u00fcnde g\u00fc\u00e7l\u00fc ba\u011flarla yaln\u0131z hissetmeden\nvarl\u0131\u011f\u0131n\u0131 s\u00fcrd\u00fcrebilmelidir.<\/p>\t\t\t\t\t\t\t\t<\/div>\n\t\t\t\t\t<\/div>\n\t\t<\/div>\n\t\t\t\t<div class=\"elementor-column elementor-col-50 elementor-top-column elementor-element elementor-element-e5bfd3f\" data-id=\"e5bfd3f\" data-element_type=\"column\" data-e-type=\"column\" data-settings=\"{&quot;background_background&quot;:&quot;classic&quot;}\">\n\t\t\t<div class=\"elementor-widget-wrap elementor-element-populated\">\n\t\t\t\t\t\t<div class=\"elementor-element elementor-element-76a3975 elementor-widget elementor-widget-image\" data-id=\"76a3975\" data-element_type=\"widget\" data-e-type=\"widget\" data-widget_type=\"image.default\">\n\t\t\t\t\t\t\t\t\t\t\t\t\t\t\t<img loading=\"lazy\" decoding=\"async\" width=\"301\" height=\"415\" src=\"https:\/\/hwb.thetechvillehub.com\/wp-content\/uploads\/2025\/11\/UNADJUSTEDNONRAW_thumb_2bd-1.jpg\" class=\"attachment-medium_large size-medium_large wp-image-5037\" alt=\"\" srcset=\"https:\/\/hwb.thetechvillehub.com\/wp-content\/uploads\/2025\/11\/UNADJUSTEDNONRAW_thumb_2bd-1.jpg 301w, https:\/\/hwb.thetechvillehub.com\/wp-content\/uploads\/2025\/11\/UNADJUSTEDNONRAW_thumb_2bd-1-218x300.jpg 218w\" sizes=\"(max-width: 301px) 100vw, 301px\" \/>\t\t\t\t\t\t\t\t\t\t\t\t\t\t\t<\/div>\n\t\t\t\t\t<\/div>\n\t\t<\/div>\n\t\t\t\t\t<\/div>\n\t\t<\/section>\n\t\t\t\t<section class=\"elementor-section elementor-top-section elementor-element elementor-element-a74896d qodef-elementor-content-grid elementor-section-boxed elementor-section-height-default elementor-section-height-default\" data-id=\"a74896d\" data-element_type=\"section\" data-e-type=\"section\">\n\t\t\t\t\t\t<div class=\"elementor-container elementor-column-gap-default\">\n\t\t\t\t\t<div class=\"elementor-column elementor-col-50 elementor-top-column elementor-element elementor-element-cb3f806\" data-id=\"cb3f806\" data-element_type=\"column\" data-e-type=\"column\" data-settings=\"{&quot;background_background&quot;:&quot;classic&quot;}\">\n\t\t\t<div class=\"elementor-widget-wrap elementor-element-populated\">\n\t\t\t\t\t\t<div class=\"elementor-element elementor-element-e3bea66 elementor-widget elementor-widget-image\" data-id=\"e3bea66\" data-element_type=\"widget\" data-e-type=\"widget\" data-widget_type=\"image.default\">\n\t\t\t\t\t\t\t\t\t\t\t\t\t\t\t<img decoding=\"async\" width=\"660\" height=\"443\" src=\"https:\/\/hwb.thetechvillehub.com\/wp-content\/uploads\/2025\/11\/UNADJUSTEDNONRAW_thumb_2af-1.jpg\" class=\"attachment-medium_large size-medium_large wp-image-5036\" alt=\"\" srcset=\"https:\/\/hwb.thetechvillehub.com\/wp-content\/uploads\/2025\/11\/UNADJUSTEDNONRAW_thumb_2af-1.jpg 660w, https:\/\/hwb.thetechvillehub.com\/wp-content\/uploads\/2025\/11\/UNADJUSTEDNONRAW_thumb_2af-1-300x201.jpg 300w\" sizes=\"(max-width: 660px) 100vw, 660px\" \/>\t\t\t\t\t\t\t\t\t\t\t\t\t\t\t<\/div>\n\t\t\t\t\t<\/div>\n\t\t<\/div>\n\t\t\t\t<div class=\"elementor-column elementor-col-50 elementor-top-column elementor-element elementor-element-13844f7\" data-id=\"13844f7\" data-element_type=\"column\" data-e-type=\"column\" data-settings=\"{&quot;background_background&quot;:&quot;classic&quot;}\">\n\t\t\t<div class=\"elementor-widget-wrap elementor-element-populated\">\n\t\t\t\t\t\t<div class=\"elementor-element elementor-element-ddd4615 elementor-widget elementor-widget-text-editor\" data-id=\"ddd4615\" data-element_type=\"widget\" data-e-type=\"widget\" data-widget_type=\"text-editor.default\">\n\t\t\t\t\t\t\t\t\t<p class=\"p1\">T\u00fcrk Halk Danslar\u0131, de\u011fi\u015fik b\u00f6lgelere g\u00f6re \u00e7e\u015fitli farkl\u0131l\u0131klar g\u00f6sterir. \u00d6rnek olarak; Egede <em><strong>Zeybek,<\/strong><\/em> Erzurum ve \u00e7evresinde <strong><em>Bar,<\/em><\/strong> Do\u011fu ve G\u00fcneydo\u011fu Anadolu\u2019da <strong><em>Halay,<\/em><\/strong> Orta ve Do\u011fu Karadenizde <em><strong>Horon,<\/strong><\/em> Konya ve Mersinde <strong><em>Ka\u015f\u0131k,<\/em><\/strong> Trakya\u2019da <strong><em>Kars\u0327\u0131lama<\/em><\/strong> oyunlar\u0131 vard\u0131r ve her ya\u015f grubuna y\u00f6nelik e\u011fitim\n\u00e7al\u0131\u015fmalar\u0131 yap\u0131l\u0131r.<\/p>\t\t\t\t\t\t\t\t<\/div>\n\t\t\t\t\t<\/div>\n\t\t<\/div>\n\t\t\t\t\t<\/div>\n\t\t<\/section>\n\t\t\t\t<\/div>","protected":false},"excerpt":{"rendered":"<p>Home \/ Bildungsbereiche \/ Page Startseite Bildungsbereiche Tanzausbildung Wie in jeder Kunstform nehmen auch unsere anatolischen Volksta\u0308nze ihren Grund fu\u0308r das Dasein aus unseren gelebten Erfahrungen. Alles, was erlebt wird, mo\u0308chte fru\u0308her oder spa\u0308ter sichtbar werden. Eigentlich spielt die Zeit keine Rolle. Unsere in jeder Ecke Anatoliens aufgefu\u0308hrten Volksta\u0308nze sind die Fa\u0308higkeit, die Freuden, Traurigkeiten, [&hellip;]<\/p>\n","protected":false},"author":1,"featured_media":0,"parent":0,"menu_order":0,"comment_status":"closed","ping_status":"closed","template":"page-full-width.php","meta":{"footnotes":""},"class_list":["post-4351","page","type-page","status-publish","hentry"],"_links":{"self":[{"href":"https:\/\/hwb.thetechvillehub.com\/tr\/wp-json\/wp\/v2\/pages\/4351","targetHints":{"allow":["GET"]}}],"collection":[{"href":"https:\/\/hwb.thetechvillehub.com\/tr\/wp-json\/wp\/v2\/pages"}],"about":[{"href":"https:\/\/hwb.thetechvillehub.com\/tr\/wp-json\/wp\/v2\/types\/page"}],"author":[{"embeddable":true,"href":"https:\/\/hwb.thetechvillehub.com\/tr\/wp-json\/wp\/v2\/users\/1"}],"replies":[{"embeddable":true,"href":"https:\/\/hwb.thetechvillehub.com\/tr\/wp-json\/wp\/v2\/comments?post=4351"}],"version-history":[{"count":42,"href":"https:\/\/hwb.thetechvillehub.com\/tr\/wp-json\/wp\/v2\/pages\/4351\/revisions"}],"predecessor-version":[{"id":7487,"href":"https:\/\/hwb.thetechvillehub.com\/tr\/wp-json\/wp\/v2\/pages\/4351\/revisions\/7487"}],"wp:attachment":[{"href":"https:\/\/hwb.thetechvillehub.com\/tr\/wp-json\/wp\/v2\/media?parent=4351"}],"curies":[{"name":"wp","href":"https:\/\/api.w.org\/{rel}","templated":true}]}}