{"id":4358,"date":"2025-11-10T13:54:22","date_gmt":"2025-11-10T13:54:22","guid":{"rendered":"https:\/\/hwb.thetechvillehub.com\/?page_id=4358"},"modified":"2026-04-02T17:21:22","modified_gmt":"2026-04-02T17:21:22","slug":"instrumentenbau","status":"publish","type":"page","link":"https:\/\/hwb.thetechvillehub.com\/tr\/instrumentenbau\/","title":{"rendered":"Enstr\u00fcman Yap\u0131m\u0131"},"content":{"rendered":"<div data-elementor-type=\"wp-page\" data-elementor-id=\"4358\" class=\"elementor elementor-4358\" data-elementor-post-type=\"page\">\n\t\t\t\t\t\t<section class=\"elementor-section elementor-top-section elementor-element elementor-element-fe7efd5 elementor-section-height-min-height elementor-section-boxed elementor-section-height-default elementor-section-items-middle qodef-elementor-content-no\" data-id=\"fe7efd5\" data-element_type=\"section\" data-e-type=\"section\" data-settings=\"{&quot;background_background&quot;:&quot;classic&quot;}\">\n\t\t\t\t\t\t<div class=\"elementor-container elementor-column-gap-default\">\n\t\t\t\t\t<div class=\"elementor-column elementor-col-100 elementor-top-column elementor-element elementor-element-f5f4977\" data-id=\"f5f4977\" data-element_type=\"column\" data-e-type=\"column\">\n\t\t\t<div class=\"elementor-widget-wrap elementor-element-populated\">\n\t\t\t\t\t\t<div class=\"elementor-element elementor-element-baa41b7 elementor-hidden-desktop elementor-hidden-tablet elementor-hidden-mobile elementor-widget elementor-widget-eael-breadcrumbs\" data-id=\"baa41b7\" data-element_type=\"widget\" data-e-type=\"widget\" data-widget_type=\"eael-breadcrumbs.default\">\n\t\t\t\t<div class=\"elementor-widget-container\">\n\t\t\t\t\t\t\t<div class=\"eael-breadcrumbs\">\n\t\t\t<div class=\"eael-breadcrumbs__content\"><a href=\"https:\/\/hwb.thetechvillehub.com\/tr\">Home<\/a> <span class=\"eael-breadcrumb-separator\">\/ Bildungsbereiche \/<\/span> <span class = \"eael-current\">Sayfa<\/span><\/div>\t\t<\/div>\n\t\t\t\t\t\t<\/div>\n\t\t\t\t<\/div>\n\t\t\t\t<div class=\"elementor-element elementor-element-271c7f3 elementor-icon-list--layout-inline elementor-align-center elementor-list-item-link-full_width elementor-widget elementor-widget-icon-list\" data-id=\"271c7f3\" data-element_type=\"widget\" data-e-type=\"widget\" data-widget_type=\"icon-list.default\">\n\t\t\t\t\t\t\t<ul class=\"elementor-icon-list-items elementor-inline-items\">\n\t\t\t\t\t\t\t<li class=\"elementor-icon-list-item elementor-inline-item\">\n\t\t\t\t\t\t\t\t\t\t\t<a href=\"https:\/\/hwb.thetechvillehub.com\/tr\/\">\n\n\t\t\t\t\t\t\t\t\t\t\t<span class=\"elementor-icon-list-text\">Ana Sayfa<\/span>\n\t\t\t\t\t\t\t\t\t\t\t<\/a>\n\t\t\t\t\t\t\t\t\t<\/li>\n\t\t\t\t\t\t\t\t<li class=\"elementor-icon-list-item elementor-inline-item\">\n\t\t\t\t\t\t\t\t\t\t<span class=\"elementor-icon-list-text\">E\u011fitim Alanlar\u0131 <\/span>\n\t\t\t\t\t\t\t\t\t<\/li>\n\t\t\t\t\t\t<\/ul>\n\t\t\t\t\t\t<\/div>\n\t\t\t\t<div class=\"elementor-element elementor-element-22f4f47 elementor-widget elementor-widget-heading\" data-id=\"22f4f47\" data-element_type=\"widget\" data-e-type=\"widget\" data-widget_type=\"heading.default\">\n\t\t\t\t\t<h2 class=\"elementor-heading-title elementor-size-default\">Enstr\u00fcman Yap\u0131m\u0131<\/h2>\t\t\t\t<\/div>\n\t\t\t\t\t<\/div>\n\t\t<\/div>\n\t\t\t\t\t<\/div>\n\t\t<\/section>\n\t\t\t\t<section class=\"elementor-section elementor-top-section elementor-element elementor-element-e38d2ef qodef-elementor-content-grid elementor-section-boxed elementor-section-height-default elementor-section-height-default\" data-id=\"e38d2ef\" data-element_type=\"section\" data-e-type=\"section\">\n\t\t\t\t\t\t<div class=\"elementor-container elementor-column-gap-default\">\n\t\t\t\t\t<div class=\"elementor-column elementor-col-50 elementor-top-column elementor-element elementor-element-ffb9c07\" data-id=\"ffb9c07\" data-element_type=\"column\" data-e-type=\"column\" data-settings=\"{&quot;background_background&quot;:&quot;classic&quot;}\">\n\t\t\t<div class=\"elementor-widget-wrap elementor-element-populated\">\n\t\t\t\t\t\t<div class=\"elementor-element elementor-element-0cb00f8 elementor-widget elementor-widget-image\" data-id=\"0cb00f8\" data-element_type=\"widget\" data-e-type=\"widget\" data-widget_type=\"image.default\">\n\t\t\t\t\t\t\t\t\t\t\t\t\t\t\t<img fetchpriority=\"high\" decoding=\"async\" width=\"768\" height=\"512\" src=\"https:\/\/hwb.thetechvillehub.com\/wp-content\/uploads\/2025\/11\/BAA09A7A-3C8A-4BC8-8A66-B6102F6EE6BC-768x512.png\" class=\"attachment-medium_large size-medium_large wp-image-4362\" alt=\"\" srcset=\"https:\/\/hwb.thetechvillehub.com\/wp-content\/uploads\/2025\/11\/BAA09A7A-3C8A-4BC8-8A66-B6102F6EE6BC-768x512.png 768w, https:\/\/hwb.thetechvillehub.com\/wp-content\/uploads\/2025\/11\/BAA09A7A-3C8A-4BC8-8A66-B6102F6EE6BC-300x200.png 300w, https:\/\/hwb.thetechvillehub.com\/wp-content\/uploads\/2025\/11\/BAA09A7A-3C8A-4BC8-8A66-B6102F6EE6BC-1024x683.png 1024w, https:\/\/hwb.thetechvillehub.com\/wp-content\/uploads\/2025\/11\/BAA09A7A-3C8A-4BC8-8A66-B6102F6EE6BC.png 1536w\" sizes=\"(max-width: 768px) 100vw, 768px\" \/>\t\t\t\t\t\t\t\t\t\t\t\t\t\t\t<\/div>\n\t\t\t\t\t<\/div>\n\t\t<\/div>\n\t\t\t\t<div class=\"elementor-column elementor-col-50 elementor-top-column elementor-element elementor-element-5b3d7fc\" data-id=\"5b3d7fc\" data-element_type=\"column\" data-e-type=\"column\" data-settings=\"{&quot;background_background&quot;:&quot;classic&quot;}\">\n\t\t\t<div class=\"elementor-widget-wrap elementor-element-populated\">\n\t\t\t\t\t\t<div class=\"elementor-element elementor-element-67c57a7 elementor-widget elementor-widget-text-editor\" data-id=\"67c57a7\" data-element_type=\"widget\" data-e-type=\"widget\" data-widget_type=\"text-editor.default\">\n\t\t\t\t\t\t\t\t\t<h3 class=\"p1\">ENSTR\u00dcMAN YAPIM AT\u00d6LYES\u0130<\/h3>\t\t\t\t\t\t\t\t<\/div>\n\t\t\t\t<div class=\"elementor-element elementor-element-6c3773c elementor-widget elementor-widget-text-editor\" data-id=\"6c3773c\" data-element_type=\"widget\" data-e-type=\"widget\" data-widget_type=\"text-editor.default\">\n\t\t\t\t\t\t\t\t\t<p>\u00c7alg\u0131 yap\u0131m at\u00f6lyemizde, kendi alanlar\u0131nda tan\u0131nm\u0131\u015f ve uzmanla\u015fm\u0131\u015f ustalarla i\u015f birli\u011fi i\u00e7erisinde \u00fcretim faaliyetleri y\u00fcr\u00fct\u00fclmektedir. Ba\u011flama, ud, kanun ve tanbur gibi geleneksel enstr\u00fcmanlar\u0131n yap\u0131m s\u00fcrecinde, y\u00fcksek niteliklere sahip se\u00e7kin malzemeler titizlikle kullan\u0131lmaktad\u0131r. Deutsch-T\u00fcrkische Musikakademie b\u00fcnyesinde \u00fcretilen bu enstr\u00fcmanlar, tamamen el i\u015f\u00e7ili\u011fine dayal\u0131 olup s\u0131n\u0131rl\u0131 say\u0131da \u00fcretilmektedir.<\/p>\t\t\t\t\t\t\t\t<\/div>\n\t\t\t\t\t<\/div>\n\t\t<\/div>\n\t\t\t\t\t<\/div>\n\t\t<\/section>\n\t\t\t\t<section class=\"elementor-section elementor-top-section elementor-element elementor-element-0df17c1 elementor-section-boxed elementor-section-height-default elementor-section-height-default qodef-elementor-content-no\" data-id=\"0df17c1\" data-element_type=\"section\" data-e-type=\"section\">\n\t\t\t\t\t\t<div class=\"elementor-container elementor-column-gap-default\">\n\t\t\t\t\t<div class=\"elementor-column elementor-col-100 elementor-top-column elementor-element elementor-element-34cd412\" data-id=\"34cd412\" data-element_type=\"column\" data-e-type=\"column\">\n\t\t\t<div class=\"elementor-widget-wrap elementor-element-populated\">\n\t\t\t\t\t\t<div class=\"elementor-element elementor-element-5d3779b elementor-arrows-position-inside elementor-widget elementor-widget-image-carousel\" data-id=\"5d3779b\" data-element_type=\"widget\" data-e-type=\"widget\" data-settings=\"{&quot;navigation&quot;:&quot;arrows&quot;,&quot;autoplay&quot;:&quot;yes&quot;,&quot;pause_on_hover&quot;:&quot;yes&quot;,&quot;pause_on_interaction&quot;:&quot;yes&quot;,&quot;autoplay_speed&quot;:5000,&quot;infinite&quot;:&quot;yes&quot;,&quot;speed&quot;:500}\" data-widget_type=\"image-carousel.default\">\n\t\t\t\t\t\t\t<div class=\"elementor-image-carousel-wrapper swiper\" role=\"region\" aria-roledescription=\"carousel\" aria-label=\"Image Carousel\" dir=\"ltr\">\n\t\t\t<div class=\"elementor-image-carousel swiper-wrapper\" aria-live=\"off\">\n\t\t\t\t\t\t\t\t<div class=\"swiper-slide\" role=\"group\" aria-roledescription=\"slide\" aria-label=\"1 von 7\"><a data-elementor-open-lightbox=\"yes\" data-elementor-lightbox-slideshow=\"5d3779b\" data-elementor-lightbox-title=\"IMG_2692 copy\" data-e-action-hash=\"#elementor-action%3Aaction%3Dlightbox%26settings%3DeyJpZCI6NzM0NCwidXJsIjoiaHR0cHM6XC9cL2h3Yi50aGV0ZWNodmlsbGVodWIuY29tXC93cC1jb250ZW50XC91cGxvYWRzXC8yMDI2XC8wNFwvSU1HXzI2OTItY29weS5qcGVnIiwic2xpZGVzaG93IjoiNWQzNzc5YiJ9\" href=\"https:\/\/hwb.thetechvillehub.com\/wp-content\/uploads\/2026\/04\/IMG_2692-copy.jpeg\"><figure class=\"swiper-slide-inner\"><img decoding=\"async\" class=\"swiper-slide-image\" src=\"https:\/\/hwb.thetechvillehub.com\/wp-content\/uploads\/2026\/04\/IMG_2692-copy-218x300.jpeg\" alt=\"IMG_2692 copy\" \/><\/figure><\/a><\/div><div class=\"swiper-slide\" role=\"group\" aria-roledescription=\"slide\" aria-label=\"2 von 7\"><a data-elementor-open-lightbox=\"yes\" data-elementor-lightbox-slideshow=\"5d3779b\" data-elementor-lightbox-title=\"IMG_4410\" data-e-action-hash=\"#elementor-action%3Aaction%3Dlightbox%26settings%3DeyJpZCI6NzYzOCwidXJsIjoiaHR0cHM6XC9cL2h3Yi50aGV0ZWNodmlsbGVodWIuY29tXC93cC1jb250ZW50XC91cGxvYWRzXC8yMDI2XC8wNFwvSU1HXzQ0MTAtc2NhbGVkLmpwZyIsInNsaWRlc2hvdyI6IjVkMzc3OWIifQ%3D%3D\" href=\"https:\/\/hwb.thetechvillehub.com\/wp-content\/uploads\/2026\/04\/IMG_4410-scaled.jpg\"><figure class=\"swiper-slide-inner\"><img decoding=\"async\" class=\"swiper-slide-image\" src=\"https:\/\/hwb.thetechvillehub.com\/wp-content\/uploads\/2026\/04\/IMG_4410-265x300.jpg\" alt=\"IMG_4410\" \/><\/figure><\/a><\/div><div class=\"swiper-slide\" role=\"group\" aria-roledescription=\"slide\" aria-label=\"3 von 7\"><a data-elementor-open-lightbox=\"yes\" data-elementor-lightbox-slideshow=\"5d3779b\" data-elementor-lightbox-title=\"IMG_5510\" data-e-action-hash=\"#elementor-action%3Aaction%3Dlightbox%26settings%3DeyJpZCI6NzYzOSwidXJsIjoiaHR0cHM6XC9cL2h3Yi50aGV0ZWNodmlsbGVodWIuY29tXC93cC1jb250ZW50XC91cGxvYWRzXC8yMDI2XC8wNFwvSU1HXzU1MTAtc2NhbGVkLmpwZyIsInNsaWRlc2hvdyI6IjVkMzc3OWIifQ%3D%3D\" href=\"https:\/\/hwb.thetechvillehub.com\/wp-content\/uploads\/2026\/04\/IMG_5510-scaled.jpg\"><figure class=\"swiper-slide-inner\"><img decoding=\"async\" class=\"swiper-slide-image\" src=\"https:\/\/hwb.thetechvillehub.com\/wp-content\/uploads\/2026\/04\/IMG_5510-245x300.jpg\" alt=\"IMG_5510\" \/><\/figure><\/a><\/div><div class=\"swiper-slide\" role=\"group\" aria-roledescription=\"slide\" aria-label=\"4 von 7\"><a data-elementor-open-lightbox=\"yes\" data-elementor-lightbox-slideshow=\"5d3779b\" data-elementor-lightbox-title=\"IMG_5511\" data-e-action-hash=\"#elementor-action%3Aaction%3Dlightbox%26settings%3DeyJpZCI6NzY0MCwidXJsIjoiaHR0cHM6XC9cL2h3Yi50aGV0ZWNodmlsbGVodWIuY29tXC93cC1jb250ZW50XC91cGxvYWRzXC8yMDI2XC8wNFwvSU1HXzU1MTEtc2NhbGVkLmpwZyIsInNsaWRlc2hvdyI6IjVkMzc3OWIifQ%3D%3D\" href=\"https:\/\/hwb.thetechvillehub.com\/wp-content\/uploads\/2026\/04\/IMG_5511-scaled.jpg\"><figure class=\"swiper-slide-inner\"><img decoding=\"async\" class=\"swiper-slide-image\" src=\"https:\/\/hwb.thetechvillehub.com\/wp-content\/uploads\/2026\/04\/IMG_5511-222x300.jpg\" alt=\"IMG_5511\" \/><\/figure><\/a><\/div><div class=\"swiper-slide\" role=\"group\" aria-roledescription=\"slide\" aria-label=\"5 von 7\"><a data-elementor-open-lightbox=\"yes\" data-elementor-lightbox-slideshow=\"5d3779b\" data-elementor-lightbox-title=\"IMG_5512\" data-e-action-hash=\"#elementor-action%3Aaction%3Dlightbox%26settings%3DeyJpZCI6NzY0MSwidXJsIjoiaHR0cHM6XC9cL2h3Yi50aGV0ZWNodmlsbGVodWIuY29tXC93cC1jb250ZW50XC91cGxvYWRzXC8yMDI2XC8wNFwvSU1HXzU1MTItc2NhbGVkLmpwZyIsInNsaWRlc2hvdyI6IjVkMzc3OWIifQ%3D%3D\" href=\"https:\/\/hwb.thetechvillehub.com\/wp-content\/uploads\/2026\/04\/IMG_5512-scaled.jpg\"><figure class=\"swiper-slide-inner\"><img decoding=\"async\" class=\"swiper-slide-image\" src=\"https:\/\/hwb.thetechvillehub.com\/wp-content\/uploads\/2026\/04\/IMG_5512-205x300.jpg\" alt=\"IMG_5512\" \/><\/figure><\/a><\/div><div class=\"swiper-slide\" role=\"group\" aria-roledescription=\"slide\" aria-label=\"6 von 7\"><a data-elementor-open-lightbox=\"yes\" data-elementor-lightbox-slideshow=\"5d3779b\" data-elementor-lightbox-title=\"IMG_5513\" data-e-action-hash=\"#elementor-action%3Aaction%3Dlightbox%26settings%3DeyJpZCI6NzY0MiwidXJsIjoiaHR0cHM6XC9cL2h3Yi50aGV0ZWNodmlsbGVodWIuY29tXC93cC1jb250ZW50XC91cGxvYWRzXC8yMDI2XC8wNFwvSU1HXzU1MTMtc2NhbGVkLmpwZyIsInNsaWRlc2hvdyI6IjVkMzc3OWIifQ%3D%3D\" href=\"https:\/\/hwb.thetechvillehub.com\/wp-content\/uploads\/2026\/04\/IMG_5513-scaled.jpg\"><figure class=\"swiper-slide-inner\"><img decoding=\"async\" class=\"swiper-slide-image\" src=\"https:\/\/hwb.thetechvillehub.com\/wp-content\/uploads\/2026\/04\/IMG_5513-209x300.jpg\" alt=\"IMG_5513\" \/><\/figure><\/a><\/div><div class=\"swiper-slide\" role=\"group\" aria-roledescription=\"slide\" aria-label=\"7 von 7\"><a data-elementor-open-lightbox=\"yes\" data-elementor-lightbox-slideshow=\"5d3779b\" data-elementor-lightbox-title=\"IMG_5514\" data-e-action-hash=\"#elementor-action%3Aaction%3Dlightbox%26settings%3DeyJpZCI6NzY0MywidXJsIjoiaHR0cHM6XC9cL2h3Yi50aGV0ZWNodmlsbGVodWIuY29tXC93cC1jb250ZW50XC91cGxvYWRzXC8yMDI2XC8wNFwvSU1HXzU1MTQtc2NhbGVkLmpwZyIsInNsaWRlc2hvdyI6IjVkMzc3OWIifQ%3D%3D\" href=\"https:\/\/hwb.thetechvillehub.com\/wp-content\/uploads\/2026\/04\/IMG_5514-scaled.jpg\"><figure class=\"swiper-slide-inner\"><img decoding=\"async\" class=\"swiper-slide-image\" src=\"https:\/\/hwb.thetechvillehub.com\/wp-content\/uploads\/2026\/04\/IMG_5514-213x300.jpg\" alt=\"IMG_5514\" \/><\/figure><\/a><\/div>\t\t\t<\/div>\n\t\t\t\t\t\t\t\t\t\t\t\t<div class=\"elementor-swiper-button elementor-swiper-button-prev\" role=\"button\" tabindex=\"0\">\n\t\t\t\t\t\t<svg aria-hidden=\"true\" class=\"e-font-icon-svg e-eicon-chevron-left\" viewbox=\"0 0 1000 1000\" xmlns=\"http:\/\/www.w3.org\/2000\/svg\"><path d=\"M646 125C629 125 613 133 604 142L308 442C296 454 292 471 292 487 292 504 296 521 308 533L604 854C617 867 629 875 646 875 663 875 679 871 692 858 704 846 713 829 713 812 713 796 708 779 692 767L438 487 692 225C700 217 708 204 708 187 708 171 704 154 692 142 675 129 663 125 646 125Z\"><\/path><\/svg>\t\t\t\t\t<\/div>\n\t\t\t\t\t<div class=\"elementor-swiper-button elementor-swiper-button-next\" role=\"button\" tabindex=\"0\">\n\t\t\t\t\t\t<svg aria-hidden=\"true\" class=\"e-font-icon-svg e-eicon-chevron-right\" viewbox=\"0 0 1000 1000\" xmlns=\"http:\/\/www.w3.org\/2000\/svg\"><path d=\"M696 533C708 521 713 504 713 487 713 471 708 454 696 446L400 146C388 133 375 125 354 125 338 125 325 129 313 142 300 154 292 171 292 187 292 204 296 221 308 233L563 492 304 771C292 783 288 800 288 817 288 833 296 850 308 863 321 871 338 875 354 875 371 875 388 867 400 854L696 533Z\"><\/path><\/svg>\t\t\t\t\t<\/div>\n\t\t\t\t\n\t\t\t\t\t\t\t\t\t<\/div>\n\t\t\t\t\t\t<\/div>\n\t\t\t\t<div class=\"elementor-element elementor-element-2215e53 elementor-widget elementor-widget-text-editor\" data-id=\"2215e53\" data-element_type=\"widget\" data-e-type=\"widget\" data-widget_type=\"text-editor.default\">\n\t\t\t\t\t\t\t\t\t<p style=\"text-align: center;\">Ba\u011flama ile ilgili bu formlar, \u0130stanbul Teknik \u00dcniversitesi T\u00fcrk Musikisi Devlet Konservatuvar\u0131 \u00c7alg\u0131 Yap\u0131m B\u00f6l\u00fcm\u00fc\u2019n\u00fcn kurucusu Cafer A\u00e7\u0131n\u2019a aittir.<\/p>\t\t\t\t\t\t\t\t<\/div>\n\t\t\t\t\t<\/div>\n\t\t<\/div>\n\t\t\t\t\t<\/div>\n\t\t<\/section>\n\t\t\t\t<\/div>","protected":false},"excerpt":{"rendered":"<p>Home \/ Bildungsbereiche \/ Page Startseite Bildungsbereiche Instrumentenbau INSTRUMENTENBAU-WERKSTATT In unserer Instrumentenbauwerkstatt werden die Produktionsprozesse in enger Zusammenarbeit mit in ihren Fachgebieten renommierten und spezialisierten Meistern durchgef\u00fchrt. Bei der Herstellung traditioneller Instrumente wie Ba\u011flama, Ud, Kanun und Tanbur kommen sorgf\u00e4ltig ausgew\u00e4hlte Materialien von h\u00f6chster Qualit\u00e4t zum Einsatz. Die im Rahmen der Deutsch-T\u00fcrkischen Musikakademie gefertigten Instrumente [&hellip;]<\/p>\n","protected":false},"author":1,"featured_media":0,"parent":0,"menu_order":0,"comment_status":"closed","ping_status":"closed","template":"page-full-width.php","meta":{"footnotes":""},"class_list":["post-4358","page","type-page","status-publish","hentry"],"_links":{"self":[{"href":"https:\/\/hwb.thetechvillehub.com\/tr\/wp-json\/wp\/v2\/pages\/4358","targetHints":{"allow":["GET"]}}],"collection":[{"href":"https:\/\/hwb.thetechvillehub.com\/tr\/wp-json\/wp\/v2\/pages"}],"about":[{"href":"https:\/\/hwb.thetechvillehub.com\/tr\/wp-json\/wp\/v2\/types\/page"}],"author":[{"embeddable":true,"href":"https:\/\/hwb.thetechvillehub.com\/tr\/wp-json\/wp\/v2\/users\/1"}],"replies":[{"embeddable":true,"href":"https:\/\/hwb.thetechvillehub.com\/tr\/wp-json\/wp\/v2\/comments?post=4358"}],"version-history":[{"count":66,"href":"https:\/\/hwb.thetechvillehub.com\/tr\/wp-json\/wp\/v2\/pages\/4358\/revisions"}],"predecessor-version":[{"id":7661,"href":"https:\/\/hwb.thetechvillehub.com\/tr\/wp-json\/wp\/v2\/pages\/4358\/revisions\/7661"}],"wp:attachment":[{"href":"https:\/\/hwb.thetechvillehub.com\/tr\/wp-json\/wp\/v2\/media?parent=4358"}],"curies":[{"name":"wp","href":"https:\/\/api.w.org\/{rel}","templated":true}]}}