{"id":4366,"date":"2025-11-10T14:31:43","date_gmt":"2025-11-10T14:31:43","guid":{"rendered":"https:\/\/hwb.thetechvillehub.com\/?page_id=4366"},"modified":"2026-04-02T16:51:20","modified_gmt":"2026-04-02T16:51:20","slug":"chor-gesang","status":"publish","type":"page","link":"https:\/\/hwb.thetechvillehub.com\/tr\/chor-gesang\/","title":{"rendered":"Koro &amp; \u015ean"},"content":{"rendered":"<div data-elementor-type=\"wp-page\" data-elementor-id=\"4366\" class=\"elementor elementor-4366\" data-elementor-post-type=\"page\">\n\t\t\t\t\t\t<section class=\"elementor-section elementor-top-section elementor-element elementor-element-435d7c0 elementor-section-height-min-height elementor-section-boxed elementor-section-height-default elementor-section-items-middle qodef-elementor-content-no\" data-id=\"435d7c0\" data-element_type=\"section\" data-e-type=\"section\" data-settings=\"{&quot;background_background&quot;:&quot;classic&quot;}\">\n\t\t\t\t\t\t<div class=\"elementor-container elementor-column-gap-default\">\n\t\t\t\t\t<div class=\"elementor-column elementor-col-100 elementor-top-column elementor-element elementor-element-8fdb9b0\" data-id=\"8fdb9b0\" data-element_type=\"column\" data-e-type=\"column\">\n\t\t\t<div class=\"elementor-widget-wrap elementor-element-populated\">\n\t\t\t\t\t\t<div class=\"elementor-element elementor-element-3a6b45d elementor-hidden-desktop elementor-hidden-tablet elementor-hidden-mobile elementor-widget elementor-widget-eael-breadcrumbs\" data-id=\"3a6b45d\" data-element_type=\"widget\" data-e-type=\"widget\" data-widget_type=\"eael-breadcrumbs.default\">\n\t\t\t\t<div class=\"elementor-widget-container\">\n\t\t\t\t\t\t\t<div class=\"eael-breadcrumbs\">\n\t\t\t<div class=\"eael-breadcrumbs__content\"><a href=\"https:\/\/hwb.thetechvillehub.com\/tr\">Home<\/a> <span class=\"eael-breadcrumb-separator\">\/ Bildungsbereiche \/<\/span> <span class = \"eael-current\">Sayfa<\/span><\/div>\t\t<\/div>\n\t\t\t\t\t\t<\/div>\n\t\t\t\t<\/div>\n\t\t\t\t<div class=\"elementor-element elementor-element-1a5e8c7 elementor-icon-list--layout-inline elementor-align-center elementor-list-item-link-full_width elementor-widget elementor-widget-icon-list\" data-id=\"1a5e8c7\" data-element_type=\"widget\" data-e-type=\"widget\" data-widget_type=\"icon-list.default\">\n\t\t\t\t\t\t\t<ul class=\"elementor-icon-list-items elementor-inline-items\">\n\t\t\t\t\t\t\t<li class=\"elementor-icon-list-item elementor-inline-item\">\n\t\t\t\t\t\t\t\t\t\t\t<a href=\"https:\/\/hwb.thetechvillehub.com\/tr\/\">\n\n\t\t\t\t\t\t\t\t\t\t\t<span class=\"elementor-icon-list-text\">Ana Sayfa<\/span>\n\t\t\t\t\t\t\t\t\t\t\t<\/a>\n\t\t\t\t\t\t\t\t\t<\/li>\n\t\t\t\t\t\t\t\t<li class=\"elementor-icon-list-item elementor-inline-item\">\n\t\t\t\t\t\t\t\t\t\t<span class=\"elementor-icon-list-text\">E\u011fitim Alanlar\u0131 <\/span>\n\t\t\t\t\t\t\t\t\t<\/li>\n\t\t\t\t\t\t<\/ul>\n\t\t\t\t\t\t<\/div>\n\t\t\t\t<div class=\"elementor-element elementor-element-49af703 elementor-widget elementor-widget-heading\" data-id=\"49af703\" data-element_type=\"widget\" data-e-type=\"widget\" data-widget_type=\"heading.default\">\n\t\t\t\t\t<h2 class=\"elementor-heading-title elementor-size-default\">KORO &amp; \u015eAN E\u011e\u0130T\u0130M\u0130<\/h2>\t\t\t\t<\/div>\n\t\t\t\t\t<\/div>\n\t\t<\/div>\n\t\t\t\t\t<\/div>\n\t\t<\/section>\n\t\t\t\t<section class=\"elementor-section elementor-top-section elementor-element elementor-element-e38d2ef qodef-elementor-content-grid elementor-section-boxed elementor-section-height-default elementor-section-height-default\" data-id=\"e38d2ef\" data-element_type=\"section\" data-e-type=\"section\">\n\t\t\t\t\t\t<div class=\"elementor-container elementor-column-gap-default\">\n\t\t\t\t\t<div class=\"elementor-column elementor-col-50 elementor-top-column elementor-element elementor-element-ffb9c07\" data-id=\"ffb9c07\" data-element_type=\"column\" data-e-type=\"column\" data-settings=\"{&quot;background_background&quot;:&quot;classic&quot;}\">\n\t\t\t<div class=\"elementor-widget-wrap elementor-element-populated\">\n\t\t\t\t\t\t<div class=\"elementor-element elementor-element-0cb00f8 elementor-widget elementor-widget-image\" data-id=\"0cb00f8\" data-element_type=\"widget\" data-e-type=\"widget\" data-widget_type=\"image.default\">\n\t\t\t\t\t\t\t\t\t\t\t\t\t\t\t<img fetchpriority=\"high\" decoding=\"async\" width=\"623\" height=\"415\" src=\"https:\/\/hwb.thetechvillehub.com\/wp-content\/uploads\/2025\/12\/Choir-Konzert-OTTO-BRAUN-SAAL-2019.jpg\" class=\"attachment-medium_large size-medium_large wp-image-5921\" alt=\"\" srcset=\"https:\/\/hwb.thetechvillehub.com\/wp-content\/uploads\/2025\/12\/Choir-Konzert-OTTO-BRAUN-SAAL-2019.jpg 623w, https:\/\/hwb.thetechvillehub.com\/wp-content\/uploads\/2025\/12\/Choir-Konzert-OTTO-BRAUN-SAAL-2019-300x200.jpg 300w\" sizes=\"(max-width: 623px) 100vw, 623px\" \/>\t\t\t\t\t\t\t\t\t\t\t\t\t\t\t<\/div>\n\t\t\t\t\t<\/div>\n\t\t<\/div>\n\t\t\t\t<div class=\"elementor-column elementor-col-50 elementor-top-column elementor-element elementor-element-5b3d7fc\" data-id=\"5b3d7fc\" data-element_type=\"column\" data-e-type=\"column\" data-settings=\"{&quot;background_background&quot;:&quot;classic&quot;}\">\n\t\t\t<div class=\"elementor-widget-wrap elementor-element-populated\">\n\t\t\t\t\t\t<div class=\"elementor-element elementor-element-67c57a7 elementor-widget elementor-widget-text-editor\" data-id=\"67c57a7\" data-element_type=\"widget\" data-e-type=\"widget\" data-widget_type=\"text-editor.default\">\n\t\t\t\t\t\t\t\t\t<h4>DEUTSCH-T\u00dcRKISCHE MUSIKAKADEMIE KOROSU<\/h4>\t\t\t\t\t\t\t\t<\/div>\n\t\t\t\t<div class=\"elementor-element elementor-element-204ad79 elementor-widget elementor-widget-text-editor\" data-id=\"204ad79\" data-element_type=\"widget\" data-e-type=\"widget\" data-widget_type=\"text-editor.default\">\n\t\t\t\t\t\t\t\t\t<p>Deutsch-T\u00fcrkische Musikakademie korosu yeti\u015fkin kad\u0131n ve erkek seslerinden olu\u015fturulur. Repertuvar olarak hem anadolu halk  m\u00fczigi ve hemde  klasik t\u00fcrk m\u00fczi\u011fi eserlerini isler . Verilecek ses e\u011fitimi ile\nbirlikte eserlerin en \u00fcst d\u00fczeyde asl\u0131na uygun olarak icra edilebilmesi i\u00e7in \u00e7al\u0131\u015fmalar yapar, bu\nama\u00e7la d\u00fczenli olarak konserler verir.<\/p>\t\t\t\t\t\t\t\t<\/div>\n\t\t\t\t\t<\/div>\n\t\t<\/div>\n\t\t\t\t\t<\/div>\n\t\t<\/section>\n\t\t\t\t<section class=\"elementor-section elementor-top-section elementor-element elementor-element-0ba8104 qodef-elementor-content-grid elementor-section-boxed elementor-section-height-default elementor-section-height-default\" data-id=\"0ba8104\" data-element_type=\"section\" data-e-type=\"section\">\n\t\t\t\t\t\t<div class=\"elementor-container elementor-column-gap-default\">\n\t\t\t\t\t<div class=\"elementor-column elementor-col-50 elementor-top-column elementor-element elementor-element-acc0eed\" data-id=\"acc0eed\" data-element_type=\"column\" data-e-type=\"column\" data-settings=\"{&quot;background_background&quot;:&quot;classic&quot;}\">\n\t\t\t<div class=\"elementor-widget-wrap elementor-element-populated\">\n\t\t\t\t\t\t<div class=\"elementor-element elementor-element-ae0738c elementor-widget elementor-widget-text-editor\" data-id=\"ae0738c\" data-element_type=\"widget\" data-e-type=\"widget\" data-widget_type=\"text-editor.default\">\n\t\t\t\t\t\t\t\t\t<h4>\u015ean E\u011fitimi<\/h4>\t\t\t\t\t\t\t\t<\/div>\n\t\t\t\t<div class=\"elementor-element elementor-element-120b14c elementor-widget elementor-widget-text-editor\" data-id=\"120b14c\" data-element_type=\"widget\" data-e-type=\"widget\" data-widget_type=\"text-editor.default\">\n\t\t\t\t\t\t\t\t\t<p class=\"p1\"><strong>Klasik \u015ean E\u011fitimi<\/strong><\/p><p class=\"p1\">Klasik \u015fan sanat\u0131n\u0131, ki\u015fiye \u00f6zel egzersizler ve repertuvarla \u00f6\u011frenin.<\/p><p class=\"p1\"><strong>Yeti\u015fkinler \u0130\u00e7in Ses E\u011fitimi<\/strong><\/p><p class=\"p1\">Ses sa\u011fl\u0131\u011f\u0131n\u0131z\u0131 ve tekni\u011finizi geli\u015ftirin \u2013 nefes, artik\u00fclasyon, tiz ve pes sesler vb.<\/p><p class=\"p1\"><strong>\u201cKad\u0131nlar S\u00f6yl\u00fcyor\u201d \u2013 50 Ya\u015f \u00dczeri \u0130\u00e7in Ses E\u011fitimi<\/strong><\/p><p class=\"p1\">\u0130leri ya\u015flara kadar sesinizi sa\u011fl\u0131kl\u0131 tutun.\n\u201cKad\u0131nlar S\u00f6yl\u00fcyor\u201d program\u0131, 4 ila 6 ki\u015filik gruplar halinde yap\u0131l\u0131r.\nYeni ba\u015flayanlar ve ileri seviyedekiler i\u00e7in uygundur. Nota bilgisi gerekmez.<\/p><p class=\"p1\"><strong>\u00c7ocuklar \u0130\u00e7in Ses E\u011fitimi<\/strong><\/p><p class=\"p1\">7 ya\u015f ve \u00fczeri \u00e7ocuklar i\u00e7in bireysel ve 6 ki\u015fiye kadar grup dersleri. \u00c7ocuklar, sesi bir enstr\u00fcman olarak e\u011flenceli bir \u015fekilde kullanmay\u0131 \u00f6\u011frenir.<\/p>\t\t\t\t\t\t\t\t<\/div>\n\t\t\t\t\t<\/div>\n\t\t<\/div>\n\t\t\t\t<div class=\"elementor-column elementor-col-50 elementor-top-column elementor-element elementor-element-2e56e52\" data-id=\"2e56e52\" data-element_type=\"column\" data-e-type=\"column\" data-settings=\"{&quot;background_background&quot;:&quot;classic&quot;}\">\n\t\t\t<div class=\"elementor-widget-wrap elementor-element-populated\">\n\t\t\t\t\t\t<div class=\"elementor-element elementor-element-c566711 elementor-widget elementor-widget-image\" data-id=\"c566711\" data-element_type=\"widget\" data-e-type=\"widget\" data-widget_type=\"image.default\">\n\t\t\t\t\t\t\t\t\t\t\t\t\t\t\t<img decoding=\"async\" width=\"768\" height=\"588\" src=\"https:\/\/hwb.thetechvillehub.com\/wp-content\/uploads\/2025\/11\/class-img-2-768x588.webp\" class=\"attachment-medium_large size-medium_large wp-image-4368\" alt=\"\" srcset=\"https:\/\/hwb.thetechvillehub.com\/wp-content\/uploads\/2025\/11\/class-img-2-768x588.webp 768w, https:\/\/hwb.thetechvillehub.com\/wp-content\/uploads\/2025\/11\/class-img-2-300x230.webp 300w, https:\/\/hwb.thetechvillehub.com\/wp-content\/uploads\/2025\/11\/class-img-2.webp 800w\" sizes=\"(max-width: 768px) 100vw, 768px\" \/>\t\t\t\t\t\t\t\t\t\t\t\t\t\t\t<\/div>\n\t\t\t\t\t<\/div>\n\t\t<\/div>\n\t\t\t\t\t<\/div>\n\t\t<\/section>\n\t\t\t\t<\/div>","protected":false},"excerpt":{"rendered":"<p>Home \/ Bildungsbereiche \/ Page Startseite Bildungsbereiche CHOR &amp; GESANGSAUSBILDUNG CHOR DER DEUTSCH-T\u00dcRKISCHEN MUSIKAKADEMIE Der Chor der Deutsch-T\u00fcrkischen Musikakademie besteht aus erwachsenen Frauen- und M\u00e4nnerstimmen. Sein Repertoire umfasst sowohl anatolische Volksmusik als auch klassische t\u00fcrkische Musik. Durch die angebotene Gesangsausbildung arbeitet der Chor daran, die Werke originalgetreu und auf h\u00f6chstem Niveau aufzuf\u00fchren; zu diesem Zweck [&hellip;]<\/p>\n","protected":false},"author":1,"featured_media":0,"parent":0,"menu_order":0,"comment_status":"closed","ping_status":"closed","template":"page-full-width.php","meta":{"footnotes":""},"class_list":["post-4366","page","type-page","status-publish","hentry"],"_links":{"self":[{"href":"https:\/\/hwb.thetechvillehub.com\/tr\/wp-json\/wp\/v2\/pages\/4366","targetHints":{"allow":["GET"]}}],"collection":[{"href":"https:\/\/hwb.thetechvillehub.com\/tr\/wp-json\/wp\/v2\/pages"}],"about":[{"href":"https:\/\/hwb.thetechvillehub.com\/tr\/wp-json\/wp\/v2\/types\/page"}],"author":[{"embeddable":true,"href":"https:\/\/hwb.thetechvillehub.com\/tr\/wp-json\/wp\/v2\/users\/1"}],"replies":[{"embeddable":true,"href":"https:\/\/hwb.thetechvillehub.com\/tr\/wp-json\/wp\/v2\/comments?post=4366"}],"version-history":[{"count":51,"href":"https:\/\/hwb.thetechvillehub.com\/tr\/wp-json\/wp\/v2\/pages\/4366\/revisions"}],"predecessor-version":[{"id":7630,"href":"https:\/\/hwb.thetechvillehub.com\/tr\/wp-json\/wp\/v2\/pages\/4366\/revisions\/7630"}],"wp:attachment":[{"href":"https:\/\/hwb.thetechvillehub.com\/tr\/wp-json\/wp\/v2\/media?parent=4366"}],"curies":[{"name":"wp","href":"https:\/\/api.w.org\/{rel}","templated":true}]}}