{"id":4441,"date":"2025-11-17T10:42:12","date_gmt":"2025-11-17T10:42:12","guid":{"rendered":"https:\/\/hwb.thetechvillehub.com\/?page_id=4441"},"modified":"2025-12-22T20:14:03","modified_gmt":"2025-12-22T20:14:03","slug":"dozenten-aranxta-armentia","status":"publish","type":"page","link":"https:\/\/hwb.thetechvillehub.com\/tr\/dozenten-aranxta-armentia\/","title":{"rendered":"dozenten-Aranxta Armentia"},"content":{"rendered":"<div data-elementor-type=\"wp-page\" data-elementor-id=\"4441\" class=\"elementor elementor-4441\" data-elementor-post-type=\"page\">\n\t\t\t\t\t\t<section class=\"elementor-section elementor-top-section elementor-element elementor-element-d62c380 elementor-section-full_width elementor-section-height-default elementor-section-height-default qodef-elementor-content-no\" data-id=\"d62c380\" data-element_type=\"section\" data-e-type=\"section\">\n\t\t\t\t\t\t<div class=\"elementor-container elementor-column-gap-default\">\n\t\t\t\t\t<div class=\"elementor-column elementor-col-33 elementor-top-column elementor-element elementor-element-f88c9a4 elementor-hidden-tablet elementor-hidden-mobile\" data-id=\"f88c9a4\" data-element_type=\"column\" data-e-type=\"column\" data-settings=\"{&quot;background_background&quot;:&quot;classic&quot;}\">\n\t\t\t<div class=\"elementor-widget-wrap elementor-element-populated\">\n\t\t\t\t\t<div class=\"elementor-background-overlay\"><\/div>\n\t\t\t\t\t\t<div class=\"elementor-element elementor-element-34d7b5e elementor-widget elementor-widget-spacer\" data-id=\"34d7b5e\" data-element_type=\"widget\" data-e-type=\"widget\" data-widget_type=\"spacer.default\">\n\t\t\t\t\t\t\t<div class=\"elementor-spacer\">\n\t\t\t<div class=\"elementor-spacer-inner\"><\/div>\n\t\t<\/div>\n\t\t\t\t\t\t<\/div>\n\t\t\t\t\t<\/div>\n\t\t<\/div>\n\t\t\t\t<div class=\"elementor-column elementor-col-33 elementor-top-column elementor-element elementor-element-8b496a6\" data-id=\"8b496a6\" data-element_type=\"column\" data-e-type=\"column\">\n\t\t\t<div class=\"elementor-widget-wrap elementor-element-populated\">\n\t\t\t\t\t\t<div class=\"elementor-element elementor-element-77ec771 elementor-widget elementor-widget-songbook_core_section_title\" data-id=\"77ec771\" data-element_type=\"widget\" data-e-type=\"widget\" data-widget_type=\"songbook_core_section_title.default\">\n\t\t\t\t<div class=\"elementor-widget-container\">\n\t\t\t\t\t<div class=\"qodef-shortcode qodef-m  qodef-section-title qodef-alignment--left\">\n\t\t\t<h1 class=\"qodef-m-title\" style=\"margin-top: 11px\">\n\t\t\t\t\tArantxa Armentia<br \/>\t\t\t<\/h1>\n\t\t<\/div>\t\t\t\t<\/div>\n\t\t\t\t<\/div>\n\t\t\t\t<div class=\"elementor-element elementor-element-f9f9f8a elementor-widget elementor-widget-text-editor\" data-id=\"f9f9f8a\" data-element_type=\"widget\" data-e-type=\"widget\" data-widget_type=\"text-editor.default\">\n\t\t\t\t\t\t\t\t\t<p class=\"translation-block\">Arantxa Armentia, do\u011fdu\u011fu \u015fehir olan Madrid\u2019deki Real Conservatorio Superior de\nM\u00fasica\u2019da Juli\u00e1n L\u00f3pez Gimeno ve Marisa Villalba ile piyano, Pedro Lavirgen ile \u015fan e\u011fitimi ald\u0131. E\u011fitimine, Maria Venuti ile Karlsruhe M\u00fczik Y\u00fcksekokulu\u2019nda devam etti.\n1999\u20132006 y\u0131llar\u0131 aras\u0131nda Linz Eyalet Tiyatrosu\u2019nun kadrolu solisti olarak g\u00f6rev yapt\u0131. Burada Antonia, Mimi, Fiordiligi, Nedda, Rusalka, Marie (Sat\u0131lm\u0131\u015f Ni\u015fanl\u0131 \u2013 Die verkaufte Braut) ve\nMarguerite gibi rollerde sahne ald\u0131. 2006\u20132012 y\u0131llar\u0131 aras\u0131nda Hannover Devlet Operas\u0131\u2019n\u0131n solist kadrosunda yer ald\u0131. Bu s\u00fcre\u00e7te yeniden Antonia, Fiordiligi, Mimi rollerinin yan\u0131 s\u0131ra, Liu, Mica\u00ebla, Henze\u2019nin Die Bassariden operas\u0131nda Agaue, Idomeneo'da Elettra, Mozart\u2019\u0131n Le nozze di Figaro operas\u0131nda Kontes, Freia, Helmwige, Fata Morgana (\u00dc\u00e7 Portakala Duyulan A\u015fk), Desdemona ve Falstaff'ta Alice rollerini canland\u0131rd\u0131.<\/p><p>Konuk sanat\u00e7\u0131 olarak aralar\u0131nda \u015funlar\u0131n da bulundu\u011fu bir\u00e7ok \u00f6nemli sahnede yer ald\u0131:\nViyana Devlet Operas\u0131, Graz Operas\u0131, Teatro Real (Madrid), Teatro de la Maestranza (Sevilla), Gran Teatro de C\u00f3rdoba, Frankfurt Operas\u0131, Hamburg Devlet Operas\u0131, Ludwigsburg Saray Festivali, Slovenya Ulusal Tiyatrosu Maribor ve Atina\u2019daki Herodes Atticus Odeion (Athens Festival). \u00c7al\u0131\u015ft\u0131\u011f\u0131 \u00f6nemli orkestra \u015fefleri aras\u0131nda \u015fu isimler yer al\u0131r: F. Garc\u00eda Navarro, Walter Weller, Michel Plasson, Dennis Russell Davies, Enoch zu Guttenberg, Leif Segerstam, Adam Fischer, Martin Haselb\u00f6ck ve Jes\u00fas L\u00f3pez Cobos. Sahneye koyucular aras\u0131nda ise: Francisco Nieva, Gerd Heinz, Herbert Wernicke, Frank Hilbrich, Karoline Gruber, Tilmann Knabe, Philipp Himmelmann ve Barrie Kosky gibi isimlerle \u00e7al\u0131\u015ft\u0131.<\/p><p>\u0130lk pedagojik deneyimlerini, memleketi Madrid\u2019de birlikte kurdu\u011fu San Juan Bautista M\u00fczik Okulu\u2019nda edindi; burada piyano ve m\u00fcziksel erken \u00e7ocukluk e\u011fitimi dersleri verdi. Karlsruhe M\u00fczik Y\u00fcksekokulu\u2019ndaki e\u011fitimi s\u0131ras\u0131nda Prof. Maria Venuti\u2019nin asistan\u0131 olarak \u00f6\u011fretim\nfaaliyetlerinde bulundu.2010 ve 2012 y\u0131llar\u0131nda, G\u00fcney Kore\u2019nin Yonsei \u00dcniversitesi\u2019nden her y\u0131l \u00fc\u00e7 haftal\u0131\u011f\u0131na Hannover Devlet Operas\u0131\u2019n\u0131 ziyaret eden \u00f6\u011frencilere y\u00f6nelik bir yorumculuk kursunu y\u00f6netti. Ekim 2013\u2019te Yonsei \u00dcniversitesi\u2019nde \u015fan dersleri verdi.<span class=\"Apple-converted-space\">\u00a0<\/span><\/p><p>Nisan 2014\u2019te, pedagojik yeterlili\u011fini Alman \u015ean Pedagoglar\u0131 Birli\u011fi (BDG) taraf\u0131ndan verilen \u015ean Pedagojisi Sertifikas\u0131 ile tamamlad\u0131.\u00c7e\u015fitli kurs ve at\u00f6lye \u00e7al\u0131\u015fmalar\u0131nda, \u015fan e\u011fitimiyle\nilgili sorunlar ve pedagojik yakla\u015f\u0131mlar \u00fczerinde yo\u011funla\u015fmaktad\u0131r. BDG ve \u0130spanyol \u015ean \u00d6\u011fretmenleri Derne\u011fi (AEPC) \u00fcyesi olarak d\u00fczenli \u015fekilde sempozyum ve mesleki geli\u015fim\nprogramlar\u0131na kat\u0131lmaktad\u0131r. Ayr\u0131ca Schlaffhorst-Andersen Enstit\u00fcs\u00fc\u2019nden al\u0131nan Ses Terapisi \u0130leri E\u011fitim Ustal\u0131k Sertifikas\u0131\u2019na ve Evemarie Haupt'a g\u00f6re geli\u015ftirilen \"Ses Fonksiyon\nDairesiyle Entegre Ses Terapisi\" sertifikas\u0131na sahiptir.<\/p><p>2014\u20132020 y\u0131llar\u0131 aras\u0131nda Th\u00fcringen\/Suhl kentindeki \"Alfred Wagner\" M\u00fczik Okulu\u2019nda \u015fan e\u011fitmeni olarak g\u00f6rev yapt\u0131. Her ya\u015ftan amat\u00f6r \u00f6\u011frenciyle \u00e7al\u0131\u015ft\u0131, \u201c50 ya\u015f \u00fcst\u00fc kad\u0131nlar i\u00e7in ses e\u011fitimi\u201d gibi yeni kurs formatlar\u0131n\u0131 hayata ge\u00e7irdi.\nAyr\u0131ca ku\u015faklar aras\u0131 bir projede, m\u00fczik okulunun bir\u00e7ok birimini bir araya getiren bir m\u00fczikal sahneleme ger\u00e7ekle\u015ftirdi. \u015eu anda Berlin-Wei\u00dfensee\u2019deki \"Lied-Gut\" amat\u00f6r korosunda ses e\u011fitmeni olarak g\u00f6rev yapmaktad\u0131r. Berlin\u2019de kurdu\u011fu \u201cLALA\u201d <span style=\"font-family: inherit; font-size: inherit; font-style: inherit; letter-spacing: inherit; text-transform: inherit;\">\u015ean At\u00f6lyesi\u201dnde, hem yeni ba\u015flayanlara hem de konservatuvar giri\u015f s\u0131navlar\u0131na haz\u0131rlanan \u00f6\u011frencilere ders vermektedir. 2020 Sonbahar\u0131ndan bu yana WDR Dortmund \u00c7ocuk Korosu\u2019nda d\u00fczenli olarak ustal\u0131k\ns\u0131n\u0131flar\u0131 vermektedir. Ekim 2020'den itibaren, Berlin Sanat \u00dcniversitesi (UdK)\u2019nde m\u00fczik \u00f6\u011fretmenli\u011fi b\u00f6l\u00fcm\u00fcnde \u015fan e\u011fitmeni olarak g\u00f6rev yapmaktad\u0131r.<\/span><\/p>\t\t\t\t\t\t\t\t<\/div>\n\t\t\t\t\t<\/div>\n\t\t<\/div>\n\t\t\t\t<div class=\"elementor-column elementor-col-33 elementor-top-column elementor-element elementor-element-60d3430\" data-id=\"60d3430\" data-element_type=\"column\" data-e-type=\"column\" data-settings=\"{&quot;background_background&quot;:&quot;classic&quot;}\">\n\t\t\t<div class=\"elementor-widget-wrap elementor-element-populated\">\n\t\t\t\t\t\t<div class=\"elementor-element elementor-element-1d24f0a elementor-widget elementor-widget-spacer\" data-id=\"1d24f0a\" data-element_type=\"widget\" data-e-type=\"widget\" data-widget_type=\"spacer.default\">\n\t\t\t\t\t\t\t<div class=\"elementor-spacer\">\n\t\t\t<div class=\"elementor-spacer-inner\"><\/div>\n\t\t<\/div>\n\t\t\t\t\t\t<\/div>\n\t\t\t\t\t<\/div>\n\t\t<\/div>\n\t\t\t\t\t<\/div>\n\t\t<\/section>\n\t\t\t\t<\/div>","protected":false},"excerpt":{"rendered":"<p>Arantxa Armentia Arantxa Armentia studierte in ihrer Heimatstadt Madrid am Real Conservatorio Superior de M\u00fasica bei Juli\u00e1n L\u00f3pez Gimeno und Marisa Villalba Klavier, bei Pedro Lavirgen Gesang. Sie setzte ihre Studien bei Maria Venuti an der Musikhochschule in Karlsruhe fort. Von 1999 bis 2006 war sie festes Mitglied im Ensemble des Landestheaters Linz, wo sie [&hellip;]<\/p>\n","protected":false},"author":1,"featured_media":0,"parent":0,"menu_order":0,"comment_status":"closed","ping_status":"closed","template":"page-full-width.php","meta":{"footnotes":""},"class_list":["post-4441","page","type-page","status-publish","hentry"],"_links":{"self":[{"href":"https:\/\/hwb.thetechvillehub.com\/tr\/wp-json\/wp\/v2\/pages\/4441","targetHints":{"allow":["GET"]}}],"collection":[{"href":"https:\/\/hwb.thetechvillehub.com\/tr\/wp-json\/wp\/v2\/pages"}],"about":[{"href":"https:\/\/hwb.thetechvillehub.com\/tr\/wp-json\/wp\/v2\/types\/page"}],"author":[{"embeddable":true,"href":"https:\/\/hwb.thetechvillehub.com\/tr\/wp-json\/wp\/v2\/users\/1"}],"replies":[{"embeddable":true,"href":"https:\/\/hwb.thetechvillehub.com\/tr\/wp-json\/wp\/v2\/comments?post=4441"}],"version-history":[{"count":42,"href":"https:\/\/hwb.thetechvillehub.com\/tr\/wp-json\/wp\/v2\/pages\/4441\/revisions"}],"predecessor-version":[{"id":6438,"href":"https:\/\/hwb.thetechvillehub.com\/tr\/wp-json\/wp\/v2\/pages\/4441\/revisions\/6438"}],"wp:attachment":[{"href":"https:\/\/hwb.thetechvillehub.com\/tr\/wp-json\/wp\/v2\/media?parent=4441"}],"curies":[{"name":"wp","href":"https:\/\/api.w.org\/{rel}","templated":true}]}}