{"id":4447,"date":"2025-11-17T11:20:22","date_gmt":"2025-11-17T11:20:22","guid":{"rendered":"https:\/\/hwb.thetechvillehub.com\/?page_id=4447"},"modified":"2025-11-17T11:25:13","modified_gmt":"2025-11-17T11:25:13","slug":"dozenten-chia-chen-chiang","status":"publish","type":"page","link":"https:\/\/hwb.thetechvillehub.com\/tr\/dozenten-chia-chen-chiang\/","title":{"rendered":"dozenten-Chia-Chen Chiang"},"content":{"rendered":"<div data-elementor-type=\"wp-page\" data-elementor-id=\"4447\" class=\"elementor elementor-4447\" data-elementor-post-type=\"page\">\n\t\t\t\t\t\t<section class=\"elementor-section elementor-top-section elementor-element elementor-element-d62c380 elementor-section-full_width elementor-section-height-default elementor-section-height-default qodef-elementor-content-no\" data-id=\"d62c380\" data-element_type=\"section\" data-e-type=\"section\">\n\t\t\t\t\t\t<div class=\"elementor-container elementor-column-gap-default\">\n\t\t\t\t\t<div class=\"elementor-column elementor-col-25 elementor-top-column elementor-element elementor-element-6be1a60 qodef-sticky-column elementor-hidden-tablet elementor-hidden-phone\" data-id=\"6be1a60\" data-element_type=\"column\" data-e-type=\"column\" data-settings=\"{&quot;background_background&quot;:&quot;classic&quot;}\">\n\t\t\t<div class=\"elementor-widget-wrap elementor-element-populated\">\n\t\t\t\t\t\t<div class=\"elementor-element elementor-element-833a852 elementor-widget elementor-widget-spacer\" data-id=\"833a852\" data-element_type=\"widget\" data-e-type=\"widget\" data-widget_type=\"spacer.default\">\n\t\t\t\t\t\t\t<div class=\"elementor-spacer\">\n\t\t\t<div class=\"elementor-spacer-inner\"><\/div>\n\t\t<\/div>\n\t\t\t\t\t\t<\/div>\n\t\t\t\t\t<\/div>\n\t\t<\/div>\n\t\t\t\t<div class=\"elementor-column elementor-col-25 elementor-top-column elementor-element elementor-element-8b496a6\" data-id=\"8b496a6\" data-element_type=\"column\" data-e-type=\"column\">\n\t\t\t<div class=\"elementor-widget-wrap elementor-element-populated\">\n\t\t\t\t\t\t<div class=\"elementor-element elementor-element-77ec771 elementor-widget elementor-widget-songbook_core_section_title\" data-id=\"77ec771\" data-element_type=\"widget\" data-e-type=\"widget\" data-widget_type=\"songbook_core_section_title.default\">\n\t\t\t\t<div class=\"elementor-widget-container\">\n\t\t\t\t\t<div class=\"qodef-shortcode qodef-m  qodef-section-title qodef-alignment--left\">\n\t\t\t<h1 class=\"qodef-m-title\" style=\"margin-top: 11px\">\n\t\t\t\t\tChia-Chen Chiang<br \/>\t\t\t<\/h1>\n\t\t<\/div>\t\t\t\t<\/div>\n\t\t\t\t<\/div>\n\t\t\t\t<div class=\"elementor-element elementor-element-f9f9f8a elementor-widget elementor-widget-text-editor\" data-id=\"f9f9f8a\" data-element_type=\"widget\" data-e-type=\"widget\" data-widget_type=\"text-editor.default\">\n\t\t\t\t\t\t\t\t\t<p>Chia-Chen Chiang ist Pianistin, Komponistin und K\u00fcnstlerin f\u00fcr Klavierimprovisation.<\/p><p>Sie ist seit 2025 Artist in Residence an der Starke Stiftung in Berlin, Deutschland, erhielt 2019 den Dr. Eva Maria Zbick K\u00fcnstlerf\u00f6rderpreis und gewann 2023 die Goldmedaille der Global Music Awards f\u00fcr ihr Album <i>Origin<\/i>.<\/p><p>Sie ist Vertragsk\u00fcnstlerin bei der Wind Music International Corporation, die acht CD-Alben und zwei EPs mit ihren Live-Improvisationen und Originalkompositionen ver\u00f6ffentlicht hat.<\/p><p>Au\u00dferdem erhielt sie Stipendien wie den DAAD-Preis und das Deutschlandstipendium der deutschen Bundesregierung.<\/p><p>Geboren in Taoyuan, Taiwan, zog sie mit f\u00fcnfzehn Jahren nach Deutschland, um zu studieren.<\/p><p>Sie erwarb das Soloklasse Konzertexamen-Diplom an der Hochschule f\u00fcr Musik, Theater und Medien Hannover Anfang 2022.<\/p><p>Im Laufe der Jahre hat sie kontinuierlich kreative M\u00f6glichkeiten in der Musik erforscht und erweitert. Sie glaubt, dass Kunst aus einer freien Seele und tiefen Lebenserfahrungen entsteht und bewegt sich m\u00fchelos zwischen verschiedenen k\u00fcnstlerischen Dimensionen, ohne sich von konventionellen Rahmen einschr\u00e4nken zu lassen.<\/p><p>Als Pianistin trat sie in Deutschland, Frankreich, Spanien, den Niederlanden, dem Vereinigten K\u00f6nigreich, Russland, den USA und Taiwan auf.<\/p><p>Ihre Auftritte reichen von traditionellen Recitals \u2013 wie ihr Solo-Recital 2014 in der Nationalen Konzerthalle Taipei mit Bachs <i>Goldberg-Variationen <\/i>\u2013 bis zu Konzerten mit Orchestern, darunter Beethovens Klavierkonzert Nr. 3 mit dem NDR Radiophilharmonie-Orchester unter der Leitung von Howard Griffiths im Jahr 2015.<\/p><p>Seit 2022 gibt sie auch Live-Improvisationskonzerte, die dem Publikum eine ungeplante musikalische Reise direkt ins Herz bieten.<\/p><p>Als Improvisatorin arbeitete sie mit Wind Music zusammen und ver\u00f6ffentlichte sieben Live-Klavier- Improvisationsalben, zwei EPs und eine Single: die Online-Trilogie 2021 <i>Surge<\/i>, <i>Flow <\/i>ve <i>Son of the Wind<\/i>; die vierteilige Serie 2022 <i>Around<\/i><i> <\/i><i>the<\/i><i> <\/i><i>Sun<\/i>, <i>Cherishing<\/i>, <i>Simple<\/i><i> <\/i><i>and<\/i><i> <\/i><i>Innocent <\/i>ve <i>Unlimitable<\/i>; die EPs 2023 <i>Moon in the Rivers <\/i>ve <i>Night Again<\/i>; sowie die Single 2024 <i>Back to Niagara Falls<\/i>.<\/p><p>Allein auf Spotify verzeichneten ihre Improvisationen \u00fcber 30.000 H\u00f6rstunden von mehr als 40.000 Zuh\u00f6rern weltweit und ber\u00fchrten Menschen unterschiedlichster Herkunft, Nationalit\u00e4t und Glaubensrichtungen.<\/p><p>Als Komponistin enth\u00e4lt ihr preisgekr\u00f6ntes Album <i>Origin <\/i>(2023) eine Auswahl an Kompositionen aus den Jahren 2019 bis 2022.<\/p><p>Im Jahr 2024 wurde ihr neues Violinsolo <i>Shan<\/i><i> <\/i><i>Hai<\/i><i> <\/i><i>Ge<\/i><i> <\/i>in der Villa Elisabeth in Berlin von der Geigerin Qingzhu Weng uraufgef\u00fchrt.<\/p><p>Neben der Musik arbeitet Chia-Chen Chiang auch mit Worten: Ihre Gedichte, Prosatexte und Essays erscheinen auf ihren Social-Media-Plattformen.<\/p><p>Oft kombiniert sie Text und Musik in multimedialen Werken \u2013 wie auf ihrem YouTube-Kanal, wo sie Klavierimprovisationen mit intuitiver Poesie verbindet und so das Publikum in ihr inneres Universum einl\u00e4dt.<\/p>\t\t\t\t\t\t\t\t<\/div>\n\t\t\t\t<div class=\"elementor-element elementor-element-03d7b3a elementor-widget elementor-widget-songbook_core_section_title\" data-id=\"03d7b3a\" data-element_type=\"widget\" data-e-type=\"widget\" data-widget_type=\"songbook_core_section_title.default\">\n\t\t\t\t<div class=\"elementor-widget-container\">\n\t\t\t\t\t<div class=\"qodef-shortcode qodef-m  qodef-section-title qodef-alignment--left\">\n\t\t\t<h4 class=\"qodef-m-title\" >\n\t\t\t\t\tDiskografi:\t\t\t<\/h4>\n\t\t<\/div>\t\t\t\t<\/div>\n\t\t\t\t<\/div>\n\t\t\t\t<div class=\"elementor-element elementor-element-4127a42 elementor-widget elementor-widget-songbook_core_section_title\" data-id=\"4127a42\" data-element_type=\"widget\" data-e-type=\"widget\" data-widget_type=\"songbook_core_section_title.default\">\n\t\t\t\t<div class=\"elementor-widget-container\">\n\t\t\t\t\t<div class=\"qodef-shortcode qodef-m  qodef-section-title qodef-alignment--left\">\n\t\t<h6 class=\"qodef-m-subtitle\" >\n\t\t<span>\n\t\t\t2021\t\t<\/span>\n\t<\/h6>\n\t\t\t<\/div>\t\t\t\t<\/div>\n\t\t\t\t<\/div>\n\t\t\t\t<div class=\"elementor-element elementor-element-c662a7e elementor-widget elementor-widget-text-editor\" data-id=\"c662a7e\" data-element_type=\"widget\" data-e-type=\"widget\" data-widget_type=\"text-editor.default\">\n\t\t\t\t\t\t\t\t\t<p><b>Improvisations-<\/b><b>Trilogie<\/b><\/p><ul><li><i>Surge<\/i><i> <\/i><i>\u2013<\/i><i> <\/i><i>Improvisational<\/i><i> <\/i><i>Collection<\/i><i> <\/i><i>(1)<\/i><i><\/i><\/li><li><i>Flow<\/i><i> <\/i><i>\u2013<\/i><i> <\/i><i>Improvisational<\/i><i> <\/i><i>Collection<\/i><i> <\/i><i>(2)<\/i><i><\/i><\/li><li><i>Son<\/i><i> <\/i><i>of<\/i><i> <\/i><i>the<\/i><i> <\/i><i>Wind<\/i><i> <\/i><i>\u2013<\/i><i> <\/i><i>Improvisational<\/i><i> <\/i><i>Collection<\/i><i> <\/i><i>(3)<\/i><\/li><\/ul>\t\t\t\t\t\t\t\t<\/div>\n\t\t\t\t<div class=\"elementor-element elementor-element-1ad0273 elementor-widget elementor-widget-songbook_core_section_title\" data-id=\"1ad0273\" data-element_type=\"widget\" data-e-type=\"widget\" data-widget_type=\"songbook_core_section_title.default\">\n\t\t\t\t<div class=\"elementor-widget-container\">\n\t\t\t\t\t<div class=\"qodef-shortcode qodef-m  qodef-section-title qodef-alignment--left\">\n\t\t<h6 class=\"qodef-m-subtitle\" >\n\t\t<span>\n\t\t\t2022\t\t<\/span>\n\t<\/h6>\n\t\t\t<\/div>\t\t\t\t<\/div>\n\t\t\t\t<\/div>\n\t\t\t\t<div class=\"elementor-element elementor-element-1cc99ac elementor-widget elementor-widget-text-editor\" data-id=\"1cc99ac\" data-element_type=\"widget\" data-e-type=\"widget\" data-widget_type=\"text-editor.default\">\n\t\t\t\t\t\t\t\t\t<p><b>Vierteilige<\/b><b> <\/b><b>Improvisationsalbum-<\/b><b>Serie<\/b><\/p><ul><li><i>Around<\/i><i> <\/i><i>the<\/i><i> <\/i><i>Sun<\/i><i><\/i><\/li><li><i>Cherishing<\/i><i><\/i><\/li><li><i>Simple<\/i><i> <\/i><i>and <\/i><i>Innocent<\/i><i><\/i><\/li><li><i>Unlimitable<\/i><\/li><\/ul>\t\t\t\t\t\t\t\t<\/div>\n\t\t\t\t<div class=\"elementor-element elementor-element-422e00c elementor-widget elementor-widget-songbook_core_section_title\" data-id=\"422e00c\" data-element_type=\"widget\" data-e-type=\"widget\" data-widget_type=\"songbook_core_section_title.default\">\n\t\t\t\t<div class=\"elementor-widget-container\">\n\t\t\t\t\t<div class=\"qodef-shortcode qodef-m  qodef-section-title qodef-alignment--left\">\n\t\t<h6 class=\"qodef-m-subtitle\" >\n\t\t<span>\n\t\t\t2023\t\t<\/span>\n\t<\/h6>\n\t\t\t<\/div>\t\t\t\t<\/div>\n\t\t\t\t<\/div>\n\t\t\t\t<div class=\"elementor-element elementor-element-ff7bf11 elementor-widget elementor-widget-text-editor\" data-id=\"ff7bf11\" data-element_type=\"widget\" data-e-type=\"widget\" data-widget_type=\"text-editor.default\">\n\t\t\t\t\t\t\t\t\t<p><b>Goldmedaillengekr\u00f6ntes<\/b><b> <\/b><b>Album<\/b><\/p><ul><li><i>Origin<\/i>: Kompositionen f\u00fcr Klavier solo sowie Kammermusik f\u00fcr Violine und Klavier von Chia- Chen Chiang<\/li><\/ul><p><b>EPs<\/b><\/p><ul><li><i>Moon<\/i><i> <\/i><i>in<\/i><i> <\/i><i>the<\/i><i> <\/i><i>Rivers<\/i><i><\/i><\/li><li><i>Night <\/i><i>Again <\/i><i>(Beide<\/i><i> <\/i><i>enthalten<\/i><i> <\/i><i>in<\/i><i> <\/i><i>der<\/i><i> <\/i><i>EVA<\/i><i> <\/i><i>Air<\/i><i> <\/i><i>In-flight<\/i><i> <\/i><i>Music<\/i><i> <\/i><i>Selection<\/i><i> <\/i><i>2023)<\/i><\/li><\/ul>\t\t\t\t\t\t\t\t<\/div>\n\t\t\t\t<div class=\"elementor-element elementor-element-bcd85df elementor-widget elementor-widget-songbook_core_section_title\" data-id=\"bcd85df\" data-element_type=\"widget\" data-e-type=\"widget\" data-widget_type=\"songbook_core_section_title.default\">\n\t\t\t\t<div class=\"elementor-widget-container\">\n\t\t\t\t\t<div class=\"qodef-shortcode qodef-m  qodef-section-title qodef-alignment--left\">\n\t\t<h6 class=\"qodef-m-subtitle\" >\n\t\t<span>\n\t\t\t2024\t\t<\/span>\n\t<\/h6>\n\t\t\t<\/div>\t\t\t\t<\/div>\n\t\t\t\t<\/div>\n\t\t\t\t<div class=\"elementor-element elementor-element-c4c6e03 elementor-widget elementor-widget-text-editor\" data-id=\"c4c6e03\" data-element_type=\"widget\" data-e-type=\"widget\" data-widget_type=\"text-editor.default\">\n\t\t\t\t\t\t\t\t\t<p><b>Single<\/b><\/p><ul><li><i>Back<\/i><i> <\/i><i>to<\/i><i> <\/i><i>Niagara<\/i><i> <\/i><i>Falls<\/i><\/li><\/ul>\t\t\t\t\t\t\t\t<\/div>\n\t\t\t\t<div class=\"elementor-element elementor-element-d6e03ee elementor-widget elementor-widget-text-editor\" data-id=\"d6e03ee\" data-element_type=\"widget\" data-e-type=\"widget\" data-widget_type=\"text-editor.default\">\n\t\t\t\t\t\t\t\t\t<p><b>Preise<\/b><b> <\/b><b>&amp; <\/b><b>Stipendien<\/b><\/p><ul><li><b>2023<\/b><b> <\/b>\u2013 Goldmedaille, Global Music Awards f\u00fcr <i>Origin<\/i><i><\/i><\/li><li><b>2019<\/b><b> <\/b>\u2013 Dr. Eva Maria Zbick K\u00fcnstlerf\u00f6rderpreis, Deutschland<\/li><li><b>2018<\/b><b> <\/b>\u2013 Erster Preis, Asia International Piano Competition (Concerto Group), Russland<\/li><li><b>2015<\/b><b> <\/b>\u2013 Erster Preis, Ile de France International Piano Competition (Youth Group), Frankreich<\/li><li><b>2015<\/b><b> <\/b>\u2013 Erster Preis, Villa de Xabia International Piano Competition (Youth Group), Spanien<\/li><li><b>2013\u20132014<\/b><b> <\/b>\u2013 HMTM Hannover Universit\u00e4tsstipendium (HMTM Stipendium), Deutschland<\/li><li><b>2012\u20132013<\/b><b> <\/b>\u2013 Deutschlandstipendium<\/li><li><b>2012<\/b><b> <\/b>\u2013 DAAD-Preis, Deutschland<\/li><\/ul>\t\t\t\t\t\t\t\t<\/div>\n\t\t\t\t\t<\/div>\n\t\t<\/div>\n\t\t\t\t<div class=\"elementor-column elementor-col-50 elementor-top-column elementor-element elementor-element-60d3430\" data-id=\"60d3430\" data-element_type=\"column\" data-e-type=\"column\" data-settings=\"{&quot;background_background&quot;:&quot;classic&quot;}\">\n\t\t\t<div class=\"elementor-widget-wrap elementor-element-populated\">\n\t\t\t\t\t\t<div class=\"elementor-element elementor-element-1d24f0a elementor-widget elementor-widget-spacer\" data-id=\"1d24f0a\" data-element_type=\"widget\" data-e-type=\"widget\" data-widget_type=\"spacer.default\">\n\t\t\t\t\t\t\t<div class=\"elementor-spacer\">\n\t\t\t<div class=\"elementor-spacer-inner\"><\/div>\n\t\t<\/div>\n\t\t\t\t\t\t<\/div>\n\t\t\t\t\t<\/div>\n\t\t<\/div>\n\t\t\t\t\t<\/div>\n\t\t<\/section>\n\t\t\t\t<\/div>","protected":false},"excerpt":{"rendered":"<p>Chia-Chen Chiang Chia-Chen Chiang ist Pianistin, Komponistin und K\u00fcnstlerin f\u00fcr Klavierimprovisation. Sie ist seit 2025 Artist in Residence an der Starke Stiftung in Berlin, Deutschland, erhielt 2019 den Dr. Eva Maria Zbick K\u00fcnstlerf\u00f6rderpreis und gewann 2023 die Goldmedaille der Global Music Awards f\u00fcr ihr Album Origin. Sie ist Vertragsk\u00fcnstlerin bei der Wind Music International Corporation, [&hellip;]<\/p>\n","protected":false},"author":1,"featured_media":0,"parent":0,"menu_order":0,"comment_status":"closed","ping_status":"closed","template":"page-full-width.php","meta":{"footnotes":""},"class_list":["post-4447","page","type-page","status-publish","hentry"],"_links":{"self":[{"href":"https:\/\/hwb.thetechvillehub.com\/tr\/wp-json\/wp\/v2\/pages\/4447","targetHints":{"allow":["GET"]}}],"collection":[{"href":"https:\/\/hwb.thetechvillehub.com\/tr\/wp-json\/wp\/v2\/pages"}],"about":[{"href":"https:\/\/hwb.thetechvillehub.com\/tr\/wp-json\/wp\/v2\/types\/page"}],"author":[{"embeddable":true,"href":"https:\/\/hwb.thetechvillehub.com\/tr\/wp-json\/wp\/v2\/users\/1"}],"replies":[{"embeddable":true,"href":"https:\/\/hwb.thetechvillehub.com\/tr\/wp-json\/wp\/v2\/comments?post=4447"}],"version-history":[{"count":3,"href":"https:\/\/hwb.thetechvillehub.com\/tr\/wp-json\/wp\/v2\/pages\/4447\/revisions"}],"predecessor-version":[{"id":4450,"href":"https:\/\/hwb.thetechvillehub.com\/tr\/wp-json\/wp\/v2\/pages\/4447\/revisions\/4450"}],"wp:attachment":[{"href":"https:\/\/hwb.thetechvillehub.com\/tr\/wp-json\/wp\/v2\/media?parent=4447"}],"curies":[{"name":"wp","href":"https:\/\/api.w.org\/{rel}","templated":true}]}}