{"id":4459,"date":"2025-11-17T12:42:10","date_gmt":"2025-11-17T12:42:10","guid":{"rendered":"https:\/\/hwb.thetechvillehub.com\/?page_id=4459"},"modified":"2025-12-01T13:21:18","modified_gmt":"2025-12-01T13:21:18","slug":"dozenten-engin-karadag","status":"publish","type":"page","link":"https:\/\/hwb.thetechvillehub.com\/tr\/dozenten-engin-karadag\/","title":{"rendered":"dozenten-Engin Karadag"},"content":{"rendered":"<div data-elementor-type=\"wp-page\" data-elementor-id=\"4459\" class=\"elementor elementor-4459\" data-elementor-post-type=\"page\">\n\t\t\t\t\t\t<section class=\"elementor-section elementor-top-section elementor-element elementor-element-d62c380 elementor-section-full_width elementor-section-height-default elementor-section-height-default qodef-elementor-content-no\" data-id=\"d62c380\" data-element_type=\"section\" data-e-type=\"section\">\n\t\t\t\t\t\t<div class=\"elementor-container elementor-column-gap-default\">\n\t\t\t\t\t<div class=\"elementor-column elementor-col-33 elementor-top-column elementor-element elementor-element-3d2ea59 elementor-hidden-tablet elementor-hidden-mobile\" data-id=\"3d2ea59\" data-element_type=\"column\" data-e-type=\"column\" data-settings=\"{&quot;background_background&quot;:&quot;classic&quot;}\">\n\t\t\t<div class=\"elementor-widget-wrap elementor-element-populated\">\n\t\t\t\t\t<div class=\"elementor-background-overlay\"><\/div>\n\t\t\t\t\t\t<div class=\"elementor-element elementor-element-036236a elementor-widget elementor-widget-spacer\" data-id=\"036236a\" data-element_type=\"widget\" data-e-type=\"widget\" data-widget_type=\"spacer.default\">\n\t\t\t\t\t\t\t<div class=\"elementor-spacer\">\n\t\t\t<div class=\"elementor-spacer-inner\"><\/div>\n\t\t<\/div>\n\t\t\t\t\t\t<\/div>\n\t\t\t\t\t<\/div>\n\t\t<\/div>\n\t\t\t\t<div class=\"elementor-column elementor-col-33 elementor-top-column elementor-element elementor-element-8b496a6\" data-id=\"8b496a6\" data-element_type=\"column\" data-e-type=\"column\">\n\t\t\t<div class=\"elementor-widget-wrap elementor-element-populated\">\n\t\t\t\t\t\t<div class=\"elementor-element elementor-element-77ec771 elementor-widget elementor-widget-songbook_core_section_title\" data-id=\"77ec771\" data-element_type=\"widget\" data-e-type=\"widget\" data-widget_type=\"songbook_core_section_title.default\">\n\t\t\t\t<div class=\"elementor-widget-container\">\n\t\t\t\t\t<div class=\"qodef-shortcode qodef-m  qodef-section-title qodef-alignment--left\">\n\t\t\t<h1 class=\"qodef-m-title\" style=\"margin-top: 11px\">\n\t\t\t\t\tENG\u0130N KARADA\u011e<br \/>\t\t\t<\/h1>\n\t\t<\/div>\t\t\t\t<\/div>\n\t\t\t\t<\/div>\n\t\t\t\t<div class=\"elementor-element elementor-element-f9f9f8a elementor-widget elementor-widget-text-editor\" data-id=\"f9f9f8a\" data-element_type=\"widget\" data-e-type=\"widget\" data-widget_type=\"text-editor.default\">\n\t\t\t\t\t\t\t\t\t<p>1967 y\u0131l\u0131nda \u0130zmir'de do\u011fdu. 1984 y\u0131l\u0131nda Ege \u00dcniversitesi Devlet T\u00fcrk Musikisi Konservatuvar\u0131'na girdi ve 1989 y\u0131l\u0131nda mezun oldu. Ayn\u0131 y\u0131l, mezun oldu\u011fu kuruma Ara\u015ft\u0131rma G\u00f6revlisi olarak atand\u0131.\n1993 y\u0131l\u0131nda, Ege \u00dcniversitesi Sosyal Bilimler Enstit\u00fcs\u00fc Temel Bilimler Anabilim Dal\u0131 T\u00fcrk Sanat M\u00fczi\u011fi program\u0131nda \u201cKem\u00e2ni Haydar Tatl\u0131yay (Hayat\u0131 ve Eserleri)\u201d ba\u015fl\u0131kl\u0131 teziyle y\u00fcksek lisans\u0131n\u0131 tamamlad\u0131. Temel Bilimler B\u00f6l\u00fcm\u00fc T\u00fcrk Klasik M\u00fczi\u011fi Anasanat Dal\u0131 Ba\u015fkanl\u0131\u011f\u0131 ve Konservatuvar M\u00fcd\u00fcr\nYard\u0131mc\u0131l\u0131\u011f\u0131 g\u00f6revlerinde bulundu. Yurt i\u00e7i ve yurt d\u0131\u015f\u0131nda \u00e7e\u015fitli konserlere kat\u0131ld\u0131; bir\u00e7ok konser ger\u00e7ekle\u015ftirdi. Halen Ege \u00dcniversitesi Devlet T\u00fcrk Musikisi Konservatuvar\u0131'nda Solfej, T\u00fcr M\u00fczi\u011fi Nazariyat\u0131 ve Keman dersleri vermekte, \u00e7e\u015fitli amat\u00f6r korolar y\u00f6netmektedir. Evli ve iki \u00e7ocuk babas\u0131d\u0131r.<\/p>\t\t\t\t\t\t\t\t<\/div>\n\t\t\t\t\t<\/div>\n\t\t<\/div>\n\t\t\t\t<div class=\"elementor-column elementor-col-33 elementor-top-column elementor-element elementor-element-60d3430\" data-id=\"60d3430\" data-element_type=\"column\" data-e-type=\"column\" data-settings=\"{&quot;background_background&quot;:&quot;classic&quot;}\">\n\t\t\t<div class=\"elementor-widget-wrap elementor-element-populated\">\n\t\t\t\t\t\t<div class=\"elementor-element elementor-element-1d24f0a elementor-widget elementor-widget-spacer\" data-id=\"1d24f0a\" data-element_type=\"widget\" data-e-type=\"widget\" data-widget_type=\"spacer.default\">\n\t\t\t\t\t\t\t<div class=\"elementor-spacer\">\n\t\t\t<div class=\"elementor-spacer-inner\"><\/div>\n\t\t<\/div>\n\t\t\t\t\t\t<\/div>\n\t\t\t\t\t<\/div>\n\t\t<\/div>\n\t\t\t\t\t<\/div>\n\t\t<\/section>\n\t\t\t\t<\/div>","protected":false},"excerpt":{"rendered":"<p>ENG\u0130N KARADA\u011e Er wurde 1967 in Izmir geboren. 1984 trat er in das Staatliche T\u00fcrkische Musikkonservatorium der Universit\u00e4t Ege ein und schloss sein Studium 1989 ab. Im selben Jahr wurde er als wissenschaftlicher Mitarbeiter an die Univerit\u00e4t berufen. 1993 beendete er sein Masterstudium am Institut f\u00fcr Sozialwissenschaften der Universit\u00e4t Ege im Fachbereich Grundlagenwissenschaften, Programm f\u00fcr [&hellip;]<\/p>\n","protected":false},"author":1,"featured_media":0,"parent":0,"menu_order":0,"comment_status":"closed","ping_status":"closed","template":"page-full-width.php","meta":{"footnotes":""},"class_list":["post-4459","page","type-page","status-publish","hentry"],"_links":{"self":[{"href":"https:\/\/hwb.thetechvillehub.com\/tr\/wp-json\/wp\/v2\/pages\/4459","targetHints":{"allow":["GET"]}}],"collection":[{"href":"https:\/\/hwb.thetechvillehub.com\/tr\/wp-json\/wp\/v2\/pages"}],"about":[{"href":"https:\/\/hwb.thetechvillehub.com\/tr\/wp-json\/wp\/v2\/types\/page"}],"author":[{"embeddable":true,"href":"https:\/\/hwb.thetechvillehub.com\/tr\/wp-json\/wp\/v2\/users\/1"}],"replies":[{"embeddable":true,"href":"https:\/\/hwb.thetechvillehub.com\/tr\/wp-json\/wp\/v2\/comments?post=4459"}],"version-history":[{"count":18,"href":"https:\/\/hwb.thetechvillehub.com\/tr\/wp-json\/wp\/v2\/pages\/4459\/revisions"}],"predecessor-version":[{"id":5927,"href":"https:\/\/hwb.thetechvillehub.com\/tr\/wp-json\/wp\/v2\/pages\/4459\/revisions\/5927"}],"wp:attachment":[{"href":"https:\/\/hwb.thetechvillehub.com\/tr\/wp-json\/wp\/v2\/media?parent=4459"}],"curies":[{"name":"wp","href":"https:\/\/api.w.org\/{rel}","templated":true}]}}