{"id":4467,"date":"2025-11-17T13:11:20","date_gmt":"2025-11-17T13:11:20","guid":{"rendered":"https:\/\/hwb.thetechvillehub.com\/?page_id=4467"},"modified":"2025-12-08T14:00:22","modified_gmt":"2025-12-08T14:00:22","slug":"dozenten-kemal-zulal","status":"publish","type":"page","link":"https:\/\/hwb.thetechvillehub.com\/tr\/dozenten-kemal-zulal\/","title":{"rendered":"dozenten-Kemal Zulal"},"content":{"rendered":"<div data-elementor-type=\"wp-page\" data-elementor-id=\"4467\" class=\"elementor elementor-4467\" data-elementor-post-type=\"page\">\n\t\t\t\t\t\t<section class=\"elementor-section elementor-top-section elementor-element elementor-element-d62c380 elementor-section-full_width elementor-section-height-default elementor-section-height-default qodef-elementor-content-no\" data-id=\"d62c380\" data-element_type=\"section\" data-e-type=\"section\">\n\t\t\t\t\t\t<div class=\"elementor-container elementor-column-gap-default\">\n\t\t\t\t\t<div class=\"elementor-column elementor-col-33 elementor-top-column elementor-element elementor-element-7ad80d2 elementor-hidden-tablet elementor-hidden-mobile\" data-id=\"7ad80d2\" data-element_type=\"column\" data-e-type=\"column\" data-settings=\"{&quot;background_background&quot;:&quot;classic&quot;}\">\n\t\t\t<div class=\"elementor-widget-wrap elementor-element-populated\">\n\t\t\t\t\t<div class=\"elementor-background-overlay\"><\/div>\n\t\t\t\t\t\t<div class=\"elementor-element elementor-element-4ae7b48 elementor-widget elementor-widget-spacer\" data-id=\"4ae7b48\" data-element_type=\"widget\" data-e-type=\"widget\" data-widget_type=\"spacer.default\">\n\t\t\t\t\t\t\t<div class=\"elementor-spacer\">\n\t\t\t<div class=\"elementor-spacer-inner\"><\/div>\n\t\t<\/div>\n\t\t\t\t\t\t<\/div>\n\t\t\t\t\t<\/div>\n\t\t<\/div>\n\t\t\t\t<div class=\"elementor-column elementor-col-33 elementor-top-column elementor-element elementor-element-8b496a6\" data-id=\"8b496a6\" data-element_type=\"column\" data-e-type=\"column\">\n\t\t\t<div class=\"elementor-widget-wrap elementor-element-populated\">\n\t\t\t\t\t\t<div class=\"elementor-element elementor-element-77ec771 elementor-widget elementor-widget-songbook_core_section_title\" data-id=\"77ec771\" data-element_type=\"widget\" data-e-type=\"widget\" data-widget_type=\"songbook_core_section_title.default\">\n\t\t\t\t<div class=\"elementor-widget-container\">\n\t\t\t\t\t<div class=\"qodef-shortcode qodef-m  qodef-section-title qodef-alignment--left\">\n\t\t\t<h1 class=\"qodef-m-title\" style=\"margin-top: 11px\">\n\t\t\t\t\tKEMAL Z\u00dcLAL<br \/>\t\t\t<\/h1>\n\t\t<\/div>\t\t\t\t<\/div>\n\t\t\t\t<\/div>\n\t\t\t\t<div class=\"elementor-element elementor-element-f9f9f8a elementor-widget elementor-widget-text-editor\" data-id=\"f9f9f8a\" data-element_type=\"widget\" data-e-type=\"widget\" data-widget_type=\"text-editor.default\">\n\t\t\t\t\t\t\t\t\t<p>Kemal Z\u00fclal 1962 y\u0131l\u0131nda \u0130zmir'de do\u011fdu. \u0130lkokul, ortaokul ve lise e\u011fitimini \u0130zmir'de tamamlad\u0131. Ege \u00dcniversitesi Devlet T\u00fcrk M\u00fczi\u011fi Konservatuar\u0131'ndan, 1988 - 1989 \u00f6\u011fretim y\u0131l\u0131nda e\u011fitimini tamamlay\u0131p mezun oldu. Ayn\u0131 y\u0131l, Gaziantep \u00dcniversitesi Devlet T\u00fcrk M\u00fczi\u011fi Konservatuar\u0131'nda Sanat\u00e7\u0131 \u00f6\u011fretim g\u00f6revlisi olarak \u00e7al\u0131\u015fmaya ba\u015flad\u0131.<\/p><p>Bu s\u00fcre i\u00e7inde Konservatuar M\u00fcd\u00fcr Yard\u0131mc\u0131l\u0131\u011f\u0131, B\u00f6l\u00fcm ba\u015fkanl\u0131\u011f\u0131, Ana Sanat Dal\u0131 Ba\u015fkanl\u0131\u011f\u0131 gibi idari g\u00f6revlerde bulundu. 1999 - 2000 \u00f6\u011fretim y\u0131l\u0131nda, mezun oldu\u011fu Ege \u00dcniversitesi Devlet T\u00fcrk M\u00fczi\u011fi Konservatuar\u0131'nda \u00d6\u011fretim G\u00f6revlisi olarak g\u00f6reve geldi. Bu kurumda da M\u00fcd\u00fcr Yard\u0131mc\u0131l\u0131\u011f\u0131, B\u00f6l\u00fcm Ba\u015fkan Yard\u0131mc\u0131l\u0131\u011f\u0131, Ana Sanat Dal\u0131 Ba\u015fkanl\u0131\u011f\u0131 g\u00f6revlerinde bulundu. 2020 y\u0131l\u0131nda emekli oldu.<\/p><p>M\u00fczik hayat\u0131 hen\u00fcz yedi ya\u015f\u0131nda iken, A\u015f\u0131k Mahsuni \u015eerif ile tan\u0131\u015fmas\u0131 sonucunda ba\u015flad\u0131. Yusuf Kemal Z\u00fclal, g\u00f6rev yapt\u0131\u011f\u0131 kurumlarda, \u00e7e\u015fitli ara\u015ft\u0131rmalar, alan \u00e7al\u0131\u015fmalar\u0131 ve projelerde g\u00f6rev alm\u0131\u015f, y\u00f6netmi\u015ftir. Gaziantep y\u00f6resi T\u00fcrk Halk M\u00fczi\u011fi ve gelenekleri \u00fczerine yapt\u0131\u011f\u0131 \u00e7al\u0131\u015fma ile, b\u00f6lge el sanatlar\u0131, m\u00fczi\u011fi ve k\u00fclt\u00fcr\u00fcne katk\u0131larda bulunmu\u015ftur. Pek \u00e7ok radyo ve televizyon programlar\u0131nda g\u00f6rev alm\u0131\u015ft\u0131r. K\u00fclt\u00fcr Bakanl\u0131\u011f\u0131 T\u00fcrk D\u00fcnyas\u0131 M\u00fczik Toplulu\u011funda \u00e7al\u0131\u015fmalar yapm\u0131\u015f, toplulukla pek \u00e7ok konserler vermi\u015ftir. Meslek hayat\u0131 boyunca bireysel veya toplulukla, yurt i\u00e7i ve yurt d\u0131\u015f\u0131nda konserler vermi\u015f, e\u011fitim ve sempozyumlara kat\u0131lm\u0131\u015ft\u0131r. \u0130zmir \u00e7evresinde pek \u00e7ok yerel y\u00f6netimde k\u00fclt\u00fcr ve sanat dan\u0131\u015fmanl\u0131\u011f\u0131 yapm\u0131\u015f, yerel y\u00f6netimlerde m\u00fczik e\u011fitiminin verilmesi konusunda \u00f6nc\u00fcl\u00fck etmi\u015ftir. \u00c7al\u0131\u015fmalar\u0131na halen devam etmektedir.<\/p>\t\t\t\t\t\t\t\t<\/div>\n\t\t\t\t\t<\/div>\n\t\t<\/div>\n\t\t\t\t<div class=\"elementor-column elementor-col-33 elementor-top-column elementor-element elementor-element-60d3430\" data-id=\"60d3430\" data-element_type=\"column\" data-e-type=\"column\" data-settings=\"{&quot;background_background&quot;:&quot;classic&quot;}\">\n\t\t\t<div class=\"elementor-widget-wrap elementor-element-populated\">\n\t\t\t\t\t\t<div class=\"elementor-element elementor-element-1d24f0a elementor-widget elementor-widget-spacer\" data-id=\"1d24f0a\" data-element_type=\"widget\" data-e-type=\"widget\" data-widget_type=\"spacer.default\">\n\t\t\t\t\t\t\t<div class=\"elementor-spacer\">\n\t\t\t<div class=\"elementor-spacer-inner\"><\/div>\n\t\t<\/div>\n\t\t\t\t\t\t<\/div>\n\t\t\t\t\t<\/div>\n\t\t<\/div>\n\t\t\t\t\t<\/div>\n\t\t<\/section>\n\t\t\t\t<\/div>","protected":false},"excerpt":{"rendered":"<p>KEMAL Z\u00dcLAL Kemal Z\u00fclal wurde 1962 in Izmir geboren. Seine Grund-, Mittel- und Oberschulbildung absolvierte er in Izmir. Im Studienjahr 1988\u20131989 schloss er sein Studium am Staatlichen Konservatorium f\u00fcr T\u00fcrkische Musik der Universit\u00e4t Ege ab. Im selben Jahr begann er als k\u00fcnstlerischer Lehrbeauftragter am Staatlichen Konservatorium f\u00fcr T\u00fcrkische Musik der Universit\u00e4t Gaziantep zu arbeiten. W\u00e4hrend [&hellip;]<\/p>\n","protected":false},"author":1,"featured_media":0,"parent":0,"menu_order":0,"comment_status":"closed","ping_status":"closed","template":"page-full-width.php","meta":{"footnotes":""},"class_list":["post-4467","page","type-page","status-publish","hentry"],"_links":{"self":[{"href":"https:\/\/hwb.thetechvillehub.com\/tr\/wp-json\/wp\/v2\/pages\/4467","targetHints":{"allow":["GET"]}}],"collection":[{"href":"https:\/\/hwb.thetechvillehub.com\/tr\/wp-json\/wp\/v2\/pages"}],"about":[{"href":"https:\/\/hwb.thetechvillehub.com\/tr\/wp-json\/wp\/v2\/types\/page"}],"author":[{"embeddable":true,"href":"https:\/\/hwb.thetechvillehub.com\/tr\/wp-json\/wp\/v2\/users\/1"}],"replies":[{"embeddable":true,"href":"https:\/\/hwb.thetechvillehub.com\/tr\/wp-json\/wp\/v2\/comments?post=4467"}],"version-history":[{"count":21,"href":"https:\/\/hwb.thetechvillehub.com\/tr\/wp-json\/wp\/v2\/pages\/4467\/revisions"}],"predecessor-version":[{"id":6228,"href":"https:\/\/hwb.thetechvillehub.com\/tr\/wp-json\/wp\/v2\/pages\/4467\/revisions\/6228"}],"wp:attachment":[{"href":"https:\/\/hwb.thetechvillehub.com\/tr\/wp-json\/wp\/v2\/media?parent=4467"}],"curies":[{"name":"wp","href":"https:\/\/api.w.org\/{rel}","templated":true}]}}