{"id":4482,"date":"2025-11-17T13:15:55","date_gmt":"2025-11-17T13:15:55","guid":{"rendered":"https:\/\/hwb.thetechvillehub.com\/?page_id=4482"},"modified":"2026-04-01T22:03:11","modified_gmt":"2026-04-01T22:03:11","slug":"dozenten-olga-romanchenko","status":"publish","type":"page","link":"https:\/\/hwb.thetechvillehub.com\/tr\/dozenten-olga-romanchenko\/","title":{"rendered":"dozenten-Olga Romanchenko"},"content":{"rendered":"<div data-elementor-type=\"wp-page\" data-elementor-id=\"4482\" class=\"elementor elementor-4482\" data-elementor-post-type=\"page\">\n\t\t\t\t\t\t<section class=\"elementor-section elementor-top-section elementor-element elementor-element-d62c380 elementor-section-full_width elementor-section-height-default elementor-section-height-default qodef-elementor-content-no\" data-id=\"d62c380\" data-element_type=\"section\" data-e-type=\"section\">\n\t\t\t\t\t\t<div class=\"elementor-container elementor-column-gap-default\">\n\t\t\t\t\t<div class=\"elementor-column elementor-col-33 elementor-top-column elementor-element elementor-element-674e6e0 elementor-hidden-tablet elementor-hidden-mobile\" data-id=\"674e6e0\" data-element_type=\"column\" data-e-type=\"column\" data-settings=\"{&quot;background_background&quot;:&quot;classic&quot;}\">\n\t\t\t<div class=\"elementor-widget-wrap elementor-element-populated\">\n\t\t\t\t\t<div class=\"elementor-background-overlay\"><\/div>\n\t\t\t\t\t\t<div class=\"elementor-element elementor-element-e87ab8a elementor-widget elementor-widget-spacer\" data-id=\"e87ab8a\" data-element_type=\"widget\" data-e-type=\"widget\" data-widget_type=\"spacer.default\">\n\t\t\t\t\t\t\t<div class=\"elementor-spacer\">\n\t\t\t<div class=\"elementor-spacer-inner\"><\/div>\n\t\t<\/div>\n\t\t\t\t\t\t<\/div>\n\t\t\t\t\t<\/div>\n\t\t<\/div>\n\t\t\t\t<div class=\"elementor-column elementor-col-33 elementor-top-column elementor-element elementor-element-8b496a6\" data-id=\"8b496a6\" data-element_type=\"column\" data-e-type=\"column\">\n\t\t\t<div class=\"elementor-widget-wrap elementor-element-populated\">\n\t\t\t\t\t\t<div class=\"elementor-element elementor-element-77ec771 elementor-widget elementor-widget-songbook_core_section_title\" data-id=\"77ec771\" data-element_type=\"widget\" data-e-type=\"widget\" data-widget_type=\"songbook_core_section_title.default\">\n\t\t\t\t<div class=\"elementor-widget-container\">\n\t\t\t\t\t<div class=\"qodef-shortcode qodef-m  qodef-section-title qodef-alignment--left\">\n\t\t\t<h2 class=\"qodef-m-title\" style=\"margin-top: 11px\">\n\t\t\t\t\tOlga Romanchenko<br \/>\t\t\t<\/h2>\n\t\t<\/div>\t\t\t\t<\/div>\n\t\t\t\t<\/div>\n\t\t\t\t<div class=\"elementor-element elementor-element-f9f9f8a elementor-widget elementor-widget-text-editor\" data-id=\"f9f9f8a\" data-element_type=\"widget\" data-e-type=\"widget\" data-widget_type=\"text-editor.default\">\n\t\t\t\t\t\t\t\t\t<p>Piyanist Olga Romanchenko, Ukrayna\u2019n\u0131n Krivoj Rog kentinde do\u011fdu. Yedi ya\u015f\u0131nda ilk piyano dersini ald\u0131. Devlet Donetsk Konservatuvar\u0131\u2019nda piyano ana dal\u0131 olarak enstr\u00fcman pedagojisi e\u011fitimi ald\u0131ktan sonra Berlin\u2019e giderek \u201cHanns Eisler\u201d M\u00fczik Y\u00fcksekokulu\u2019nda, ard\u0131ndan Sanat \u00dcniversitesi\u2019nde (UdK) e\u011fitimine devam etti. Daha sonra Dresden\u2019deki \u201cCarl Maria von Weber\u201d M\u00fczik Y\u00fcksekokulu\u2019nda\npiyano e\u015flik ve korepetisyon alan\u0131nda iki y\u0131ll\u0131k y\u00fcksek lisans program\u0131n\u0131 tamamlad\u0131.\n\n2000 y\u0131l\u0131ndan beri Berlin Sanat \u00dcniversitesi\u2019nde oda m\u00fczi\u011fi ve piyano e\u015flik alanlar\u0131nda \u00f6\u011fretim\ng\u00f6revlisi olarak \u00e7al\u0131\u015fmaktad\u0131r. Berlin ve Almanya\u2019da, Do\u011fu Avrupa m\u00fczi\u011fi ile Rus, Ukrayna ve Yahudi folkloru repertuvar\u0131ndan eserler seslendirdi\u011fi \u00e7ok say\u0131da konser vermektedir.<\/p>\t\t\t\t\t\t\t\t<\/div>\n\t\t\t\t\t<\/div>\n\t\t<\/div>\n\t\t\t\t<div class=\"elementor-column elementor-col-33 elementor-top-column elementor-element elementor-element-60d3430\" data-id=\"60d3430\" data-element_type=\"column\" data-e-type=\"column\" data-settings=\"{&quot;background_background&quot;:&quot;classic&quot;}\">\n\t\t\t<div class=\"elementor-widget-wrap elementor-element-populated\">\n\t\t\t\t\t\t<div class=\"elementor-element elementor-element-1d24f0a elementor-widget elementor-widget-spacer\" data-id=\"1d24f0a\" data-element_type=\"widget\" data-e-type=\"widget\" data-widget_type=\"spacer.default\">\n\t\t\t\t\t\t\t<div class=\"elementor-spacer\">\n\t\t\t<div class=\"elementor-spacer-inner\"><\/div>\n\t\t<\/div>\n\t\t\t\t\t\t<\/div>\n\t\t\t\t\t<\/div>\n\t\t<\/div>\n\t\t\t\t\t<\/div>\n\t\t<\/section>\n\t\t\t\t<\/div>","protected":false},"excerpt":{"rendered":"<p>Olga Romanchenko Die Pianistin Olga Romanchenko wurde in Krivoj Rog\/Ukraine geboren. Mit sieben Jahren erhielt sie den ersten Klavierunterricht. Nach ihrer instrumentalp\u00e4dagogischen Ausbildung mit Hauptfach Klavier am staatlichen Donezker Konservatorium, ging sie nach Berlin und studierte an der Hochschule f\u00fcr Musik \u201eHanns Eisler\u201c und danach an der Universit\u00e4t der K\u00fcnste. Im Anschluss absolvierte sie ein [&hellip;]<\/p>\n","protected":false},"author":1,"featured_media":0,"parent":0,"menu_order":0,"comment_status":"closed","ping_status":"closed","template":"page-full-width.php","meta":{"footnotes":""},"class_list":["post-4482","page","type-page","status-publish","hentry"],"_links":{"self":[{"href":"https:\/\/hwb.thetechvillehub.com\/tr\/wp-json\/wp\/v2\/pages\/4482","targetHints":{"allow":["GET"]}}],"collection":[{"href":"https:\/\/hwb.thetechvillehub.com\/tr\/wp-json\/wp\/v2\/pages"}],"about":[{"href":"https:\/\/hwb.thetechvillehub.com\/tr\/wp-json\/wp\/v2\/types\/page"}],"author":[{"embeddable":true,"href":"https:\/\/hwb.thetechvillehub.com\/tr\/wp-json\/wp\/v2\/users\/1"}],"replies":[{"embeddable":true,"href":"https:\/\/hwb.thetechvillehub.com\/tr\/wp-json\/wp\/v2\/comments?post=4482"}],"version-history":[{"count":18,"href":"https:\/\/hwb.thetechvillehub.com\/tr\/wp-json\/wp\/v2\/pages\/4482\/revisions"}],"predecessor-version":[{"id":7507,"href":"https:\/\/hwb.thetechvillehub.com\/tr\/wp-json\/wp\/v2\/pages\/4482\/revisions\/7507"}],"wp:attachment":[{"href":"https:\/\/hwb.thetechvillehub.com\/tr\/wp-json\/wp\/v2\/media?parent=4482"}],"curies":[{"name":"wp","href":"https:\/\/api.w.org\/{rel}","templated":true}]}}