{"id":4486,"date":"2025-11-17T13:19:37","date_gmt":"2025-11-17T13:19:37","guid":{"rendered":"https:\/\/hwb.thetechvillehub.com\/?page_id=4486"},"modified":"2025-12-22T18:47:40","modified_gmt":"2025-12-22T18:47:40","slug":"dozenten-ozcan-arslan","status":"publish","type":"page","link":"https:\/\/hwb.thetechvillehub.com\/tr\/dozenten-ozcan-arslan\/","title":{"rendered":"dozenten-\u00d6zcan Arslan"},"content":{"rendered":"<div data-elementor-type=\"wp-page\" data-elementor-id=\"4486\" class=\"elementor elementor-4486\" data-elementor-post-type=\"page\">\n\t\t\t\t\t\t<section class=\"elementor-section elementor-top-section elementor-element elementor-element-d62c380 elementor-section-full_width elementor-section-height-default elementor-section-height-default qodef-elementor-content-no\" data-id=\"d62c380\" data-element_type=\"section\" data-e-type=\"section\">\n\t\t\t\t\t\t<div class=\"elementor-container elementor-column-gap-default\">\n\t\t\t\t\t<div class=\"elementor-column elementor-col-33 elementor-top-column elementor-element elementor-element-c76951c elementor-hidden-tablet elementor-hidden-mobile\" data-id=\"c76951c\" data-element_type=\"column\" data-e-type=\"column\" data-settings=\"{&quot;background_background&quot;:&quot;classic&quot;}\">\n\t\t\t<div class=\"elementor-widget-wrap elementor-element-populated\">\n\t\t\t\t\t<div class=\"elementor-background-overlay\"><\/div>\n\t\t\t\t\t\t<div class=\"elementor-element elementor-element-cde395b elementor-widget elementor-widget-spacer\" data-id=\"cde395b\" data-element_type=\"widget\" data-e-type=\"widget\" data-widget_type=\"spacer.default\">\n\t\t\t\t\t\t\t<div class=\"elementor-spacer\">\n\t\t\t<div class=\"elementor-spacer-inner\"><\/div>\n\t\t<\/div>\n\t\t\t\t\t\t<\/div>\n\t\t\t\t\t<\/div>\n\t\t<\/div>\n\t\t\t\t<div class=\"elementor-column elementor-col-33 elementor-top-column elementor-element elementor-element-8b496a6\" data-id=\"8b496a6\" data-element_type=\"column\" data-e-type=\"column\">\n\t\t\t<div class=\"elementor-widget-wrap elementor-element-populated\">\n\t\t\t\t\t\t<div class=\"elementor-element elementor-element-77ec771 elementor-widget elementor-widget-songbook_core_section_title\" data-id=\"77ec771\" data-element_type=\"widget\" data-e-type=\"widget\" data-widget_type=\"songbook_core_section_title.default\">\n\t\t\t\t<div class=\"elementor-widget-container\">\n\t\t\t\t\t<div class=\"qodef-shortcode qodef-m  qodef-section-title qodef-alignment--left\">\n\t\t\t<h1 class=\"qodef-m-title\" style=\"margin-top: 11px\">\n\t\t\t\t\t\u00d6zcan Arslan<br \/>\t\t\t<\/h1>\n\t\t<\/div>\t\t\t\t<\/div>\n\t\t\t\t<\/div>\n\t\t\t\t<div class=\"elementor-element elementor-element-f9f9f8a elementor-widget elementor-widget-text-editor\" data-id=\"f9f9f8a\" data-element_type=\"widget\" data-e-type=\"widget\" data-widget_type=\"text-editor.default\">\n\t\t\t\t\t\t\t\t\t<p>\u00d6zcan Arslan 1970 y\u0131l\u0131nda Tunceli'de do\u011fdu. ilk-orta ve liseyi Tunceli'de okuduktan sonra F\u0131rat\n\u00dcniversitesi 2 y\u0131ll\u0131k Meslek Y\u00fcksek Okulu Elektrik b\u00f6l\u00fcm\u00fcnden mezun oldu. Lise y\u0131llar\u0131nda ba\u011flamayla tan\u0131\u015ft\u0131. Amcas\u0131 olan Adil Arslan'\u0131n te\u015fvi\u011fi ve deste\u011fiyle, Gaziantep \u00dcniversitesi T\u00fcrk Musikisi Devlet Konservatuvar\u0131 s\u0131nav\u0131n\u0131 ba\u015far\u0131yla kazand\u0131. Temel bilimler b\u00f6l\u00fcm\u00fcnde ana sanat dal\u0131 olarak ba\u011flamay\u0131 se\u00e7ti. 5 y\u0131ll\u0131k e\u011fitim esnas\u0131nda gerek halk m\u00fczi\u011fi korosunda, gerekse halk danslar\u0131 m\u00fczisyen kadrolar\u0131nda \u00e7e\u015fitli konser ve festivallerde g\u00f6rev ald\u0131. E\u011fitimini tamamlad\u0131ktan sonra 1996 y\u0131l\u0131nda devlet lisesine m\u00fczik \u00f6\u011fretmeni olarak atand\u0131. 1998 y\u0131l\u0131nda Berlin'de <i>deutsch-t\u00fcrkische<\/i><i>&nbsp;<\/i><i>Musikakademie'de <\/i>2 y\u0131l s\u00fcreyle ba\u011flama dersleri verdi. 2002 -2012 y\u0131llar\u0131 aras\u0131nda Tunceli'de kendi b\u00fcnyesinde ba\u011flama e\u011fitim merkezi kurarak y\u00fczlerce ba\u011flama \u00f6\u011frencisi yeti\u015ftirdi ve bu \u00f6\u011frencilerin baz\u0131lar\u0131 \u00e7e\u015fitli Devlet Konservatuvarlar\u0131n\u0131n s\u0131navlar\u0131n\u0131 ba\u015far\u0131yla kazand\u0131lar.<\/p>\n<p>2012 yl\u0131ndan itibaren tayin isteyerek Ayd\u0131n ilinin Didim il\u00e7esine yerle\u015fti. Halen aktif olarak lisede m\u00fczik \u00f6\u011fretmenli\u011fine devam etmektedir.<\/p>\t\t\t\t\t\t\t\t<\/div>\n\t\t\t\t\t<\/div>\n\t\t<\/div>\n\t\t\t\t<div class=\"elementor-column elementor-col-33 elementor-top-column elementor-element elementor-element-60d3430\" data-id=\"60d3430\" data-element_type=\"column\" data-e-type=\"column\" data-settings=\"{&quot;background_background&quot;:&quot;classic&quot;}\">\n\t\t\t<div class=\"elementor-widget-wrap elementor-element-populated\">\n\t\t\t\t\t\t<div class=\"elementor-element elementor-element-1d24f0a elementor-widget elementor-widget-spacer\" data-id=\"1d24f0a\" data-element_type=\"widget\" data-e-type=\"widget\" data-widget_type=\"spacer.default\">\n\t\t\t\t\t\t\t<div class=\"elementor-spacer\">\n\t\t\t<div class=\"elementor-spacer-inner\"><\/div>\n\t\t<\/div>\n\t\t\t\t\t\t<\/div>\n\t\t\t\t\t<\/div>\n\t\t<\/div>\n\t\t\t\t\t<\/div>\n\t\t<\/section>\n\t\t\t\t<\/div>","protected":false},"excerpt":{"rendered":"<p>\u00d6zcan Arslan \u00d6zcan Arslan wurde 1970 in Tunceli geboren. Nach dem Besuch der Grund-, Mittel- und Oberschule in Tunceli schloss er das zweij\u00e4hrige Elektrotechnikstudium an der Berufshochschule der Universit\u00e4t F\u0131rat ab. W\u00e4hrend seiner Schulzeit kam er erstmals mit der Baglama in Ber\u00fchrung. Durch die Ermutigung und Unterst\u00fctzung seines Onkels Adil Arslan bestand er erfolgreich die [&hellip;]<\/p>\n","protected":false},"author":1,"featured_media":0,"parent":0,"menu_order":0,"comment_status":"closed","ping_status":"closed","template":"page-full-width.php","meta":{"footnotes":""},"class_list":["post-4486","page","type-page","status-publish","hentry"],"_links":{"self":[{"href":"https:\/\/hwb.thetechvillehub.com\/tr\/wp-json\/wp\/v2\/pages\/4486","targetHints":{"allow":["GET"]}}],"collection":[{"href":"https:\/\/hwb.thetechvillehub.com\/tr\/wp-json\/wp\/v2\/pages"}],"about":[{"href":"https:\/\/hwb.thetechvillehub.com\/tr\/wp-json\/wp\/v2\/types\/page"}],"author":[{"embeddable":true,"href":"https:\/\/hwb.thetechvillehub.com\/tr\/wp-json\/wp\/v2\/users\/1"}],"replies":[{"embeddable":true,"href":"https:\/\/hwb.thetechvillehub.com\/tr\/wp-json\/wp\/v2\/comments?post=4486"}],"version-history":[{"count":18,"href":"https:\/\/hwb.thetechvillehub.com\/tr\/wp-json\/wp\/v2\/pages\/4486\/revisions"}],"predecessor-version":[{"id":6431,"href":"https:\/\/hwb.thetechvillehub.com\/tr\/wp-json\/wp\/v2\/pages\/4486\/revisions\/6431"}],"wp:attachment":[{"href":"https:\/\/hwb.thetechvillehub.com\/tr\/wp-json\/wp\/v2\/media?parent=4486"}],"curies":[{"name":"wp","href":"https:\/\/api.w.org\/{rel}","templated":true}]}}