{"id":4498,"date":"2025-11-17T13:27:40","date_gmt":"2025-11-17T13:27:40","guid":{"rendered":"https:\/\/hwb.thetechvillehub.com\/?page_id=4498"},"modified":"2025-11-26T00:05:36","modified_gmt":"2025-11-26T00:05:36","slug":"dozenten-songul-arslan","status":"publish","type":"page","link":"https:\/\/hwb.thetechvillehub.com\/tr\/dozenten-songul-arslan\/","title":{"rendered":"dozenten-Song\u00fcl Arslan"},"content":{"rendered":"<div data-elementor-type=\"wp-page\" data-elementor-id=\"4498\" class=\"elementor elementor-4498\" data-elementor-post-type=\"page\">\n\t\t\t\t\t\t<section class=\"elementor-section elementor-top-section elementor-element elementor-element-d62c380 elementor-section-full_width elementor-section-height-default elementor-section-height-default qodef-elementor-content-no\" data-id=\"d62c380\" data-element_type=\"section\" data-e-type=\"section\">\n\t\t\t\t\t\t<div class=\"elementor-container elementor-column-gap-default\">\n\t\t\t\t\t<div class=\"elementor-column elementor-col-33 elementor-top-column elementor-element elementor-element-22dda0d elementor-hidden-tablet elementor-hidden-mobile\" data-id=\"22dda0d\" data-element_type=\"column\" data-e-type=\"column\" data-settings=\"{&quot;background_background&quot;:&quot;classic&quot;}\">\n\t\t\t<div class=\"elementor-widget-wrap elementor-element-populated\">\n\t\t\t\t\t<div class=\"elementor-background-overlay\"><\/div>\n\t\t\t\t\t\t<div class=\"elementor-element elementor-element-46c5219 elementor-widget elementor-widget-spacer\" data-id=\"46c5219\" data-element_type=\"widget\" data-e-type=\"widget\" data-widget_type=\"spacer.default\">\n\t\t\t\t\t\t\t<div class=\"elementor-spacer\">\n\t\t\t<div class=\"elementor-spacer-inner\"><\/div>\n\t\t<\/div>\n\t\t\t\t\t\t<\/div>\n\t\t\t\t\t<\/div>\n\t\t<\/div>\n\t\t\t\t<div class=\"elementor-column elementor-col-33 elementor-top-column elementor-element elementor-element-8b496a6\" data-id=\"8b496a6\" data-element_type=\"column\" data-e-type=\"column\">\n\t\t\t<div class=\"elementor-widget-wrap elementor-element-populated\">\n\t\t\t\t\t\t<div class=\"elementor-element elementor-element-77ec771 elementor-widget elementor-widget-songbook_core_section_title\" data-id=\"77ec771\" data-element_type=\"widget\" data-e-type=\"widget\" data-widget_type=\"songbook_core_section_title.default\">\n\t\t\t\t<div class=\"elementor-widget-container\">\n\t\t\t\t\t<div class=\"qodef-shortcode qodef-m  qodef-section-title qodef-alignment--left\">\n\t\t\t<h1 class=\"qodef-m-title\" style=\"margin-top: 11px\">\n\t\t\t\t\tSong\u00fcl Arslan<br \/>\t\t\t<\/h1>\n\t\t<\/div>\t\t\t\t<\/div>\n\t\t\t\t<\/div>\n\t\t\t\t<div class=\"elementor-element elementor-element-f9f9f8a elementor-widget elementor-widget-text-editor\" data-id=\"f9f9f8a\" data-element_type=\"widget\" data-e-type=\"widget\" data-widget_type=\"text-editor.default\">\n\t\t\t\t\t\t\t\t\t<p>Song\u00fcl Arslan 1973 y\u0131l\u0131nda Almanya\u2018n\u0131n Miltenberg \u015fehrinde do\u011fdu. 13 ya\u015f\u0131nda ailesinin T\u00fcrkiye\u2019ye temelli d\u00f6n\u00fc\u015f karar\u0131yla Gaziantep\u2019e yerle\u015fti. Orta okul ve lise d\u00f6nemlerinde halk oyunlar\u0131na ba\u015flad\u0131. \u00c7e\u015fitli yar\u0131\u015fma ve festivallere kat\u0131ld\u0131. Gaziantep B\u00fcy\u00fck\u015fehir Belediyesi halk oyunlar\u0131 ekibine kat\u0131larak yurt d\u0131\u015f\u0131 g\u00f6sterilerinde bulundu.<\/p><p>1993 y\u0131l\u0131nda Gaziantep \u00dcniversitesi T\u00fcrk Musikisi Devlet Konservatuvar\u0131 T\u00fcrk Halk oyunlar\u0131 s\u0131nav\u0131n\u0131 kazand\u0131 ve 5 y\u0131ll\u0131k e\u011fitimden sonra mezun oldu. T\u00fcrkiye\u2018nin b\u00fct\u00fcn y\u00f6relerinin oyunlar\u0131n\u0131 tav\u0131rlar\u0131yla \u00f6\u011frendi. 5 y\u0131ll\u0131k e\u011fitim s\u00fcrecinde \u00dcniversitenin davet edildi\u011fi bir\u00e7ok g\u00f6steri ve festivallerde etkin bir \u015fekilde gerek ekiple ve gerekse solo danslar\u0131yla boy g\u00f6sterdi.<\/p><p>Ayr\u0131ca T\u00fcrkiye Halk Oyunlar\u0131 Federasyonu j\u00fcri \u00fcyeli\u011fine se\u00e7ildi. 1998 y\u0131l\u0131 itibariyle Berlin\u2019de 2 y\u0131la\na\u015fk\u0131n bir s\u00fcrede <i>deutsch-t\u00fcrkische Musikakademie\u2018de <\/i>halk danslar\u0131 dersleri vererek g\u00f6steriler\nd\u00fczenledi. 2003 y\u0131l\u0131ndan itibaren T\u00fcrkiye\u2018de \u00e7e\u015fitli kolejlerde \u00e7al\u0131\u015ft\u0131ktan sonra 2012 y\u0131l\u0131nda Ayd\u0131n\u2019\u0131n il\u00e7esi olan Didim\u2019e yerle\u015fti. 1 \u00e7ocuk annesi olup halen Didim\u2019de aktif olarak ortaokulda \u00f6gretmenlik yapmaktad\u0131r.<\/p>\t\t\t\t\t\t\t\t<\/div>\n\t\t\t\t\t<\/div>\n\t\t<\/div>\n\t\t\t\t<div class=\"elementor-column elementor-col-33 elementor-top-column elementor-element elementor-element-60d3430\" data-id=\"60d3430\" data-element_type=\"column\" data-e-type=\"column\" data-settings=\"{&quot;background_background&quot;:&quot;classic&quot;}\">\n\t\t\t<div class=\"elementor-widget-wrap elementor-element-populated\">\n\t\t\t\t\t\t<div class=\"elementor-element elementor-element-1d24f0a elementor-widget elementor-widget-spacer\" data-id=\"1d24f0a\" data-element_type=\"widget\" data-e-type=\"widget\" data-widget_type=\"spacer.default\">\n\t\t\t\t\t\t\t<div class=\"elementor-spacer\">\n\t\t\t<div class=\"elementor-spacer-inner\"><\/div>\n\t\t<\/div>\n\t\t\t\t\t\t<\/div>\n\t\t\t\t\t<\/div>\n\t\t<\/div>\n\t\t\t\t\t<\/div>\n\t\t<\/section>\n\t\t\t\t<\/div>","protected":false},"excerpt":{"rendered":"<p>Song\u00fcl Arslan Song\u00fcl Arslan wurde 1973 in Miltenberg, Deutschland, geboren. Mit 13 Jahren zog sie mit ihrer Familie dauerhaft in die T\u00fcrkei und lie\u00df sich in Gaziantep nieder. W\u00e4hrend ihrer Schulzeit begann sie mit dem Volkstanz und nahm an zahlreichen Wettbewerben und Festivals teil. Sie trat der Volkstanzgruppe der Stadtverwaltung Gaziantep bei und nahm an [&hellip;]<\/p>\n","protected":false},"author":1,"featured_media":0,"parent":0,"menu_order":0,"comment_status":"closed","ping_status":"closed","template":"page-full-width.php","meta":{"footnotes":""},"class_list":["post-4498","page","type-page","status-publish","hentry"],"_links":{"self":[{"href":"https:\/\/hwb.thetechvillehub.com\/tr\/wp-json\/wp\/v2\/pages\/4498","targetHints":{"allow":["GET"]}}],"collection":[{"href":"https:\/\/hwb.thetechvillehub.com\/tr\/wp-json\/wp\/v2\/pages"}],"about":[{"href":"https:\/\/hwb.thetechvillehub.com\/tr\/wp-json\/wp\/v2\/types\/page"}],"author":[{"embeddable":true,"href":"https:\/\/hwb.thetechvillehub.com\/tr\/wp-json\/wp\/v2\/users\/1"}],"replies":[{"embeddable":true,"href":"https:\/\/hwb.thetechvillehub.com\/tr\/wp-json\/wp\/v2\/comments?post=4498"}],"version-history":[{"count":12,"href":"https:\/\/hwb.thetechvillehub.com\/tr\/wp-json\/wp\/v2\/pages\/4498\/revisions"}],"predecessor-version":[{"id":5396,"href":"https:\/\/hwb.thetechvillehub.com\/tr\/wp-json\/wp\/v2\/pages\/4498\/revisions\/5396"}],"wp:attachment":[{"href":"https:\/\/hwb.thetechvillehub.com\/tr\/wp-json\/wp\/v2\/media?parent=4498"}],"curies":[{"name":"wp","href":"https:\/\/api.w.org\/{rel}","templated":true}]}}