{"id":4532,"date":"2025-11-17T15:39:27","date_gmt":"2025-11-17T15:39:27","guid":{"rendered":"https:\/\/hwb.thetechvillehub.com\/?page_id=4532"},"modified":"2026-04-07T15:12:56","modified_gmt":"2026-04-07T15:12:56","slug":"impressum","status":"publish","type":"page","link":"https:\/\/hwb.thetechvillehub.com\/tr\/impressum\/","title":{"rendered":"Yasal Bilgiler"},"content":{"rendered":"<div data-elementor-type=\"wp-page\" data-elementor-id=\"4532\" class=\"elementor elementor-4532\" data-elementor-post-type=\"page\">\n\t\t\t\t\t\t<section class=\"elementor-section elementor-top-section elementor-element elementor-element-3979563 elementor-section-height-min-height elementor-section-boxed elementor-section-height-default elementor-section-items-middle qodef-elementor-content-no\" data-id=\"3979563\" data-element_type=\"section\" data-e-type=\"section\" data-settings=\"{&quot;background_background&quot;:&quot;classic&quot;}\">\n\t\t\t\t\t\t<div class=\"elementor-container elementor-column-gap-default\">\n\t\t\t\t\t<div class=\"elementor-column elementor-col-100 elementor-top-column elementor-element elementor-element-708b482\" data-id=\"708b482\" data-element_type=\"column\" data-e-type=\"column\">\n\t\t\t<div class=\"elementor-widget-wrap elementor-element-populated\">\n\t\t\t\t\t\t<div class=\"elementor-element elementor-element-176055c elementor-hidden-desktop elementor-hidden-tablet elementor-hidden-mobile elementor-widget elementor-widget-eael-breadcrumbs\" data-id=\"176055c\" data-element_type=\"widget\" data-e-type=\"widget\" data-widget_type=\"eael-breadcrumbs.default\">\n\t\t\t\t<div class=\"elementor-widget-container\">\n\t\t\t\t\t\t\t<div class=\"eael-breadcrumbs\">\n\t\t\t<div class=\"eael-breadcrumbs__content\"><a href=\"https:\/\/hwb.thetechvillehub.com\/tr\">Home<\/a> <span class=\"eael-breadcrumb-separator\">\/ Kontakt \/<\/span> <span class = \"eael-current\">Sayfa<\/span><\/div>\t\t<\/div>\n\t\t\t\t\t\t<\/div>\n\t\t\t\t<\/div>\n\t\t\t\t<div class=\"elementor-element elementor-element-b953d08 elementor-widget elementor-widget-heading\" data-id=\"b953d08\" data-element_type=\"widget\" data-e-type=\"widget\" data-widget_type=\"heading.default\">\n\t\t\t\t\t<h2 class=\"elementor-heading-title elementor-size-default\">Yasal Bilgiler<\/h2>\t\t\t\t<\/div>\n\t\t\t\t\t<\/div>\n\t\t<\/div>\n\t\t\t\t\t<\/div>\n\t\t<\/section>\n\t\t\t\t<section class=\"elementor-section elementor-top-section elementor-element elementor-element-d5669b3 qodef-elementor-content-grid elementor-section-boxed elementor-section-height-default elementor-section-height-default\" data-id=\"d5669b3\" data-element_type=\"section\" data-e-type=\"section\">\n\t\t\t\t\t\t<div class=\"elementor-container elementor-column-gap-default\">\n\t\t\t\t\t<div class=\"elementor-column elementor-col-100 elementor-top-column elementor-element elementor-element-933bca1\" data-id=\"933bca1\" data-element_type=\"column\" data-e-type=\"column\" data-settings=\"{&quot;background_background&quot;:&quot;classic&quot;}\">\n\t\t\t<div class=\"elementor-widget-wrap elementor-element-populated\">\n\t\t\t\t\t\t<div class=\"elementor-element elementor-element-4eb0319 elementor-widget elementor-widget-text-editor\" data-id=\"4eb0319\" data-element_type=\"widget\" data-e-type=\"widget\" data-widget_type=\"text-editor.default\">\n\t\t\t\t\t\t\t\t\t<p><strong>K\u00e2r amac\u0131 g\u00fctmeyen limited \u015firket (gGmbH)<\/strong><\/p>\n<p><strong><b>Y\u00f6netim Kurulu:<\/b> Veysel Saydan (Genel M\u00fcd\u00fcr), H\u00fcseyin Y\u0131ld\u0131z, \u00d6zcan Arslan<br><\/strong><\/p>\n<p><strong>&nbsp;<\/strong><\/p>\n<p><\/p>\n<p><strong>Adres<\/strong><\/p>\n<p>Deutsch-T\u00fcrkische Musikakademie gGmbH<br>Kyffh\u00e4userstra\u00dfe 23, D\u201310781 Berlin<\/p>\n<p>Telefon: +49-30-217 55 364<\/p>\n<p>Fax: +49-30-217 55 366<\/p>\n<p>E-posta: <a class=\"mail\" href=\"mailto:info@d-t-musikakademie.de\">info@d-t-musikakademie.de<\/a><\/p>\n<p><\/p>\n<p><br><\/p><p>Die Deutsch-T\u00fcrkische Musikakademie gGmbH ist wegen der F\u00f6rderung k\u00fcnstlerischer und kultureller Aktivit\u00e4ten vom Finanzamt f\u00fcr K\u00f6rperschaften I als besonders f\u00f6rderungsw\u00fcrdig und gemeinn\u00fctzig anerkannt.<\/p><p><br><\/p>\n<p><strong>Tescil Mahkemesi:<\/strong> Amtsgericht Berlin-Charlottenburg<br><strong>Ticaret Sicil No:<\/strong> HRB 88848 B<br>Vergi Dairesi: Berlin Kurumlar Vergi Dairesi I<br><strong>Vergi No:<\/strong> 27\/611\/01955<\/p>\n<p><strong>\u0130\u00e7erikten sorumlu:<\/strong> Veysel Saydan<\/p>\n<p><strong>Web tasar\u0131m\u0131:<\/strong> <span style=\"text-decoration: underline;\"><a href=\"http:\/\/oduford.framer.ai\">Kit Ayodeji Odufodunrin<\/a><\/span><\/p>\n<hr>\n<p><strong>&nbsp;<\/strong><\/p>\n<p><strong>Telif Haklar\u0131<\/strong><\/p>\n<p>\u00a9 Deutsch-T\u00fcrkische Musikakademie gGmbH \u2013 T\u00fcm haklar\u0131 sakl\u0131d\u0131r.\nAksi belirtilmedik\u00e7e, bu bilgi sunucusunda yer alan t\u00fcm sayfalar telif hakk\u0131na tabidir. Bu durum \u00f6zellikle metinler, g\u00f6rseller, grafikler, ses, video veya animasyon dosyalar\u0131 ve bunlar\u0131n web sayfalar\u0131ndaki d\u00fczenlemeleri i\u00e7in ge\u00e7erlidir.<br>Bu sayfalar\u0131n veya b\u00f6l\u00fcmlerinin ba\u015fka elektronik ya da bas\u0131l\u0131 yay\u0131nlarda \u00e7o\u011falt\u0131lmas\u0131, kullan\u0131lmas\u0131 ve yay\u0131mlanmas\u0131 (internet d\u00e2hil) yaln\u0131zca \u00f6nceden izin al\u0131nmas\u0131 halinde m\u00fcmk\u00fcnd\u00fcr.<br>Makalelerin ve sunumlar\u0131n kaynak belirtilerek yeniden bas\u0131lmas\u0131na izin verilir.<br>\u0130ndirilebilir olarak sunulan g\u00f6rsellerin kullan\u0131m\u0131 yaln\u0131zca g\u00fcncel bas\u0131n yay\u0131n faaliyetleri amac\u0131yla m\u00fcmk\u00fcnd\u00fcr. Web sayfalar\u0131n\u0131n yay\u0131mlanmas\u0131na ili\u015fkin izin edit\u00f6rl\u00fck taraf\u0131ndan verilebilir (K\u00fcnye).<\/p>\n<p>Baz\u0131 g\u00f6rseller, grafikler, metinler veya di\u011fer dosyalar tamamen ya da k\u0131smen \u00fc\u00e7\u00fcnc\u00fc \u015fah\u0131slara ait telif haklar\u0131na tabi olabilir. Bu internet sitesinde ad\u0131 ge\u00e7en ve \u00fc\u00e7\u00fcnc\u00fc \u015fah\u0131slar taraf\u0131ndan korunuyor olabilecek t\u00fcm marka ve ticari adlar, ilgili y\u00fcr\u00fcrl\u00fckteki marka hukukuna ve tescilli sahiplerinin m\u00fclkiyet haklar\u0131na tabidir. Sadece adlar\u0131n\u0131n ge\u00e7mesi, bu markalar\u0131n \u00fc\u00e7\u00fcnc\u00fc \u015fah\u0131s haklar\u0131yla korunmad\u0131\u011f\u0131 anlam\u0131na gelmez.<\/p>\n<p><\/p>\n<p><strong>&nbsp;<\/strong><\/p>\n<p><strong>Sorumluluk Reddi<\/strong><\/p>\n<p>Deutsch-T\u00fcrkische Musikakademie gGmbH, bu internet sitesinde sunulan bilgileri b\u00fcy\u00fck bir \u00f6zenle haz\u0131rlam\u0131\u015f ve kontrol etmi\u015ftir. Ancak bilgilerin g\u00fcncelli\u011fi, do\u011frulu\u011fu, eksiksizli\u011fi, kalitesi ve her zaman eri\u015filebilirli\u011fi konusunda herhangi bir garanti verilmemektedir.\nAlman Medeni Kanunu\u2019nun (\u00a7 675, f\u0131kra 2) h\u00fck\u00fcmleri sakl\u0131 kalmak kayd\u0131yla, a\u015fa\u011f\u0131daki sorumluluk s\u0131n\u0131rlamas\u0131 ge\u00e7erlidir: Deutsch-T\u00fcrkische Musikakademie gGmbH, internet sitesinde sunulan bilgilerin kullan\u0131m\u0131 veya kullan\u0131lmamas\u0131 sonucu do\u011fabilecek zararlardan sorumlu de\u011fildir. Bu durum, \u00a7 839 BGB (resm\u00ee g\u00f6rev ihlali) kapsam\u0131na giren haller i\u00e7in ge\u00e7erli de\u011fildir.\nBilgisayar vir\u00fcsleri nedeniyle ya da veri indirilmesi, yaz\u0131l\u0131m kurulumu veya kullan\u0131m\u0131 sonucu olu\u015fabilecek zararlardan sorumluluk kabul edilmez.\n\u0130smi belirtilmi\u015f i\u00e7erikler, ilgili yazarlar\u0131n g\u00f6r\u00fc\u015f ve de\u011ferlendirmelerini yans\u0131tmaktad\u0131r. Deutsch-T\u00fcrkische Musikakademie gGmbH, web sayfalar\u0131n\u0131 veya t\u00fcm i\u00e7eri\u011fi \u00f6nceden haber vermeksizin de\u011fi\u015ftirme, geni\u015fletme, silme veya yay\u0131n\u0131 ge\u00e7ici ya da kal\u0131c\u0131 olarak durdurma hakk\u0131n\u0131 sakl\u0131 tutar.<\/p>\n<p><strong>&nbsp;<\/strong><\/p>\n<p><strong>Ba\u011flant\u0131lar ve Y\u00f6nlendirmeler (Disclaimer)<\/strong><\/p>\n<p>Deutsch-T\u00fcrkische Musikakademie gGmbH, y\u00fcr\u00fcrl\u00fckteki yasalara g\u00f6re yaln\u0131zca kendi i\u00e7eriklerinden sorumludur. Di\u011fer sa\u011flay\u0131c\u0131lara ait internet sitelerine verilen ba\u011flant\u0131lar bu i\u00e7eriklerden ayr\u0131d\u0131r. Bu ba\u011flant\u0131lar arac\u0131l\u0131\u011f\u0131yla yaln\u0131zca \u00fc\u00e7\u00fcnc\u00fc taraf i\u00e7eriklerine eri\u015fim sa\u011flanmaktad\u0131r.\nBu \u00fc\u00e7\u00fcnc\u00fc taraf i\u00e7eriklerinden Deutsch-T\u00fcrkische Musikakademie gGmbH sorumlu de\u011fildir; zira bilgi aktar\u0131m\u0131n\u0131 ba\u015flatmaz, al\u0131c\u0131y\u0131 se\u00e7mez ve i\u00e7erikleri se\u00e7mez veya de\u011fi\u015ftirmez. Se\u00e7ilen ba\u011flant\u0131 y\u00f6ntemi nedeniyle bu bilgilerin ge\u00e7ici olarak depolanmas\u0131 da s\u00f6z konusu de\u011fildir.\n\u0130lk ba\u011flant\u0131 s\u0131ras\u0131nda, edit\u00f6rl\u00fck \u00fc\u00e7\u00fcnc\u00fc taraf i\u00e7eri\u011fini olas\u0131 hukuki veya cezai sorumluluk a\u00e7\u0131s\u0131ndan incelemi\u015ftir. Ancak, bir ba\u011flant\u0131n\u0131n hukuki sorumluluk do\u011furdu\u011fu tespit edilirse veya bu durum bildirilirse, s\u00f6z konusu ba\u011flant\u0131 teknik olarak m\u00fcmk\u00fcn ve makul oldu\u011fu \u00f6l\u00e7\u00fcde derhal kald\u0131r\u0131l\u0131r. \u00dc\u00e7\u00fcnc\u00fc taraf bilgilerin kullan\u0131m\u0131 veya kullan\u0131lmamas\u0131 sonucu do\u011fabilecek zararlardan yaln\u0131zca ilgili sayfan\u0131n sa\u011flay\u0131c\u0131s\u0131 sorumludur.<\/p>\t\t\t\t\t\t\t\t<\/div>\n\t\t\t\t\t<\/div>\n\t\t<\/div>\n\t\t\t\t\t<\/div>\n\t\t<\/section>\n\t\t\t\t<\/div>","protected":false},"excerpt":{"rendered":"<p>Home \/ Kontakt \/ Page Impressum Gemeinn\u00fctzige Gesellschaft mit beschr\u00e4nkter Haftung\u2028 Vorstand: Veysel Saydan (Gesch\u00e4ftsf\u00fchrer), H\u00fcseyin Y\u0131ld\u0131z und \u00d6zcan Arslan &nbsp; Adresse Deutsch-T\u00fcrkische Musikakademie gGmbHKyffh\u00e4userstra\u00dfe 23, D\u201310781 Berlin Telefon: +49-30-217 55 364 Fax: +49-30-217 55 366 E-Mail: info@d-t-musikakademie.de Die Deutsch-T\u00fcrkische Musikakademie gGmbH ist wegen der F\u00f6rderung k\u00fcnstlerischer und kultureller Aktivit\u00e4ten vom Finanzamt f\u00fcr K\u00f6rperschaften I [&hellip;]<\/p>\n","protected":false},"author":1,"featured_media":0,"parent":0,"menu_order":0,"comment_status":"closed","ping_status":"closed","template":"page-full-width.php","meta":{"footnotes":""},"class_list":["post-4532","page","type-page","status-publish","hentry"],"_links":{"self":[{"href":"https:\/\/hwb.thetechvillehub.com\/tr\/wp-json\/wp\/v2\/pages\/4532","targetHints":{"allow":["GET"]}}],"collection":[{"href":"https:\/\/hwb.thetechvillehub.com\/tr\/wp-json\/wp\/v2\/pages"}],"about":[{"href":"https:\/\/hwb.thetechvillehub.com\/tr\/wp-json\/wp\/v2\/types\/page"}],"author":[{"embeddable":true,"href":"https:\/\/hwb.thetechvillehub.com\/tr\/wp-json\/wp\/v2\/users\/1"}],"replies":[{"embeddable":true,"href":"https:\/\/hwb.thetechvillehub.com\/tr\/wp-json\/wp\/v2\/comments?post=4532"}],"version-history":[{"count":58,"href":"https:\/\/hwb.thetechvillehub.com\/tr\/wp-json\/wp\/v2\/pages\/4532\/revisions"}],"predecessor-version":[{"id":7736,"href":"https:\/\/hwb.thetechvillehub.com\/tr\/wp-json\/wp\/v2\/pages\/4532\/revisions\/7736"}],"wp:attachment":[{"href":"https:\/\/hwb.thetechvillehub.com\/tr\/wp-json\/wp\/v2\/media?parent=4532"}],"curies":[{"name":"wp","href":"https:\/\/api.w.org\/{rel}","templated":true}]}}