{"id":5348,"date":"2025-11-25T23:56:13","date_gmt":"2025-11-25T23:56:13","guid":{"rendered":"https:\/\/hwb.thetechvillehub.com\/?page_id=5348"},"modified":"2026-05-15T10:24:53","modified_gmt":"2026-05-15T10:24:53","slug":"dozenten-cornelia-weyhmann","status":"publish","type":"page","link":"https:\/\/hwb.thetechvillehub.com\/tr\/dozenten-cornelia-weyhmann\/","title":{"rendered":"dozenten-Cornelia Weyhmann"},"content":{"rendered":"<div data-elementor-type=\"wp-page\" data-elementor-id=\"5348\" class=\"elementor elementor-5348\" data-elementor-post-type=\"page\">\n\t\t\t\t\t\t<section class=\"elementor-section elementor-top-section elementor-element elementor-element-d62c380 elementor-section-full_width elementor-section-height-default elementor-section-height-default qodef-elementor-content-no\" data-id=\"d62c380\" data-element_type=\"section\" data-e-type=\"section\">\n\t\t\t\t\t\t<div class=\"elementor-container elementor-column-gap-default\">\n\t\t\t\t\t<div class=\"elementor-column elementor-col-33 elementor-top-column elementor-element elementor-element-f88c9a4 elementor-hidden-tablet elementor-hidden-mobile\" data-id=\"f88c9a4\" data-element_type=\"column\" data-e-type=\"column\" data-settings=\"{&quot;background_background&quot;:&quot;classic&quot;}\">\n\t\t\t<div class=\"elementor-widget-wrap elementor-element-populated\">\n\t\t\t\t\t<div class=\"elementor-background-overlay\"><\/div>\n\t\t\t\t\t\t<div class=\"elementor-element elementor-element-34d7b5e elementor-widget elementor-widget-spacer\" data-id=\"34d7b5e\" data-element_type=\"widget\" data-e-type=\"widget\" data-widget_type=\"spacer.default\">\n\t\t\t\t\t\t\t<div class=\"elementor-spacer\">\n\t\t\t<div class=\"elementor-spacer-inner\"><\/div>\n\t\t<\/div>\n\t\t\t\t\t\t<\/div>\n\t\t\t\t\t<\/div>\n\t\t<\/div>\n\t\t\t\t<div class=\"elementor-column elementor-col-33 elementor-top-column elementor-element elementor-element-8b496a6\" data-id=\"8b496a6\" data-element_type=\"column\" data-e-type=\"column\">\n\t\t\t<div class=\"elementor-widget-wrap elementor-element-populated\">\n\t\t\t\t\t\t<div class=\"elementor-element elementor-element-77ec771 elementor-widget elementor-widget-songbook_core_section_title\" data-id=\"77ec771\" data-element_type=\"widget\" data-e-type=\"widget\" data-widget_type=\"songbook_core_section_title.default\">\n\t\t\t\t<div class=\"elementor-widget-container\">\n\t\t\t\t\t<div class=\"qodef-shortcode qodef-m  qodef-section-title qodef-alignment--left\">\n\t\t<h6 class=\"qodef-m-subtitle\" >\n\t\t<span>\n\t\t\tAn\u0131s\u0131na\t\t<\/span>\n\t<\/h6>\n\t\t<h1 class=\"qodef-m-title\" style=\"margin-top: 11px\">\n\t\t\t\t\tCORNELIA WEYHMANN<br \/>\t\t\t<\/h1>\n\t\t<\/div>\t\t\t\t<\/div>\n\t\t\t\t<\/div>\n\t\t\t\t<div class=\"elementor-element elementor-element-f9f9f8a elementor-widget elementor-widget-text-editor\" data-id=\"f9f9f8a\" data-element_type=\"widget\" data-e-type=\"widget\" data-widget_type=\"text-editor.default\">\n\t\t\t\t\t\t\t\t\t<p class=\"s6\"><span class=\"s4\">5 ya\u015f\u0131nda ilk m\u00fczik derslerini ald\u0131. <\/span><\/p><p class=\"s6 translation-block\">\u00dcst\u00fcn yetenekliler i\u00e7in kurulan Dounias-Sindermann\nUluslararas\u0131 Piyanist Okulu'na kabul edildi. Steinway Piyano Yar\u0131\u015fmalar\u0131\u2019nda art arda 8 kez birincilik kazand\u0131, ayr\u0131ca \"Jugend musiziert\" (Gen\u00e7ler M\u00fczik Yar\u0131\u015fmas\u0131) kapsam\u0131nda eyalet ve ulusal d\u00fczeyde \u00f6d\u00fcller ald\u0131.<\/p><p class=\"s6 translation-block\">Berlin Senatosu\u2019nun yetenek sunumlar\u0131 kapsam\u0131nda Berlin Filarmoni Salonu, Berlin Sanat \u00dcniversitesi (UdK) Konser Salonu ve Rundfunk Evi gibi \u00f6nemli mek\u00e2nlarda sahne ald\u0131; bir\u00e7ok radyo ve televizyon konserine kat\u0131ld\u0131.<\/p><p class=\"s6 translation-block\">Berlin M\u00fczik Y\u00fcksekokulu\u2019nda (g\u00fcn\u00fcm\u00fczde UdK) Prof. Gerhard Puchelt ve Daniel H\u00f6xter (\u0130srail) ile piyano ana dal\u0131nda y\u00fcksek \u00f6\u011frenim g\u00f6rd\u00fc. Daha \u00f6\u011frencili\u011finin ba\u015f\u0131nda, Berlin\u2019deki bir devlet m\u00fczik okulunda en gen\u00e7 e\u011fitmen olarak \u00f6\u011fretmenlik yapmaya ba\u015flad\u0131.\nBa\u015fl\u0131ca ba\u015far\u0131lar\u0131:<\/p><p class=\"s7 translation-block\">Berlin Piyano Y\u00fcksekokul Yar\u0131\u015fmas\u0131 birincili\u011fi<\/p><p class=\"s8 translation-block\">GEDOK Vakf\u0131 Yar\u0131\u015fmas\u0131 birincili\u011fi ve ard\u0131ndan gelen solo turne<\/p><p class=\"s9 translation-block\"><span class=\"s4\">Erste<\/span> <span class=\"s4\">Lehrverpflichtungen<\/span> <span class=\"s4\">schon<\/span> <span class=\"s4\">zu<\/span> <span class=\"s4\">Beginn<\/span> <span class=\"s4\">des<\/span> <span class=\"s4\">Studium<\/span> <span class=\"s4\">als<\/span> <span class=\"s4\">j\u00fcngste<\/span> <span class=\"s4\">Dozentin<\/span> <span class=\"s4\">an<\/span> <span class=\"s4\">einer Staatlichen Berliner Musikschule.<\/span><\/p><p class=\"s10 translation-block\">1979 y\u0131l\u0131nda Konser S\u0131nav\u0131\u2019n\u0131 (K\u00fcnstlerisches Konzertexamen) oybirli\u011fiyle en y\u00fcksek not olan\n1,0 ile tamamlad\u0131. 1979\u20131981 y\u0131llar\u0131nda New York Uluslararas\u0131 E\u011fitim Enstit\u00fcs\u00fc (IIE)\ntaraf\u0131ndan verilen tam bursla ABD\u2019deki Indiana \u00dcniversitesi M\u00fczik Fak\u00fcltesi\u2019nde (Bloomington) e\u011fitim ald\u0131. John Ogdon, Balint Vaszony, Gy\u00f6rgy Seb\u00f6k, Janos Starker, Georges Jantzer, Margaret Harshaw ve Yuval Yaron gibi d\u00fcnyaca \u00fcnl\u00fc m\u00fczisyenlerin ustal\u0131k s\u0131n\u0131flar\u0131na kat\u0131ld\u0131.<\/p><p class=\"s9 translation-block\">1982\u20132021 y\u0131llar\u0131 aras\u0131nda Berlin City West M\u00fczik Okulu\u2019nda e\u011fitmenlik yapt\u0131; odak noktas\u0131, \u00fcniversiteye haz\u0131rl\u0131k ve yetenekli \u00f6\u011frencilerin desteklenmesiydi.<\/p><p class=\"s11 translation-block\">2013 y\u0131l\u0131nda Berlin Sanat \u00dcniversitesi\u2019nde (UdK) piyano pedagojisi mentorlu\u011fu g\u00f6revini \u00fcstlendi.<\/p><p class=\"s10 translation-block\">1994\u2019te, Berlin K\u00fclt\u00fcr Senatosu\u2019nun deste\u011fiyle bestelenen b\u00fcy\u00fck bir eser (piyano ve klarnet i\u00e7in) Konzerthaus Berlin\u2019de Dietrich Steinbeck moderat\u00f6rl\u00fc\u011f\u00fcnde, s\u00f6yle\u015fili konser olarak ilk kez seslendirildi; konser radyoda canl\u0131 yay\u0131nland\u0131.<\/p><p class=\"s9 translation-block\">Berlin Filarmoni Orkestras\u0131, Berlin Alman Operas\u0131, Berlin Radyo Senfoni Orkestras\u0131 (RSO), Musagetes Nefesli Be\u015flisi ve G\u00f6tz Yayl\u0131 \u00c7alg\u0131lar D\u00f6rtl\u00fcs\u00fc gibi tan\u0131nm\u0131\u015f topluluklar\u0131n \u00fcyeleriyle duo ve oda m\u00fczi\u011fi gruplar\u0131nda sahne ald\u0131.<\/p><p class=\"s12 translation-block\">Alt\u0131 kez \"Jugend musiziert\" yar\u0131\u015fmas\u0131n\u0131n (Berlin ve Almanya finalleri) ve Steinway Piyano Yar\u0131\u015fmalar\u0131\u2019n\u0131n j\u00fcri \u00fcyeli\u011fini yapt\u0131.<\/p><p class=\"s6 translation-block\">2014 y\u0131l\u0131nda, Berlin Morgenpost gazetesiyle yap\u0131lan r\u00f6portajlar ve rbb Kulturradio'da yetenekli gen\u00e7lerin kariyer geli\u015fimi \u00fczerine haz\u0131rlanan bir k\u00fclt\u00fcr program\u0131na katk\u0131 sa\u011flad\u0131.<\/p><p class=\"s14 translation-block\">2021 y\u0131l\u0131nda deutsch-t\u00fcrkische Musikakademie\u2019de piyano dersleri vermeye ba\u015flad\u0131.<\/p>\t\t\t\t\t\t\t\t<\/div>\n\t\t\t\t\t<\/div>\n\t\t<\/div>\n\t\t\t\t<div class=\"elementor-column elementor-col-33 elementor-top-column elementor-element elementor-element-60d3430\" data-id=\"60d3430\" data-element_type=\"column\" data-e-type=\"column\" data-settings=\"{&quot;background_background&quot;:&quot;classic&quot;}\">\n\t\t\t<div class=\"elementor-widget-wrap elementor-element-populated\">\n\t\t\t\t\t\t<div class=\"elementor-element elementor-element-1d24f0a elementor-widget elementor-widget-spacer\" data-id=\"1d24f0a\" data-element_type=\"widget\" data-e-type=\"widget\" data-widget_type=\"spacer.default\">\n\t\t\t\t\t\t\t<div class=\"elementor-spacer\">\n\t\t\t<div class=\"elementor-spacer-inner\"><\/div>\n\t\t<\/div>\n\t\t\t\t\t\t<\/div>\n\t\t\t\t\t<\/div>\n\t\t<\/div>\n\t\t\t\t\t<\/div>\n\t\t<\/section>\n\t\t\t\t<\/div>","protected":false},"excerpt":{"rendered":"<p>In Memoriam Cornelia Weyhmann Erster Musikunterricht mit 5 Jahren. Aufnahme in die Internationale Pianistenschule Dounias-Sindermann f\u00fcr Hochbegabte. 8 mal Siegerin in Folge bei den Steinway-Klavierwettbewerben, Landes- und Bundespreistr\u00e4gerin bei &#8218;Jugend musiziert&#8216;. Auftritte bei den Talente-Pr\u00e4sentationen des Berliner Senats in der Berliner Philharmonie, dem Saal der UdK und im Haus des Rundfunks, zahlreiche Radio -und TV-Konzerte. [&hellip;]<\/p>\n","protected":false},"author":1,"featured_media":0,"parent":0,"menu_order":0,"comment_status":"closed","ping_status":"closed","template":"page-full-width.php","meta":{"footnotes":""},"class_list":["post-5348","page","type-page","status-publish","hentry"],"_links":{"self":[{"href":"https:\/\/hwb.thetechvillehub.com\/tr\/wp-json\/wp\/v2\/pages\/5348","targetHints":{"allow":["GET"]}}],"collection":[{"href":"https:\/\/hwb.thetechvillehub.com\/tr\/wp-json\/wp\/v2\/pages"}],"about":[{"href":"https:\/\/hwb.thetechvillehub.com\/tr\/wp-json\/wp\/v2\/types\/page"}],"author":[{"embeddable":true,"href":"https:\/\/hwb.thetechvillehub.com\/tr\/wp-json\/wp\/v2\/users\/1"}],"replies":[{"embeddable":true,"href":"https:\/\/hwb.thetechvillehub.com\/tr\/wp-json\/wp\/v2\/comments?post=5348"}],"version-history":[{"count":25,"href":"https:\/\/hwb.thetechvillehub.com\/tr\/wp-json\/wp\/v2\/pages\/5348\/revisions"}],"predecessor-version":[{"id":7815,"href":"https:\/\/hwb.thetechvillehub.com\/tr\/wp-json\/wp\/v2\/pages\/5348\/revisions\/7815"}],"wp:attachment":[{"href":"https:\/\/hwb.thetechvillehub.com\/tr\/wp-json\/wp\/v2\/media?parent=5348"}],"curies":[{"name":"wp","href":"https:\/\/api.w.org\/{rel}","templated":true}]}}