{"id":6867,"date":"2026-03-16T09:09:37","date_gmt":"2026-03-16T09:09:37","guid":{"rendered":"https:\/\/hwb.thetechvillehub.com\/?page_id=6867"},"modified":"2026-04-02T17:18:09","modified_gmt":"2026-04-02T17:18:09","slug":"impressionen","status":"publish","type":"page","link":"https:\/\/hwb.thetechvillehub.com\/tr\/impressionen\/","title":{"rendered":"G\u00f6r\u00fcnt\u00fcler"},"content":{"rendered":"<div data-elementor-type=\"wp-page\" data-elementor-id=\"6867\" class=\"elementor elementor-6867\" data-elementor-post-type=\"page\">\n\t\t\t\t\t\t<section class=\"elementor-section elementor-top-section elementor-element elementor-element-f003716 elementor-section-height-min-height elementor-section-boxed elementor-section-height-default elementor-section-items-middle qodef-elementor-content-no\" data-id=\"f003716\" data-element_type=\"section\" data-e-type=\"section\" data-settings=\"{&quot;background_background&quot;:&quot;classic&quot;}\">\n\t\t\t\t\t\t<div class=\"elementor-container elementor-column-gap-default\">\n\t\t\t\t\t<div class=\"elementor-column elementor-col-100 elementor-top-column elementor-element elementor-element-d3f7fa5\" data-id=\"d3f7fa5\" data-element_type=\"column\" data-e-type=\"column\">\n\t\t\t<div class=\"elementor-widget-wrap elementor-element-populated\">\n\t\t\t\t\t\t<div class=\"elementor-element elementor-element-353583e elementor-hidden-desktop elementor-hidden-tablet elementor-hidden-mobile elementor-widget elementor-widget-eael-breadcrumbs\" data-id=\"353583e\" data-element_type=\"widget\" data-e-type=\"widget\" data-widget_type=\"eael-breadcrumbs.default\">\n\t\t\t\t<div class=\"elementor-widget-container\">\n\t\t\t\t\t\t\t<div class=\"eael-breadcrumbs\">\n\t\t\t<div class=\"eael-breadcrumbs__content\"><a href=\"https:\/\/hwb.thetechvillehub.com\/tr\">Home<\/a> <span class=\"eael-breadcrumb-separator\">\/<\/span> <span class = \"eael-current\">Sayfa<\/span><\/div>\t\t<\/div>\n\t\t\t\t\t\t<\/div>\n\t\t\t\t<\/div>\n\t\t\t\t<div class=\"elementor-element elementor-element-169a83b elementor-icon-list--layout-inline elementor-align-center elementor-list-item-link-full_width elementor-widget elementor-widget-icon-list\" data-id=\"169a83b\" data-element_type=\"widget\" data-e-type=\"widget\" data-widget_type=\"icon-list.default\">\n\t\t\t\t\t\t\t<ul class=\"elementor-icon-list-items elementor-inline-items\">\n\t\t\t\t\t\t\t<li class=\"elementor-icon-list-item elementor-inline-item\">\n\t\t\t\t\t\t\t\t\t\t\t<a href=\"https:\/\/hwb.thetechvillehub.com\/tr\/\">\n\n\t\t\t\t\t\t\t\t\t\t\t<span class=\"elementor-icon-list-text\">Ana Sayfa<\/span>\n\t\t\t\t\t\t\t\t\t\t\t<\/a>\n\t\t\t\t\t\t\t\t\t<\/li>\n\t\t\t\t\t\t\t\t<li class=\"elementor-icon-list-item elementor-inline-item\">\n\t\t\t\t\t\t\t\t\t\t<span class=\"elementor-icon-list-text\">\u00d6\u011fretim elemanlar\u0131 <\/span>\n\t\t\t\t\t\t\t\t\t<\/li>\n\t\t\t\t\t\t<\/ul>\n\t\t\t\t\t\t<\/div>\n\t\t\t\t<div class=\"elementor-element elementor-element-abe3cdf elementor-widget elementor-widget-heading\" data-id=\"abe3cdf\" data-element_type=\"widget\" data-e-type=\"widget\" data-widget_type=\"heading.default\">\n\t\t\t\t\t<h2 class=\"elementor-heading-title elementor-size-default\">G\u00f6r\u00fcnt\u00fcler<\/h2>\t\t\t\t<\/div>\n\t\t\t\t\t<\/div>\n\t\t<\/div>\n\t\t\t\t\t<\/div>\n\t\t<\/section>\n\t\t\t\t<section class=\"elementor-section elementor-top-section elementor-element elementor-element-c3d8575 elementor-section-boxed elementor-section-height-default elementor-section-height-default qodef-elementor-content-no\" data-id=\"c3d8575\" data-element_type=\"section\" data-e-type=\"section\">\n\t\t\t\t\t\t<div class=\"elementor-container elementor-column-gap-default\">\n\t\t\t\t\t<div class=\"elementor-column elementor-col-100 elementor-top-column elementor-element elementor-element-296b952\" data-id=\"296b952\" data-element_type=\"column\" data-e-type=\"column\">\n\t\t\t<div class=\"elementor-widget-wrap elementor-element-populated\">\n\t\t\t\t\t\t<div class=\"elementor-element elementor-element-224dfb8 elementor-widget elementor-widget-qi_addons_for_elementor_image_gallery_pinterest\" data-id=\"224dfb8\" data-element_type=\"widget\" data-e-type=\"widget\" data-widget_type=\"qi_addons_for_elementor_image_gallery_pinterest.default\">\n\t\t\t\t<div class=\"elementor-widget-container\">\n\t\t\t\t\t<div class=\"qodef-shortcode qodef-m qodef-qi-image-gallery-pinterest qodef-qi-fslightbox-popup qodef-popup-gallery qodef-image--hover-zoom qodef-qi-grid qodef-layout--qi-masonry qodef-col-num--3 qodef-responsive--predefined\">\n\t<div class=\"qodef-grid-inner\">\n\t\t\t<div class=\"qodef-qi-grid-masonry-sizer\"><\/div>\n<div class=\"qodef-e qodef-image-wrapper qodef-grid-item\">\n\t<div class=\"qodef-e-inner\">\n\t\t\t\t\t<a class=\"qodef-popup-item\" itemprop=\"image\" href=\"https:\/\/hwb.thetechvillehub.com\/wp-content\/uploads\/2026\/03\/Ali-Eba-ve-Adil-30-scaled.jpeg\" data-type=\"image\" data-fslightbox=\"gallery-33\">\n\t\t\t\t\t<img fetchpriority=\"high\" decoding=\"async\" width=\"1716\" height=\"2560\" src=\"https:\/\/hwb.thetechvillehub.com\/wp-content\/uploads\/2026\/03\/Ali-Eba-ve-Adil-30-scaled.jpeg\" class=\"attachment-full size-full\" alt=\"\" srcset=\"https:\/\/hwb.thetechvillehub.com\/wp-content\/uploads\/2026\/03\/Ali-Eba-ve-Adil-30-scaled.jpeg 1716w, https:\/\/hwb.thetechvillehub.com\/wp-content\/uploads\/2026\/03\/Ali-Eba-ve-Adil-30-201x300.jpeg 201w, https:\/\/hwb.thetechvillehub.com\/wp-content\/uploads\/2026\/03\/Ali-Eba-ve-Adil-30-686x1024.jpeg 686w, https:\/\/hwb.thetechvillehub.com\/wp-content\/uploads\/2026\/03\/Ali-Eba-ve-Adil-30-768x1146.jpeg 768w, https:\/\/hwb.thetechvillehub.com\/wp-content\/uploads\/2026\/03\/Ali-Eba-ve-Adil-30-1030x1536.jpeg 1030w, https:\/\/hwb.thetechvillehub.com\/wp-content\/uploads\/2026\/03\/Ali-Eba-ve-Adil-30-1373x2048.jpeg 1373w, https:\/\/hwb.thetechvillehub.com\/wp-content\/uploads\/2026\/03\/Ali-Eba-ve-Adil-30-8x12.jpeg 8w\" sizes=\"(max-width: 1716px) 100vw, 1716px\" \/>\t\t\t\t\t<\/a>\n\t\t\t<\/div>\n<\/div>\n<div class=\"qodef-e qodef-image-wrapper qodef-grid-item\">\n\t<div class=\"qodef-e-inner\">\n\t\t\t\t\t<a class=\"qodef-popup-item\" itemprop=\"image\" href=\"https:\/\/hwb.thetechvillehub.com\/wp-content\/uploads\/2026\/03\/Cello-Marika-Gejrot_6666.jpeg\" data-type=\"image\" data-fslightbox=\"gallery-33\">\n\t\t\t\t\t<img decoding=\"async\" width=\"1873\" height=\"1360\" src=\"https:\/\/hwb.thetechvillehub.com\/wp-content\/uploads\/2026\/03\/Cello-Marika-Gejrot_6666.jpeg\" class=\"attachment-full size-full\" alt=\"\" srcset=\"https:\/\/hwb.thetechvillehub.com\/wp-content\/uploads\/2026\/03\/Cello-Marika-Gejrot_6666.jpeg 1873w, https:\/\/hwb.thetechvillehub.com\/wp-content\/uploads\/2026\/03\/Cello-Marika-Gejrot_6666-300x218.jpeg 300w, https:\/\/hwb.thetechvillehub.com\/wp-content\/uploads\/2026\/03\/Cello-Marika-Gejrot_6666-1024x744.jpeg 1024w, https:\/\/hwb.thetechvillehub.com\/wp-content\/uploads\/2026\/03\/Cello-Marika-Gejrot_6666-768x558.jpeg 768w, https:\/\/hwb.thetechvillehub.com\/wp-content\/uploads\/2026\/03\/Cello-Marika-Gejrot_6666-1536x1115.jpeg 1536w, https:\/\/hwb.thetechvillehub.com\/wp-content\/uploads\/2026\/03\/Cello-Marika-Gejrot_6666-18x12.jpeg 18w\" sizes=\"(max-width: 1873px) 100vw, 1873px\" \/>\t\t\t\t\t<\/a>\n\t\t\t<\/div>\n<\/div>\n<div class=\"qodef-e qodef-image-wrapper qodef-grid-item\">\n\t<div class=\"qodef-e-inner\">\n\t\t\t\t\t<a class=\"qodef-popup-item\" itemprop=\"image\" href=\"https:\/\/hwb.thetechvillehub.com\/wp-content\/uploads\/2026\/03\/Erol-Parlak-workshop-DSC03474-scaled.jpg\" data-type=\"image\" data-fslightbox=\"gallery-33\">\n\t\t\t\t\t<img decoding=\"async\" width=\"2560\" height=\"1920\" src=\"https:\/\/hwb.thetechvillehub.com\/wp-content\/uploads\/2026\/03\/Erol-Parlak-workshop-DSC03474-scaled.jpg\" class=\"attachment-full size-full\" alt=\"\" srcset=\"https:\/\/hwb.thetechvillehub.com\/wp-content\/uploads\/2026\/03\/Erol-Parlak-workshop-DSC03474-scaled.jpg 2560w, https:\/\/hwb.thetechvillehub.com\/wp-content\/uploads\/2026\/03\/Erol-Parlak-workshop-DSC03474-300x225.jpg 300w, https:\/\/hwb.thetechvillehub.com\/wp-content\/uploads\/2026\/03\/Erol-Parlak-workshop-DSC03474-1024x768.jpg 1024w, https:\/\/hwb.thetechvillehub.com\/wp-content\/uploads\/2026\/03\/Erol-Parlak-workshop-DSC03474-768x576.jpg 768w, https:\/\/hwb.thetechvillehub.com\/wp-content\/uploads\/2026\/03\/Erol-Parlak-workshop-DSC03474-1536x1152.jpg 1536w, https:\/\/hwb.thetechvillehub.com\/wp-content\/uploads\/2026\/03\/Erol-Parlak-workshop-DSC03474-2048x1536.jpg 2048w, https:\/\/hwb.thetechvillehub.com\/wp-content\/uploads\/2026\/03\/Erol-Parlak-workshop-DSC03474-16x12.jpg 16w\" sizes=\"(max-width: 2560px) 100vw, 2560px\" \/>\t\t\t\t\t<\/a>\n\t\t\t<\/div>\n<\/div>\n<div class=\"qodef-e qodef-image-wrapper qodef-grid-item\">\n\t<div class=\"qodef-e-inner\">\n\t\t\t\t\t<a class=\"qodef-popup-item\" itemprop=\"image\" href=\"https:\/\/hwb.thetechvillehub.com\/wp-content\/uploads\/2026\/03\/Erol-Parlak-Workshop-DSC03499-scaled.jpg\" data-type=\"image\" data-fslightbox=\"gallery-33\">\n\t\t\t\t\t<img loading=\"lazy\" decoding=\"async\" width=\"2560\" height=\"1920\" src=\"https:\/\/hwb.thetechvillehub.com\/wp-content\/uploads\/2026\/03\/Erol-Parlak-Workshop-DSC03499-scaled.jpg\" class=\"attachment-full size-full\" alt=\"\" srcset=\"https:\/\/hwb.thetechvillehub.com\/wp-content\/uploads\/2026\/03\/Erol-Parlak-Workshop-DSC03499-scaled.jpg 2560w, https:\/\/hwb.thetechvillehub.com\/wp-content\/uploads\/2026\/03\/Erol-Parlak-Workshop-DSC03499-300x225.jpg 300w, https:\/\/hwb.thetechvillehub.com\/wp-content\/uploads\/2026\/03\/Erol-Parlak-Workshop-DSC03499-1024x768.jpg 1024w, https:\/\/hwb.thetechvillehub.com\/wp-content\/uploads\/2026\/03\/Erol-Parlak-Workshop-DSC03499-768x576.jpg 768w, https:\/\/hwb.thetechvillehub.com\/wp-content\/uploads\/2026\/03\/Erol-Parlak-Workshop-DSC03499-1536x1152.jpg 1536w, https:\/\/hwb.thetechvillehub.com\/wp-content\/uploads\/2026\/03\/Erol-Parlak-Workshop-DSC03499-2048x1536.jpg 2048w, https:\/\/hwb.thetechvillehub.com\/wp-content\/uploads\/2026\/03\/Erol-Parlak-Workshop-DSC03499-16x12.jpg 16w\" sizes=\"(max-width: 2560px) 100vw, 2560px\" \/>\t\t\t\t\t<\/a>\n\t\t\t<\/div>\n<\/div>\n<div class=\"qodef-e qodef-image-wrapper qodef-grid-item\">\n\t<div class=\"qodef-e-inner\">\n\t\t\t\t\t<a class=\"qodef-popup-item\" itemprop=\"image\" href=\"https:\/\/hwb.thetechvillehub.com\/wp-content\/uploads\/2026\/03\/Kerrstin-mit-ihren-Schulern-20240423_183018-scaled.jpg\" data-type=\"image\" data-fslightbox=\"gallery-33\">\n\t\t\t\t\t<img loading=\"lazy\" decoding=\"async\" width=\"2560\" height=\"1920\" src=\"https:\/\/hwb.thetechvillehub.com\/wp-content\/uploads\/2026\/03\/Kerrstin-mit-ihren-Schulern-20240423_183018-scaled.jpg\" class=\"attachment-full size-full\" alt=\"\" srcset=\"https:\/\/hwb.thetechvillehub.com\/wp-content\/uploads\/2026\/03\/Kerrstin-mit-ihren-Schulern-20240423_183018-scaled.jpg 2560w, https:\/\/hwb.thetechvillehub.com\/wp-content\/uploads\/2026\/03\/Kerrstin-mit-ihren-Schulern-20240423_183018-300x225.jpg 300w, https:\/\/hwb.thetechvillehub.com\/wp-content\/uploads\/2026\/03\/Kerrstin-mit-ihren-Schulern-20240423_183018-1024x768.jpg 1024w, https:\/\/hwb.thetechvillehub.com\/wp-content\/uploads\/2026\/03\/Kerrstin-mit-ihren-Schulern-20240423_183018-768x576.jpg 768w, https:\/\/hwb.thetechvillehub.com\/wp-content\/uploads\/2026\/03\/Kerrstin-mit-ihren-Schulern-20240423_183018-1536x1152.jpg 1536w, https:\/\/hwb.thetechvillehub.com\/wp-content\/uploads\/2026\/03\/Kerrstin-mit-ihren-Schulern-20240423_183018-2048x1536.jpg 2048w, https:\/\/hwb.thetechvillehub.com\/wp-content\/uploads\/2026\/03\/Kerrstin-mit-ihren-Schulern-20240423_183018-16x12.jpg 16w\" sizes=\"(max-width: 2560px) 100vw, 2560px\" \/>\t\t\t\t\t<\/a>\n\t\t\t<\/div>\n<\/div>\n<div class=\"qodef-e qodef-image-wrapper qodef-grid-item\">\n\t<div class=\"qodef-e-inner\">\n\t\t\t\t\t<a class=\"qodef-popup-item\" itemprop=\"image\" href=\"https:\/\/hwb.thetechvillehub.com\/wp-content\/uploads\/2026\/03\/Ozcan-ve-ogrenciler-12-scaled.jpeg\" data-type=\"image\" data-fslightbox=\"gallery-33\">\n\t\t\t\t\t<img loading=\"lazy\" decoding=\"async\" width=\"2560\" height=\"1716\" src=\"https:\/\/hwb.thetechvillehub.com\/wp-content\/uploads\/2026\/03\/Ozcan-ve-ogrenciler-12-scaled.jpeg\" class=\"attachment-full size-full\" alt=\"\" srcset=\"https:\/\/hwb.thetechvillehub.com\/wp-content\/uploads\/2026\/03\/Ozcan-ve-ogrenciler-12-scaled.jpeg 2560w, https:\/\/hwb.thetechvillehub.com\/wp-content\/uploads\/2026\/03\/Ozcan-ve-ogrenciler-12-300x201.jpeg 300w, https:\/\/hwb.thetechvillehub.com\/wp-content\/uploads\/2026\/03\/Ozcan-ve-ogrenciler-12-1024x686.jpeg 1024w, https:\/\/hwb.thetechvillehub.com\/wp-content\/uploads\/2026\/03\/Ozcan-ve-ogrenciler-12-768x515.jpeg 768w, https:\/\/hwb.thetechvillehub.com\/wp-content\/uploads\/2026\/03\/Ozcan-ve-ogrenciler-12-1536x1030.jpeg 1536w, https:\/\/hwb.thetechvillehub.com\/wp-content\/uploads\/2026\/03\/Ozcan-ve-ogrenciler-12-2048x1373.jpeg 2048w, https:\/\/hwb.thetechvillehub.com\/wp-content\/uploads\/2026\/03\/Ozcan-ve-ogrenciler-12-18x12.jpeg 18w\" sizes=\"(max-width: 2560px) 100vw, 2560px\" \/>\t\t\t\t\t<\/a>\n\t\t\t<\/div>\n<\/div>\n<div class=\"qodef-e qodef-image-wrapper qodef-grid-item\">\n\t<div class=\"qodef-e-inner\">\n\t\t\t\t\t<a class=\"qodef-popup-item\" itemprop=\"image\" href=\"https:\/\/hwb.thetechvillehub.com\/wp-content\/uploads\/2026\/03\/Songul-ve-Adil-15-scaled.jpeg\" data-type=\"image\" data-fslightbox=\"gallery-33\">\n\t\t\t\t\t<img loading=\"lazy\" decoding=\"async\" width=\"2560\" height=\"1716\" src=\"https:\/\/hwb.thetechvillehub.com\/wp-content\/uploads\/2026\/03\/Songul-ve-Adil-15-scaled.jpeg\" class=\"attachment-full size-full\" alt=\"\" srcset=\"https:\/\/hwb.thetechvillehub.com\/wp-content\/uploads\/2026\/03\/Songul-ve-Adil-15-scaled.jpeg 2560w, https:\/\/hwb.thetechvillehub.com\/wp-content\/uploads\/2026\/03\/Songul-ve-Adil-15-300x201.jpeg 300w, https:\/\/hwb.thetechvillehub.com\/wp-content\/uploads\/2026\/03\/Songul-ve-Adil-15-1024x686.jpeg 1024w, https:\/\/hwb.thetechvillehub.com\/wp-content\/uploads\/2026\/03\/Songul-ve-Adil-15-768x515.jpeg 768w, https:\/\/hwb.thetechvillehub.com\/wp-content\/uploads\/2026\/03\/Songul-ve-Adil-15-1536x1030.jpeg 1536w, https:\/\/hwb.thetechvillehub.com\/wp-content\/uploads\/2026\/03\/Songul-ve-Adil-15-2048x1373.jpeg 2048w, https:\/\/hwb.thetechvillehub.com\/wp-content\/uploads\/2026\/03\/Songul-ve-Adil-15-18x12.jpeg 18w\" sizes=\"(max-width: 2560px) 100vw, 2560px\" \/>\t\t\t\t\t<\/a>\n\t\t\t<\/div>\n<\/div>\n<div class=\"qodef-e qodef-image-wrapper qodef-grid-item\">\n\t<div class=\"qodef-e-inner\">\n\t\t\t\t\t<a class=\"qodef-popup-item\" itemprop=\"image\" href=\"https:\/\/hwb.thetechvillehub.com\/wp-content\/uploads\/2026\/03\/Songul-ve-ogrenciler-22-scaled.jpeg\" data-type=\"image\" data-fslightbox=\"gallery-33\">\n\t\t\t\t\t<img loading=\"lazy\" decoding=\"async\" width=\"2560\" height=\"1716\" src=\"https:\/\/hwb.thetechvillehub.com\/wp-content\/uploads\/2026\/03\/Songul-ve-ogrenciler-22-scaled.jpeg\" class=\"attachment-full size-full\" alt=\"\" srcset=\"https:\/\/hwb.thetechvillehub.com\/wp-content\/uploads\/2026\/03\/Songul-ve-ogrenciler-22-scaled.jpeg 2560w, https:\/\/hwb.thetechvillehub.com\/wp-content\/uploads\/2026\/03\/Songul-ve-ogrenciler-22-300x201.jpeg 300w, https:\/\/hwb.thetechvillehub.com\/wp-content\/uploads\/2026\/03\/Songul-ve-ogrenciler-22-1024x686.jpeg 1024w, https:\/\/hwb.thetechvillehub.com\/wp-content\/uploads\/2026\/03\/Songul-ve-ogrenciler-22-768x515.jpeg 768w, https:\/\/hwb.thetechvillehub.com\/wp-content\/uploads\/2026\/03\/Songul-ve-ogrenciler-22-1536x1030.jpeg 1536w, https:\/\/hwb.thetechvillehub.com\/wp-content\/uploads\/2026\/03\/Songul-ve-ogrenciler-22-2048x1373.jpeg 2048w, https:\/\/hwb.thetechvillehub.com\/wp-content\/uploads\/2026\/03\/Songul-ve-ogrenciler-22-18x12.jpeg 18w\" sizes=\"(max-width: 2560px) 100vw, 2560px\" \/>\t\t\t\t\t<\/a>\n\t\t\t<\/div>\n<\/div>\n<div class=\"qodef-e qodef-image-wrapper qodef-grid-item\">\n\t<div class=\"qodef-e-inner\">\n\t\t\t\t\t<a class=\"qodef-popup-item\" itemprop=\"image\" href=\"https:\/\/hwb.thetechvillehub.com\/wp-content\/uploads\/2026\/03\/Viktor-und-Lidia-049-scaled.jpg\" data-type=\"image\" data-fslightbox=\"gallery-33\">\n\t\t\t\t\t<img loading=\"lazy\" decoding=\"async\" width=\"2560\" height=\"1920\" src=\"https:\/\/hwb.thetechvillehub.com\/wp-content\/uploads\/2026\/03\/Viktor-und-Lidia-049-scaled.jpg\" class=\"attachment-full size-full\" alt=\"\" srcset=\"https:\/\/hwb.thetechvillehub.com\/wp-content\/uploads\/2026\/03\/Viktor-und-Lidia-049-scaled.jpg 2560w, https:\/\/hwb.thetechvillehub.com\/wp-content\/uploads\/2026\/03\/Viktor-und-Lidia-049-300x225.jpg 300w, https:\/\/hwb.thetechvillehub.com\/wp-content\/uploads\/2026\/03\/Viktor-und-Lidia-049-1024x768.jpg 1024w, https:\/\/hwb.thetechvillehub.com\/wp-content\/uploads\/2026\/03\/Viktor-und-Lidia-049-768x576.jpg 768w, https:\/\/hwb.thetechvillehub.com\/wp-content\/uploads\/2026\/03\/Viktor-und-Lidia-049-1536x1152.jpg 1536w, https:\/\/hwb.thetechvillehub.com\/wp-content\/uploads\/2026\/03\/Viktor-und-Lidia-049-2048x1536.jpg 2048w, https:\/\/hwb.thetechvillehub.com\/wp-content\/uploads\/2026\/03\/Viktor-und-Lidia-049-16x12.jpg 16w\" sizes=\"(max-width: 2560px) 100vw, 2560px\" \/>\t\t\t\t\t<\/a>\n\t\t\t<\/div>\n<\/div>\n<div class=\"qodef-e qodef-image-wrapper qodef-grid-item\">\n\t<div class=\"qodef-e-inner\">\n\t\t\t\t\t<a class=\"qodef-popup-item\" itemprop=\"image\" href=\"https:\/\/hwb.thetechvillehub.com\/wp-content\/uploads\/2026\/03\/Workschop-28a-scaled.jpeg\" data-type=\"image\" data-fslightbox=\"gallery-33\">\n\t\t\t\t\t<img loading=\"lazy\" decoding=\"async\" width=\"2560\" height=\"1716\" src=\"https:\/\/hwb.thetechvillehub.com\/wp-content\/uploads\/2026\/03\/Workschop-28a-scaled.jpeg\" class=\"attachment-full size-full\" alt=\"\" srcset=\"https:\/\/hwb.thetechvillehub.com\/wp-content\/uploads\/2026\/03\/Workschop-28a-scaled.jpeg 2560w, https:\/\/hwb.thetechvillehub.com\/wp-content\/uploads\/2026\/03\/Workschop-28a-300x201.jpeg 300w, https:\/\/hwb.thetechvillehub.com\/wp-content\/uploads\/2026\/03\/Workschop-28a-1024x686.jpeg 1024w, https:\/\/hwb.thetechvillehub.com\/wp-content\/uploads\/2026\/03\/Workschop-28a-768x515.jpeg 768w, https:\/\/hwb.thetechvillehub.com\/wp-content\/uploads\/2026\/03\/Workschop-28a-1536x1030.jpeg 1536w, https:\/\/hwb.thetechvillehub.com\/wp-content\/uploads\/2026\/03\/Workschop-28a-2048x1373.jpeg 2048w, https:\/\/hwb.thetechvillehub.com\/wp-content\/uploads\/2026\/03\/Workschop-28a-18x12.jpeg 18w\" sizes=\"(max-width: 2560px) 100vw, 2560px\" \/>\t\t\t\t\t<\/a>\n\t\t\t<\/div>\n<\/div>\n<div class=\"qodef-e qodef-image-wrapper qodef-grid-item\">\n\t<div class=\"qodef-e-inner\">\n\t\t\t\t\t<a class=\"qodef-popup-item\" itemprop=\"image\" href=\"https:\/\/hwb.thetechvillehub.com\/wp-content\/uploads\/2026\/03\/Berlinert-Konzert-Chor-_99-1.jpeg\" data-type=\"image\" data-fslightbox=\"gallery-33\">\n\t\t\t\t\t<img loading=\"lazy\" decoding=\"async\" width=\"1024\" height=\"585\" src=\"https:\/\/hwb.thetechvillehub.com\/wp-content\/uploads\/2026\/03\/Berlinert-Konzert-Chor-_99-1.jpeg\" class=\"attachment-full size-full\" alt=\"\" srcset=\"https:\/\/hwb.thetechvillehub.com\/wp-content\/uploads\/2026\/03\/Berlinert-Konzert-Chor-_99-1.jpeg 1024w, https:\/\/hwb.thetechvillehub.com\/wp-content\/uploads\/2026\/03\/Berlinert-Konzert-Chor-_99-1-300x171.jpeg 300w, https:\/\/hwb.thetechvillehub.com\/wp-content\/uploads\/2026\/03\/Berlinert-Konzert-Chor-_99-1-768x439.jpeg 768w, https:\/\/hwb.thetechvillehub.com\/wp-content\/uploads\/2026\/03\/Berlinert-Konzert-Chor-_99-1-18x10.jpeg 18w\" sizes=\"(max-width: 1024px) 100vw, 1024px\" \/>\t\t\t\t\t<\/a>\n\t\t\t<\/div>\n<\/div>\n\t<\/div>\n<\/div>\n\t\t\t\t<\/div>\n\t\t\t\t<\/div>\n\t\t\t\t\t<\/div>\n\t\t<\/div>\n\t\t\t\t\t<\/div>\n\t\t<\/section>\n\t\t\t\t<section class=\"elementor-section elementor-top-section elementor-element elementor-element-f48830d elementor-section-boxed elementor-section-height-default elementor-section-height-default qodef-elementor-content-no\" data-id=\"f48830d\" data-element_type=\"section\" data-e-type=\"section\">\n\t\t\t\t\t\t<div class=\"elementor-container elementor-column-gap-default\">\n\t\t\t\t\t<div class=\"elementor-column elementor-col-100 elementor-top-column elementor-element elementor-element-da477dd\" data-id=\"da477dd\" data-element_type=\"column\" data-e-type=\"column\">\n\t\t\t<div class=\"elementor-widget-wrap elementor-element-populated\">\n\t\t\t\t\t\t<div class=\"elementor-element elementor-element-8c3b48a elementor-widget elementor-widget-text-editor\" data-id=\"8c3b48a\" data-element_type=\"widget\" data-e-type=\"widget\" data-widget_type=\"text-editor.default\">\n\t\t\t\t\t\t\t\t\t<p style=\"text-align: center;\">Web sitemizde foto\u011fraflar\u0131yla bize destek olan Deniz Do\u011fan, \u0130lker Maga, Murat Tosun, H\u00fcseyin\n\u0130\u015flek, Mehmet Dede ve Metin Y\u0131lmaz\u2019a te\u015fekk\u00fcr ederiz.<\/p>\t\t\t\t\t\t\t\t<\/div>\n\t\t\t\t\t<\/div>\n\t\t<\/div>\n\t\t\t\t\t<\/div>\n\t\t<\/section>\n\t\t\t\t<\/div>","protected":false},"excerpt":{"rendered":"<p>Home \/ Page Startseite Dozenten IMPRESSIONEN Wir danken Deniz Do\u011fan, \u0130lker Maga, Murat Tosun, H\u00fcseyin \u0130\u015flek, Mehmet Dede\u00a0und Metin Y\u0131lmaz, die uns auf unserer Website mit ihren Fotos unterst\u00fctzt haben.<\/p>","protected":false},"author":1,"featured_media":0,"parent":0,"menu_order":0,"comment_status":"closed","ping_status":"closed","template":"page-full-width.php","meta":{"footnotes":""},"class_list":["post-6867","page","type-page","status-publish","hentry"],"_links":{"self":[{"href":"https:\/\/hwb.thetechvillehub.com\/tr\/wp-json\/wp\/v2\/pages\/6867","targetHints":{"allow":["GET"]}}],"collection":[{"href":"https:\/\/hwb.thetechvillehub.com\/tr\/wp-json\/wp\/v2\/pages"}],"about":[{"href":"https:\/\/hwb.thetechvillehub.com\/tr\/wp-json\/wp\/v2\/types\/page"}],"author":[{"embeddable":true,"href":"https:\/\/hwb.thetechvillehub.com\/tr\/wp-json\/wp\/v2\/users\/1"}],"replies":[{"embeddable":true,"href":"https:\/\/hwb.thetechvillehub.com\/tr\/wp-json\/wp\/v2\/comments?post=6867"}],"version-history":[{"count":66,"href":"https:\/\/hwb.thetechvillehub.com\/tr\/wp-json\/wp\/v2\/pages\/6867\/revisions"}],"predecessor-version":[{"id":7658,"href":"https:\/\/hwb.thetechvillehub.com\/tr\/wp-json\/wp\/v2\/pages\/6867\/revisions\/7658"}],"wp:attachment":[{"href":"https:\/\/hwb.thetechvillehub.com\/tr\/wp-json\/wp\/v2\/media?parent=6867"}],"curies":[{"name":"wp","href":"https:\/\/api.w.org\/{rel}","templated":true}]}}